{"id":4199,"date":"2017-09-21T12:32:25","date_gmt":"2017-09-21T10:32:25","guid":{"rendered":"https:\/\/agh.sk\/technologia\/"},"modified":"2022-08-19T09:11:36","modified_gmt":"2022-08-19T07:11:36","slug":"technologia","status":"publish","type":"page","link":"https:\/\/agh.sk\/hu\/technologia\/","title":{"rendered":"Technol\u00f3gia"},"content":{"rendered":"<p>[vc_row][vc_column]<div  id=\"sc_promo_68091279\" \n\tclass=\"sc_promo sc_promo_default sc_promo_size_large sc_promo_no_paddings sc_promo_no_image\"><div class=\"sc_promo_text\" style=\"width: 100%;\">\n\t\t\t<div class=\"sc_promo_text_inner\" style=\"\"><h2 class=\"sc_item_title sc_promo_title sc_align_center sc_item_title_style_default\">Gy\u00e1rt\u00e1si technol\u00f3gia<\/h2><h6 class=\"sc_item_subtitle sc_promo_subtitle sc_align_center sc_item_title_style_default\">A legmodernebb CNS technol\u00f3gi\u00e1t \u00f6tv\u00f6zz\u00fck a k\u00e9zm\u0171ves kvalit\u00e1ssal<\/h6><div class=\"sc_item_descr sc_promo_descr sc_align_center\">Az innovat\u00edv, sz\u00e1m\u00edt\u00f3g\u00e9ppel vez\u00e9relt CNC technol\u00f3gia garant\u00e1lja term\u00e9keink abszol\u00fat m\u00e9retpontoss\u00e1g\u00e1t \u00e9s alakj\u00e1t. A v\u00e9gterm\u00e9keket k\u00e9zzel festj\u00fck csal\u00e1di m\u0171hely\u00fcnkben. Ez a met\u00f3dus egyr\u00e9szt seb\u00e9szi pontoss\u00e1g\u00fa lakkr\u00e9tegez\u00e9st eredm\u00e9nyez, m\u00e1sfel\u0151l \u00edgy teljesen ellen\u0151rz\u00e9s\u00fcnk alatt tartjuk a fest\u00e9shez sz\u00fcks\u00e9ges \u00f6sszes oldalt. A k\u00e9zi lakkoz\u00e1s biztos\u00edtja a fel\u00fclet t\u00f6k\u00e9letes egyenletess\u00e9g\u00e9t, m\u00edg \u00e9s a kondenz\u00e1ci\u00f3s sz\u00e1r\u00edt\u00f3alag\u00fatban a term\u00e9kek t\u00f6k\u00e9letesen kisz\u00e1radnak. Ez\u00e1ltal rengeteg id\u0151t takar\u00edthatunk meg, \u00e9s a lehet\u0151 leghamarabb sz\u00e1ll\u00edthatjuk \u00d6nnek a k\u00e9sz term\u00e9ket. A gy\u00e1rt\u00e1s automatiz\u00e1l\u00e1sa n\u00e1lunk egybeforr a hagyom\u00e1nyos k\u00e9zm\u0171vess\u00e9ggel. N\u00e9h\u00e1ny finom munka, mint p\u00e9ld\u00e1ul a k\u00f6sz\u00f6r\u00fcl\u00e9s vagy a fent eml\u00edtett lakkoz\u00e1s csak a tapasztalt asztalos \u00fcgyes kezei sz\u00e1m\u00e1ra ide\u00e1lisak.<\/div><div class=\"sc_promo_content sc_item_content\">[vc_column_text]<\/p>\n<p style=\"text-align: center;\"><em>A min\u0151s\u00e9gi alapanyag \u00e9s a legmodernebb technol\u00f3gia a k\u00e9t legfontosabb t\u00e9nyez\u0151 a term\u00e9keink k\u00e9sz\u00edt\u00e9se sor\u00e1n.<\/em><\/p>\n<p>[\/vc_column_text][vc_empty_space height=&#8221;&#8221; alter_height=&#8221;small&#8221; hide_on_mobile=&#8221;&#8221;][vc_row_inner][vc_column_inner width=&#8221;1\/2&#8243;][vc_column_text]<\/p>\n<ul class=\"trx_addons_list trx_addons_list_dot\">\n<li>A gy\u00e1rt\u00e1s az \u00fcgyf\u00e9l k\u00edv\u00e1ns\u00e1g\u00e1nak megfelel\u0151 anyag kiv\u00e1laszt\u00e1s\u00e1val kezd\u0151dik. A robusztus fadarabokat g\u00e9p seg\u00edts\u00e9g\u00e9vel durv\u00e1ra v\u00e1gjuk. Form\u00e1z\u00f3f\u0171r\u00e9sz seg\u00edts\u00e9g\u00e9vel, illetve tov\u00e1bbi kiigaz\u00edt\u00e1sok ut\u00e1n kiv\u00e1gjuk a k\u00edv\u00e1nk term\u00e9kpofilt.<\/li>\n<li>A profil egyes r\u00e9szei a m\u0171helyben mechanikailag \u00f6ssze vannak kapcsolva, k\u00e9zzel lecsiszolva, \u00e1ztatva \u00e9s impregn\u00e1lva. Ezt az elj\u00e1r\u00e1st addig ism\u00e9telj\u00fck, am\u00edg a term\u00e9k k\u00e9szen nem \u00e1ll az alapos fel\u00fcleti lakkoz\u00e1sra.<\/li>\n<\/ul>\n<p>[\/vc_column_text][\/vc_column_inner][vc_column_inner width=&#8221;1\/2&#8243;][vc_column_text]<\/p>\n<ul class=\"trx_addons_list trx_addons_list_dot\">\n<li>A fa-alum\u00ednium ablakok eset\u00e9ben a sz\u00e1rnyakra valamint mag\u00e1ra a keretre min\u0151s\u00e9gi eg\u00e9szker\u00fcletes vasalat ker\u00fcl. Ezut\u00e1n az \u00fcvegez\u00e9s folyamata k\u00f6vetkezik, ami szint\u00e9n a megrendel\u0151 k\u00e9r\u00e9seib\u0151l indul ki.<\/li>\n<li>Az elk\u00e9sz\u00fclt term\u00e9keket kisz\u00e1ll\u00edtjuk az \u00fcgyfeleknek. K\u00f6zvetlen\u00fcl a helysz\u00ednen \u00f6ssze is szerelj\u00fck \u0151ket, valamint ellen\u0151rizz\u00fck funkcionalit\u00e1sukat \u00e9s megfelel\u0151 illeszked\u00e9s\u00fcket. A legt\u00f6bb esetben az ablakok vagy ajt\u00f3k az \u00fcgyf\u00e9l \u00e1ltal megrendelt kieg\u00e9sz\u00edt\u0151kkel (zsalug\u00e1terek, h\u00e1l\u00f3k, d\u00edszes kilincsek) b\u0151v\u00fclnek.<\/li>\n<\/ul>\n<p>[\/vc_column_text][\/vc_column_inner][\/vc_row_inner]<\/div><\/div>\n\t\t<\/div><!-- \/.sc_promo_text --><\/div><!-- \/.sc_promo -->[vc_separator css=&#8221;.vc_custom_1477490565549{margin-top: 8rem !important;margin-bottom: 8rem !important;}&#8221;][\/vc_column][\/vc_row][vc_row][vc_column][vc_column_text]<\/p>\n<p><!-- index.php -->\n<div\n\tclass=\"ngg-galleryoverview ngg-ajax-pagination-none\"\n\tid=\"ngg-gallery-848ff1b28c4cd787491d7b8f1afce637-1\">\n\n    \t\t<!-- Thumbnails -->\n\t\t\t\t<div id=\"ngg-image-0\" class=\"ngg-gallery-thumbnail-box\" >\n\t\t\t\t        <div class=\"ngg-gallery-thumbnail\">\n            <a href=\"https:\/\/agh.sk\/wp-content\/gallery\/technologia_hu\/technologia-vyroby-agh-4.jpg\"\n               title=\"Ablakgy\u00e1rt\u00e1s a CNC WINDOR g\u00e9pen\"\n               data-src=\"https:\/\/agh.sk\/wp-content\/gallery\/technologia_hu\/technologia-vyroby-agh-4.jpg\"\n               data-thumbnail=\"https:\/\/agh.sk\/wp-content\/gallery\/technologia_hu\/thumbs\/thumbs_technologia-vyroby-agh-4.jpg\"\n               data-image-id=\"638\"\n               data-title=\"Ablakgy\u00e1rt\u00e1s a CNC WINDOR g\u00e9pen\"\n               data-description=\"Ablakgy\u00e1rt\u00e1s a CNC WINDOR g\u00e9pen\"\n               data-image-slug=\"v%c3%bdroba-okien-na-cnc-stroje-windor-1\"\n               >\n                <img\n                    title=\"Ablakgy\u00e1rt\u00e1s a CNC WINDOR g\u00e9pen\"\n                    alt=\"Ablakgy\u00e1rt\u00e1s a CNC WINDOR g\u00e9pen\"\n                    src=\"https:\/\/agh.sk\/wp-content\/gallery\/technologia_hu\/cache\/technologia-vyroby-agh-4.jpg-nggid03571-ngg0dyn-378x270x100-00f0w010c011r110f110r010t010.jpg\"\n                    width=\"378\"\n                    height=\"270\"\n                    style=\"max-width:100%;\"\n                \/>\n            <\/a>\n        <\/div>\n\t\t\t\t\t\t\t<\/div> \n\t\t\t\n                            \n\t\t\t\t<div id=\"ngg-image-1\" class=\"ngg-gallery-thumbnail-box\" >\n\t\t\t\t        <div class=\"ngg-gallery-thumbnail\">\n            <a href=\"https:\/\/agh.sk\/wp-content\/gallery\/technologia_hu\/technologia-vyroby-agh-3.jpg\"\n               title=\"Csiszol\u00e1s sz\u00e9less\u00e1v\u00fa csiszol\u00f3n\"\n               data-src=\"https:\/\/agh.sk\/wp-content\/gallery\/technologia_hu\/technologia-vyroby-agh-3.jpg\"\n               data-thumbnail=\"https:\/\/agh.sk\/wp-content\/gallery\/technologia_hu\/thumbs\/thumbs_technologia-vyroby-agh-3.jpg\"\n               data-image-id=\"639\"\n               data-title=\"Csiszol\u00e1s sz\u00e9less\u00e1v\u00fa csiszol\u00f3n\"\n               data-description=\"Csiszol\u00e1s sz\u00e9less\u00e1v\u00fa csiszol\u00f3n\"\n               data-image-slug=\"br%c3%basenie-na-%c5%a1irokop%c3%a1sovej-br%c3%baske-1\"\n               >\n                <img\n                    title=\"Csiszol\u00e1s sz\u00e9less\u00e1v\u00fa csiszol\u00f3n\"\n                    alt=\"Csiszol\u00e1s sz\u00e9less\u00e1v\u00fa csiszol\u00f3n\"\n                    src=\"https:\/\/agh.sk\/wp-content\/gallery\/technologia_hu\/cache\/technologia-vyroby-agh-3.jpg-nggid03570-ngg0dyn-378x270x100-00f0w010c011r110f110r010t010.jpg\"\n                    width=\"378\"\n                    height=\"270\"\n                    style=\"max-width:100%;\"\n                \/>\n            <\/a>\n        <\/div>\n\t\t\t\t\t\t\t<\/div> \n\t\t\t\n                            \n\t\t\t\t<div id=\"ngg-image-2\" class=\"ngg-gallery-thumbnail-box\" >\n\t\t\t\t        <div class=\"ngg-gallery-thumbnail\">\n            <a href=\"https:\/\/agh.sk\/wp-content\/gallery\/technologia_hu\/technologia-vyroby-agh-5.jpg\"\n               title=\"Gyalul\u00e1s n\u00e9gyoldalas gyalug\u00e9pen\"\n               data-src=\"https:\/\/agh.sk\/wp-content\/gallery\/technologia_hu\/technologia-vyroby-agh-5.jpg\"\n               data-thumbnail=\"https:\/\/agh.sk\/wp-content\/gallery\/technologia_hu\/thumbs\/thumbs_technologia-vyroby-agh-5.jpg\"\n               data-image-id=\"640\"\n               data-title=\"Gyalul\u00e1s n\u00e9gyoldalas gyalug\u00e9pen\"\n               data-description=\"Gyalul\u00e1s n\u00e9gyoldalas gyalug\u00e9pen\"\n               data-image-slug=\"hob%c4%beovanie-na-%c5%a1tvorstrannej-hob%c4%beova%c4%8dke-1\"\n               >\n                <img\n                    title=\"Gyalul\u00e1s n\u00e9gyoldalas gyalug\u00e9pen\"\n                    alt=\"Gyalul\u00e1s n\u00e9gyoldalas gyalug\u00e9pen\"\n                    src=\"https:\/\/agh.sk\/wp-content\/gallery\/technologia_hu\/cache\/technologia-vyroby-agh-5.jpg-nggid03572-ngg0dyn-378x270x100-00f0w010c011r110f110r010t010.jpg\"\n                    width=\"378\"\n                    height=\"270\"\n                    style=\"max-width:100%;\"\n                \/>\n            <\/a>\n        <\/div>\n\t\t\t\t\t\t\t<\/div> \n\t\t\t\n                                    <br style=\"clear: both\" \/>\n                    \n\t\t\t\t<div id=\"ngg-image-3\" class=\"ngg-gallery-thumbnail-box\" >\n\t\t\t\t        <div class=\"ngg-gallery-thumbnail\">\n            <a href=\"https:\/\/agh.sk\/wp-content\/gallery\/technologia_hu\/technologia-vyroby-agh-6.jpg\"\n               title=\"Keretek r\u00f6gz\u00edt\u00e9se keretpr\u00e9sen\"\n               data-src=\"https:\/\/agh.sk\/wp-content\/gallery\/technologia_hu\/technologia-vyroby-agh-6.jpg\"\n               data-thumbnail=\"https:\/\/agh.sk\/wp-content\/gallery\/technologia_hu\/thumbs\/thumbs_technologia-vyroby-agh-6.jpg\"\n               data-image-id=\"641\"\n               data-title=\"Keretek r\u00f6gz\u00edt\u00e9se keretpr\u00e9sen\"\n               data-description=\"Keretek r\u00f6gz\u00edt\u00e9se keretpr\u00e9sen\"\n               data-image-slug=\"lepenie-r%c3%a1mov-na-r%c3%a1movom-lise-1\"\n               >\n                <img\n                    title=\"Keretek r\u00f6gz\u00edt\u00e9se keretpr\u00e9sen\"\n                    alt=\"Keretek r\u00f6gz\u00edt\u00e9se keretpr\u00e9sen\"\n                    src=\"https:\/\/agh.sk\/wp-content\/gallery\/technologia_hu\/cache\/technologia-vyroby-agh-6.jpg-nggid03573-ngg0dyn-378x270x100-00f0w010c011r110f110r010t010.jpg\"\n                    width=\"378\"\n                    height=\"270\"\n                    style=\"max-width:100%;\"\n                \/>\n            <\/a>\n        <\/div>\n\t\t\t\t\t\t\t<\/div> \n\t\t\t\n                            \n\t\t\t\t<div id=\"ngg-image-4\" class=\"ngg-gallery-thumbnail-box\" >\n\t\t\t\t        <div class=\"ngg-gallery-thumbnail\">\n            <a href=\"https:\/\/agh.sk\/wp-content\/gallery\/technologia_hu\/technologia-vyroby-agh-2.jpg\"\n               title=\"V\u00e1g\u00e1s form\u00e1z\u00f3f\u0171r\u00e9szen\"\n               data-src=\"https:\/\/agh.sk\/wp-content\/gallery\/technologia_hu\/technologia-vyroby-agh-2.jpg\"\n               data-thumbnail=\"https:\/\/agh.sk\/wp-content\/gallery\/technologia_hu\/thumbs\/thumbs_technologia-vyroby-agh-2.jpg\"\n               data-image-id=\"642\"\n               data-title=\"V\u00e1g\u00e1s form\u00e1z\u00f3f\u0171r\u00e9szen\"\n               data-description=\"V\u00e1g\u00e1s form\u00e1z\u00f3f\u0171r\u00e9szen\"\n               data-image-slug=\"rezanie-na-form%c3%a1tovacej-p%c3%adle-1\"\n               >\n                <img\n                    title=\"V\u00e1g\u00e1s form\u00e1z\u00f3f\u0171r\u00e9szen\"\n                    alt=\"V\u00e1g\u00e1s form\u00e1z\u00f3f\u0171r\u00e9szen\"\n                    src=\"https:\/\/agh.sk\/wp-content\/gallery\/technologia_hu\/cache\/technologia-vyroby-agh-2.jpg-nggid03569-ngg0dyn-378x270x100-00f0w010c011r110f110r010t010.jpg\"\n                    width=\"378\"\n                    height=\"270\"\n                    style=\"max-width:100%;\"\n                \/>\n            <\/a>\n        <\/div>\n\t\t\t\t\t\t\t<\/div> \n\t\t\t\n                            \n\t\t\t\t<div id=\"ngg-image-5\" class=\"ngg-gallery-thumbnail-box\" >\n\t\t\t\t        <div class=\"ngg-gallery-thumbnail\">\n            <a href=\"https:\/\/agh.sk\/wp-content\/gallery\/technologia_hu\/technologia-vyroby-agh-1.jpg\"\n               title=\"Pozd\u013e\u017en\u00e9 fr\u00e9zovanie na spodnej fr\u00e9ze\"\n               data-src=\"https:\/\/agh.sk\/wp-content\/gallery\/technologia_hu\/technologia-vyroby-agh-1.jpg\"\n               data-thumbnail=\"https:\/\/agh.sk\/wp-content\/gallery\/technologia_hu\/thumbs\/thumbs_technologia-vyroby-agh-1.jpg\"\n               data-image-id=\"643\"\n               data-title=\"Pozd\u013e\u017en\u00e9 fr\u00e9zovanie na spodnej fr\u00e9ze\"\n               data-description=\"Pozd\u013e\u017en\u00e9 fr\u00e9zovanie na spodnej fr\u00e9ze\"\n               data-image-slug=\"pozd%c4%be%c5%ben%c3%a9-fr%c3%a9zovanie-na-spodnej-fr%c3%a9ze-1\"\n               >\n                <img\n                    title=\"Pozd\u013e\u017en\u00e9 fr\u00e9zovanie na spodnej fr\u00e9ze\"\n                    alt=\"Pozd\u013e\u017en\u00e9 fr\u00e9zovanie na spodnej fr\u00e9ze\"\n                    src=\"https:\/\/agh.sk\/wp-content\/gallery\/technologia_hu\/cache\/technologia-vyroby-agh-1.jpg-nggid03568-ngg0dyn-378x270x100-00f0w010c011r110f110r010t010.jpg\"\n                    width=\"378\"\n                    height=\"270\"\n                    style=\"max-width:100%;\"\n                \/>\n            <\/a>\n        <\/div>\n\t\t\t\t\t\t\t<\/div> \n\t\t\t\n                                    <br style=\"clear: both\" \/>\n                    \n\t\t\n\t\t<!-- Pagination -->\n\t<div class='ngg-clear'><\/div>\t<\/div>\n[\/vc_column_text][\/vc_column][\/vc_row]<\/p>\n","protected":false},"excerpt":{"rendered":"<p>[vc_row][vc_column][vc_separator css=&#8221;.vc_custom_1477490565549{margin-top: 8rem !important;margin-bottom: 8rem !important;}&#8221;][\/vc_column][\/vc_row][vc_row][vc_column][vc_column_text] &#8221; order_by=&#8221;sortorder&#8221; order_direction=&#8221;ASC&#8221; returns=&#8221;included&#8221; maximum_entity_count=&#8221;500&#8243;][\/vc_column_text][\/vc_column][\/vc_row]<\/p>\n","protected":false},"author":1,"featured_media":4487,"parent":0,"menu_order":0,"comment_status":"closed","ping_status":"closed","template":"","meta":{"_exactmetrics_skip_tracking":false,"_exactmetrics_sitenote_active":false,"_exactmetrics_sitenote_note":"","_exactmetrics_sitenote_category":0,"ngg_post_thumbnail":0},"yoast_head":"<!-- This site is optimized with the Yoast SEO plugin v19.5.1 - https:\/\/yoast.com\/wordpress\/plugins\/seo\/ -->\n<title>Technol\u00f3gia - Juraj \u00c1gh - \u00c1GH STOL\u00c1RSTVO<\/title>\n<meta name=\"robots\" content=\"index, follow, max-snippet:-1, max-image-preview:large, max-video-preview:-1\" \/>\n<link rel=\"canonical\" href=\"https:\/\/agh.sk\/hu\/technologia\/\" \/>\n<meta property=\"og:locale\" content=\"hu_HU\" \/>\n<meta property=\"og:type\" content=\"article\" \/>\n<meta property=\"og:title\" content=\"Technol\u00f3gia - Juraj \u00c1gh - \u00c1GH STOL\u00c1RSTVO\" \/>\n<meta property=\"og:description\" content=\"[vc_row][vc_column][vc_separator css=&#8221;.vc_custom_1477490565549{margin-top: 8rem !important;margin-bottom: 8rem !important;}&#8221;][\/vc_column][\/vc_row][vc_row][vc_column][vc_column_text] &#8221; order_by=&#8221;sortorder&#8221; order_direction=&#8221;ASC&#8221; returns=&#8221;included&#8221; maximum_entity_count=&#8221;500&#8243;][\/vc_column_text][\/vc_column][\/vc_row]\" \/>\n<meta property=\"og:url\" content=\"https:\/\/agh.sk\/hu\/technologia\/\" \/>\n<meta property=\"og:site_name\" content=\"Juraj \u00c1gh - \u00c1GH STOL\u00c1RSTVO\" \/>\n<meta property=\"article:publisher\" content=\"https:\/\/www.facebook.com\/GH-okn-a-dvere-sro-745662738825627\/\" \/>\n<meta property=\"article:modified_time\" content=\"2022-08-19T07:11:36+00:00\" \/>\n<meta property=\"og:image\" content=\"https:\/\/agh.sk\/wp-content\/uploads\/2017\/09\/DSC_8957.jpg\" \/>\n\t<meta property=\"og:image:width\" content=\"2048\" \/>\n\t<meta property=\"og:image:height\" content=\"1367\" \/>\n\t<meta property=\"og:image:type\" content=\"image\/jpeg\" \/>\n<meta name=\"twitter:card\" content=\"summary_large_image\" \/>\n<meta name=\"twitter:label1\" content=\"Becs\u00fclt olvas\u00e1si id\u0151\" \/>\n\t<meta name=\"twitter:data1\" content=\"2 perc\" \/>\n<script type=\"application\/ld+json\" class=\"yoast-schema-graph\">{\"@context\":\"https:\/\/schema.org\",\"@graph\":[{\"@type\":\"WebPage\",\"@id\":\"https:\/\/agh.sk\/hu\/technologia\/\",\"url\":\"https:\/\/agh.sk\/hu\/technologia\/\",\"name\":\"Technol\u00f3gia - Juraj \u00c1gh - \u00c1GH STOL\u00c1RSTVO\",\"isPartOf\":{\"@id\":\"https:\/\/agh.sk\/#website\"},\"datePublished\":\"2017-09-21T10:32:25+00:00\",\"dateModified\":\"2022-08-19T07:11:36+00:00\",\"breadcrumb\":{\"@id\":\"https:\/\/agh.sk\/hu\/technologia\/#breadcrumb\"},\"inLanguage\":\"hu\",\"potentialAction\":[{\"@type\":\"ReadAction\",\"target\":[\"https:\/\/agh.sk\/hu\/technologia\/\"]}]},{\"@type\":\"BreadcrumbList\",\"@id\":\"https:\/\/agh.sk\/hu\/technologia\/#breadcrumb\",\"itemListElement\":[{\"@type\":\"ListItem\",\"position\":1,\"name\":\"Domov\",\"item\":\"https:\/\/agh.sk\/hu\/domov\/\"},{\"@type\":\"ListItem\",\"position\":2,\"name\":\"Technol\u00f3gia\"}]},{\"@type\":\"WebSite\",\"@id\":\"https:\/\/agh.sk\/#website\",\"url\":\"https:\/\/agh.sk\/\",\"name\":\"Juraj \u00c1gh - \u00c1GH STOL\u00c1RSTVO\",\"description\":\"Okn\u00e1 a dvere\",\"potentialAction\":[{\"@type\":\"SearchAction\",\"target\":{\"@type\":\"EntryPoint\",\"urlTemplate\":\"https:\/\/agh.sk\/?s={search_term_string}\"},\"query-input\":\"required name=search_term_string\"}],\"inLanguage\":\"hu\"}]}<\/script>\n<!-- \/ Yoast SEO plugin. -->","yoast_head_json":{"title":"Technol\u00f3gia - Juraj \u00c1gh - \u00c1GH STOL\u00c1RSTVO","robots":{"index":"index","follow":"follow","max-snippet":"max-snippet:-1","max-image-preview":"max-image-preview:large","max-video-preview":"max-video-preview:-1"},"canonical":"https:\/\/agh.sk\/hu\/technologia\/","og_locale":"hu_HU","og_type":"article","og_title":"Technol\u00f3gia - Juraj \u00c1gh - \u00c1GH STOL\u00c1RSTVO","og_description":"[vc_row][vc_column][vc_separator css=&#8221;.vc_custom_1477490565549{margin-top: 8rem !important;margin-bottom: 8rem !important;}&#8221;][\/vc_column][\/vc_row][vc_row][vc_column][vc_column_text] &#8221; order_by=&#8221;sortorder&#8221; order_direction=&#8221;ASC&#8221; returns=&#8221;included&#8221; maximum_entity_count=&#8221;500&#8243;][\/vc_column_text][\/vc_column][\/vc_row]","og_url":"https:\/\/agh.sk\/hu\/technologia\/","og_site_name":"Juraj \u00c1gh - \u00c1GH STOL\u00c1RSTVO","article_publisher":"https:\/\/www.facebook.com\/GH-okn-a-dvere-sro-745662738825627\/","article_modified_time":"2022-08-19T07:11:36+00:00","og_image":[{"width":2048,"height":1367,"url":"https:\/\/agh.sk\/wp-content\/uploads\/2017\/09\/DSC_8957.jpg","type":"image\/jpeg"}],"twitter_card":"summary_large_image","twitter_misc":{"Becs\u00fclt olvas\u00e1si id\u0151":"2 perc"},"schema":{"@context":"https:\/\/schema.org","@graph":[{"@type":"WebPage","@id":"https:\/\/agh.sk\/hu\/technologia\/","url":"https:\/\/agh.sk\/hu\/technologia\/","name":"Technol\u00f3gia - Juraj \u00c1gh - \u00c1GH STOL\u00c1RSTVO","isPartOf":{"@id":"https:\/\/agh.sk\/#website"},"datePublished":"2017-09-21T10:32:25+00:00","dateModified":"2022-08-19T07:11:36+00:00","breadcrumb":{"@id":"https:\/\/agh.sk\/hu\/technologia\/#breadcrumb"},"inLanguage":"hu","potentialAction":[{"@type":"ReadAction","target":["https:\/\/agh.sk\/hu\/technologia\/"]}]},{"@type":"BreadcrumbList","@id":"https:\/\/agh.sk\/hu\/technologia\/#breadcrumb","itemListElement":[{"@type":"ListItem","position":1,"name":"Domov","item":"https:\/\/agh.sk\/hu\/domov\/"},{"@type":"ListItem","position":2,"name":"Technol\u00f3gia"}]},{"@type":"WebSite","@id":"https:\/\/agh.sk\/#website","url":"https:\/\/agh.sk\/","name":"Juraj \u00c1gh - \u00c1GH STOL\u00c1RSTVO","description":"Okn\u00e1 a dvere","potentialAction":[{"@type":"SearchAction","target":{"@type":"EntryPoint","urlTemplate":"https:\/\/agh.sk\/?s={search_term_string}"},"query-input":"required name=search_term_string"}],"inLanguage":"hu"}]}},"_links":{"self":[{"href":"https:\/\/agh.sk\/hu\/wp-json\/wp\/v2\/pages\/4199"}],"collection":[{"href":"https:\/\/agh.sk\/hu\/wp-json\/wp\/v2\/pages"}],"about":[{"href":"https:\/\/agh.sk\/hu\/wp-json\/wp\/v2\/types\/page"}],"author":[{"embeddable":true,"href":"https:\/\/agh.sk\/hu\/wp-json\/wp\/v2\/users\/1"}],"replies":[{"embeddable":true,"href":"https:\/\/agh.sk\/hu\/wp-json\/wp\/v2\/comments?post=4199"}],"version-history":[{"count":4,"href":"https:\/\/agh.sk\/hu\/wp-json\/wp\/v2\/pages\/4199\/revisions"}],"predecessor-version":[{"id":6067,"href":"https:\/\/agh.sk\/hu\/wp-json\/wp\/v2\/pages\/4199\/revisions\/6067"}],"wp:featuredmedia":[{"embeddable":true,"href":"https:\/\/agh.sk\/hu\/wp-json\/wp\/v2\/media\/4487"}],"wp:attachment":[{"href":"https:\/\/agh.sk\/hu\/wp-json\/wp\/v2\/media?parent=4199"}],"curies":[{"name":"wp","href":"https:\/\/api.w.org\/{rel}","templated":true}]}}