{"id":4193,"date":"2017-10-10T10:46:00","date_gmt":"2017-10-10T08:46:00","guid":{"rendered":"https:\/\/agh.sk\/posuvne-systemy-2\/psk-portal\/"},"modified":"2018-05-21T09:39:07","modified_gmt":"2018-05-21T07:39:07","slug":"psk-portal","status":"publish","type":"page","link":"https:\/\/agh.sk\/hu\/psk-portal","title":{"rendered":"PSK Port\u00e1l"},"content":{"rendered":"<p>[vc_row][vc_column]<div  id=\"sc_promo_2127380772\" \n\tclass=\"sc_promo sc_promo_default sc_promo_size_large sc_promo_no_paddings sc_promo_no_image\"><div class=\"sc_promo_text\" style=\"width: 100%;\">\n\t\t\t<div class=\"sc_promo_text_inner\" style=\"\"><h2 class=\"sc_item_title sc_promo_title sc_align_center sc_item_title_style_default\">PSK Port\u00e1l<\/h2><h6 class=\"sc_item_subtitle sc_promo_subtitle sc_align_center sc_item_title_style_default\">Nyissa ki, cs\u00fasztassa, billentse az ajt\u00f3t, ig\u00e9nyei szerint<\/h6><div class=\"sc_item_descr sc_promo_descr sc_align_center\">A modern \u00e9p\u00edt\u00e9szet inherens r\u00e9szei a nyitott, t\u00e1gas, \u00fcvegezett fal\u00fa terek. Az\u00e9p\u00fcleteket \u00fagy tervezik, hogy a helyis\u00e9gekbe a lehet\u0151 legt\u00f6bb nappali f\u00e9nyt juttass\u00e1k be. A PSK port\u00e1l vasalat eszt\u00e9tikusan \u00e9s c\u00e9lir\u00e1nyosan \u00f6sszek\u00f6ti a k\u00fcl \u00e9s beltereket \u00fagy, hogy a tol\u00f3rendszer ne akad\u00e1lyozzon. Elegend\u0151 csup\u00e1n v\u00edzszintes ir\u00e1nyban eltolni az ajt\u00f3t, \u00e9s m\u00e1ris zavartalan kil\u00e1t\u00e1sa ny\u00edlik a k\u00f6rnyezetre. A PSK port\u00e1lok gy\u00e1rt\u00e1s\u00e1n\u00e1l az \u00fcgyfelek \u00e1ltal ig\u00e9nyelt k\u00fcl\u00f6nf\u00e9le biztons\u00e1gi \u00e9s szigetel\u0151 \u00fcvegeket haszn\u00e1lunk. A tol\u00f3rendszerek t\u00f6k\u00e9letes t\u00f6m\u00edt\u00e9ssel rendelkeznek, \u00e9s k\u00f6zponti foganty\u00faval vez\u00e9relhet\u0151k.<\/div><div class=\"sc_promo_content sc_item_content\">[vc_column_text]<\/p>\n<p style=\"text-align: center;\"><em>A tol\u00f3 &#8211; \u00e9s billen\u0151ajt\u00f3k nem ig\u00e9nyelnek k\u00fcl\u00f6n\u00f6sebben nagy teret az eltol\u00e1shoz, emiatt alkalmasak kisebb objektumokba is.<\/em><\/p>\n<p>[\/vc_column_text][vc_empty_space height=&#8221;&#8221; alter_height=&#8221;small&#8221; hide_on_mobile=&#8221;&#8221;][vc_row_inner][vc_column_inner width=&#8221;1\/2&#8243;][vc_column_text]<\/p>\n<ul class=\"trx_addons_list trx_addons_list_dot\">\n<li>Az egyszer\u0171 kezelhet\u0151s\u00e9g \u00e9s az ergonomikusan kialak\u00edtott kilincs garanci\u00e1t jelent a tol\u00f3ajt\u00f3 k\u00e9nyelmes mindennapos haszn\u00e1lat\u00e1ra. A PSK port\u00e1l lehet\u0151v\u00e9 teszi a terek teljes megnyit\u00e1s\u00e1t, illetve a napf\u00e9ny akad\u00e1lymentes be\u00e1raml\u00e1s\u00e1t.<\/li>\n<li>A PSK port\u00e1l ajt\u00f3sz\u00e1rnyait k\u00f6nnyen szell\u0151ztet\u00e9si m\u00f3dba lehet billenteni, ugyan \u00fagy, mint az ablakokn\u00e1l. A robusztus keretek ellenben j\u00f3l szigetelnek \u00edgy nincs h\u0151vesztes\u00e9g.<\/li>\n<\/ul>\n<p>[\/vc_column_text][\/vc_column_inner][vc_column_inner width=&#8221;1\/2&#8243;][vc_column_text]<\/p>\n<ul class=\"trx_addons_list trx_addons_list_dot\">\n<li>PSK port\u00e1l eset\u00e9ben 200 kg-ig gy\u00e1rtunk nagym\u00e9ret\u0171 tol\u00f3ajt\u00f3kat. A keret fels\u0151 \u00e9s als\u00f3 r\u00e9sz\u00e9n tal\u00e1lhat\u00f3 speci\u00e1lis vezet\u0151s\u00ednek lehet\u0151v\u00e9 teszik az ajt\u00f3k sima \u00e9s z\u00f6kken\u0151mentes m\u0171k\u00f6d\u00e9s\u00e9t.<\/li>\n<li>A tol\u00f3 &#8211; \u00e9s billen\u0151ajt\u00f3kat PSK port\u00e1l vasalattal k\u00fcl\u00f6n\u00f6sen olyan csal\u00e1di h\u00e1zakba \u00e9s lak\u00e1sokba aj\u00e1nljuk, ahol a tereket, valamint a terasz \u00e9s k\u00fclt\u00e9ri \u00e1tj\u00e1r\u00f3kat sz\u00fcks\u00e9ges optikailag nagy\u00edtani.<\/li>\n<\/ul>\n<p>[\/vc_column_text][\/vc_column_inner][\/vc_row_inner][vc_separator css=&#8221;.vc_custom_1519037849552{margin-top: 4rem !important;margin-bottom: 5rem !important;}&#8221;]<\/div><\/div>\n\t\t<\/div><!-- \/.sc_promo_text --><\/div><!-- \/.sc_promo -->[\/vc_column][\/vc_row][vc_row][vc_column]<div  id=\"sc_promo_453525909\" \n\tclass=\"sc_promo sc_promo_default sc_promo_size_large sc_promo_no_paddings sc_promo_no_image\"><div class=\"sc_promo_text\" style=\"width: 100%;\">\n\t\t\t<div class=\"sc_promo_text_inner\" style=\"\"><h2 class=\"sc_item_title sc_promo_title sc_align_center sc_item_title_style_default\">A PSK port\u00e1lok nyit\u00f3rendszere<\/h2><div class=\"sc_promo_content sc_item_content\">[vc_column_text]<\/p>\n<!-- index.php -->\n<div\n\tclass=\"ngg-galleryoverview ngg-ajax-pagination-none\"\n\tid=\"ngg-gallery-8f5cc6afe374aa122806be4480fce10a-1\">\n\n    \t\t<!-- Thumbnails -->\n\t\t\t\t<div id=\"ngg-image-0\" class=\"ngg-gallery-thumbnail-box\" >\n\t\t\t\t        <div class=\"ngg-gallery-thumbnail\">\n            <a href=\"https:\/\/agh.sk\/wp-content\/gallery\/psk-portal\/psk-portal-3.jpg\"\n               title=\"psk portal 1\"\n               data-src=\"https:\/\/agh.sk\/wp-content\/gallery\/psk-portal\/psk-portal-3.jpg\"\n               data-thumbnail=\"https:\/\/agh.sk\/wp-content\/gallery\/psk-portal\/thumbs\/thumbs_psk-portal-3.jpg\"\n               data-image-id=\"384\"\n               data-title=\"psk portal 1\"\n               data-description=\"psk portal 1\"\n               data-image-slug=\"psk-portal-3\"\n               >\n                <img\n                    title=\"psk portal 1\"\n                    alt=\"psk portal 1\"\n                    src=\"https:\/\/agh.sk\/wp-content\/gallery\/psk-portal\/cache\/psk-portal-3.jpg-nggid03384-ngg0dyn-270x100x100-00f0w010c011r110f110r010t010.jpg\"\n                    width=\"270\"\n                    height=\"100\"\n                    style=\"max-width:100%;\"\n                \/>\n            <\/a>\n        <\/div>\n\t\t\t\t\t\t\t<\/div> \n\t\t\t\n                            \n\t\t\t\t<div id=\"ngg-image-1\" class=\"ngg-gallery-thumbnail-box\" >\n\t\t\t\t        <div class=\"ngg-gallery-thumbnail\">\n            <a href=\"https:\/\/agh.sk\/wp-content\/gallery\/psk-portal\/psk-portal-4.jpg\"\n               title=\"psk portal 2\"\n               data-src=\"https:\/\/agh.sk\/wp-content\/gallery\/psk-portal\/psk-portal-4.jpg\"\n               data-thumbnail=\"https:\/\/agh.sk\/wp-content\/gallery\/psk-portal\/thumbs\/thumbs_psk-portal-4.jpg\"\n               data-image-id=\"383\"\n               data-title=\"psk portal 2\"\n               data-description=\"psk portal 2\"\n               data-image-slug=\"psk-portal-4\"\n               >\n                <img\n                    title=\"psk portal 2\"\n                    alt=\"psk portal 2\"\n                    src=\"https:\/\/agh.sk\/wp-content\/gallery\/psk-portal\/cache\/psk-portal-4.jpg-nggid03383-ngg0dyn-270x100x100-00f0w010c011r110f110r010t010.jpg\"\n                    width=\"270\"\n                    height=\"100\"\n                    style=\"max-width:100%;\"\n                \/>\n            <\/a>\n        <\/div>\n\t\t\t\t\t\t\t<\/div> \n\t\t\t\n                            \n\t\t\t\t<div id=\"ngg-image-2\" class=\"ngg-gallery-thumbnail-box\" >\n\t\t\t\t        <div class=\"ngg-gallery-thumbnail\">\n            <a href=\"https:\/\/agh.sk\/wp-content\/gallery\/psk-portal\/psk-portal-1.jpg\"\n               title=\"psk portal 3\"\n               data-src=\"https:\/\/agh.sk\/wp-content\/gallery\/psk-portal\/psk-portal-1.jpg\"\n               data-thumbnail=\"https:\/\/agh.sk\/wp-content\/gallery\/psk-portal\/thumbs\/thumbs_psk-portal-1.jpg\"\n               data-image-id=\"386\"\n               data-title=\"psk portal 3\"\n               data-description=\"psk portal 3\"\n               data-image-slug=\"psk-portal-1\"\n               >\n                <img\n                    title=\"psk portal 3\"\n                    alt=\"psk portal 3\"\n                    src=\"https:\/\/agh.sk\/wp-content\/gallery\/psk-portal\/cache\/psk-portal-1.jpg-nggid03386-ngg0dyn-270x100x100-00f0w010c011r110f110r010t010.jpg\"\n                    width=\"270\"\n                    height=\"100\"\n                    style=\"max-width:100%;\"\n                \/>\n            <\/a>\n        <\/div>\n\t\t\t\t\t\t\t<\/div> \n\t\t\t\n                            \n\t\t\t\t<div id=\"ngg-image-3\" class=\"ngg-gallery-thumbnail-box\" >\n\t\t\t\t        <div class=\"ngg-gallery-thumbnail\">\n            <a href=\"https:\/\/agh.sk\/wp-content\/gallery\/psk-portal\/psk-portal-2.jpg\"\n               title=\"psk portal 4\"\n               data-src=\"https:\/\/agh.sk\/wp-content\/gallery\/psk-portal\/psk-portal-2.jpg\"\n               data-thumbnail=\"https:\/\/agh.sk\/wp-content\/gallery\/psk-portal\/thumbs\/thumbs_psk-portal-2.jpg\"\n               data-image-id=\"385\"\n               data-title=\"psk portal 4\"\n               data-description=\"psk portal 4\"\n               data-image-slug=\"psk-portal-2\"\n               >\n                <img\n                    title=\"psk portal 4\"\n                    alt=\"psk portal 4\"\n                    src=\"https:\/\/agh.sk\/wp-content\/gallery\/psk-portal\/cache\/psk-portal-2.jpg-nggid03385-ngg0dyn-270x100x100-00f0w010c011r110f110r010t010.jpg\"\n                    width=\"270\"\n                    height=\"100\"\n                    style=\"max-width:100%;\"\n                \/>\n            <\/a>\n        <\/div>\n\t\t\t\t\t\t\t<\/div> \n\t\t\t\n                                    <br style=\"clear: both\" \/>\n                    \n\t\t\n\t\t<!-- Pagination -->\n\t<div class='ngg-clear'><\/div>\t<\/div>\n\n<p>[\/vc_column_text][vc_empty_space hide_on_mobile=&#8221;&#8221;]<\/div><\/div>\n\t\t<\/div><!-- \/.sc_promo_text --><\/div><!-- \/.sc_promo -->[vc_separator css=&#8221;.vc_custom_1519037911478{margin-top: 4rem !important;margin-bottom: 5rem !important;}&#8221;][\/vc_column][\/vc_row][vc_row][vc_column width=&#8221;1\/2&#8243;][vc_single_image image=&#8221;2978&#8243; img_size=&#8221;570&#215;323&#8243;][\/vc_column][vc_column width=&#8221;1\/2&#8243;][\/vc_column][\/vc_row]<\/p>\n","protected":false},"excerpt":{"rendered":"<p>[vc_row][vc_column][\/vc_column][\/vc_row][vc_row][vc_column][vc_separator css=&#8221;.vc_custom_1519037911478{margin-top: 4rem !important;margin-bottom: 5rem !important;}&#8221;][\/vc_column][\/vc_row][vc_row][vc_column width=&#8221;1\/2&#8243;][vc_single_image image=&#8221;2978&#8243; img_size=&#8221;570&#215;323&#8243;][\/vc_column][vc_column width=&#8221;1\/2&#8243;][\/vc_column][\/vc_row]<\/p>\n","protected":false},"author":1,"featured_media":0,"parent":4183,"menu_order":0,"comment_status":"closed","ping_status":"closed","template":"","meta":{"_exactmetrics_skip_tracking":false,"_exactmetrics_sitenote_active":false,"_exactmetrics_sitenote_note":"","_exactmetrics_sitenote_category":0,"ngg_post_thumbnail":0},"yoast_head":"<!-- This site is optimized with the Yoast SEO plugin v19.5.1 - https:\/\/yoast.com\/wordpress\/plugins\/seo\/ -->\n<title>PSK Port\u00e1l - Juraj \u00c1gh - \u00c1GH STOL\u00c1RSTVO<\/title>\n<meta name=\"robots\" content=\"index, follow, max-snippet:-1, max-image-preview:large, max-video-preview:-1\" \/>\n<link rel=\"canonical\" href=\"https:\/\/agh.sk\/hu\/psk-portal\/\" \/>\n<meta property=\"og:locale\" content=\"hu_HU\" \/>\n<meta property=\"og:type\" content=\"article\" \/>\n<meta property=\"og:title\" content=\"PSK Port\u00e1l - Juraj \u00c1gh - \u00c1GH STOL\u00c1RSTVO\" \/>\n<meta property=\"og:description\" content=\"[vc_row][vc_column][\/vc_column][\/vc_row][vc_row][vc_column][vc_separator css=&#8221;.vc_custom_1519037911478{margin-top: 4rem !important;margin-bottom: 5rem !important;}&#8221;][\/vc_column][\/vc_row][vc_row][vc_column width=&#8221;1\/2&#8243;][vc_single_image image=&#8221;2978&#8243; img_size=&#8221;570&#215;323&#8243;][\/vc_column][vc_column width=&#8221;1\/2&#8243;][\/vc_column][\/vc_row]\" \/>\n<meta property=\"og:url\" content=\"https:\/\/agh.sk\/hu\/psk-portal\/\" \/>\n<meta property=\"og:site_name\" content=\"Juraj \u00c1gh - \u00c1GH STOL\u00c1RSTVO\" \/>\n<meta property=\"article:publisher\" content=\"https:\/\/www.facebook.com\/GH-okn-a-dvere-sro-745662738825627\/\" \/>\n<meta property=\"article:modified_time\" content=\"2018-05-21T07:39:07+00:00\" \/>\n<meta name=\"twitter:card\" content=\"summary_large_image\" \/>\n<meta name=\"twitter:label1\" content=\"Becs\u00fclt olvas\u00e1si id\u0151\" \/>\n\t<meta name=\"twitter:data1\" content=\"3 perc\" \/>\n<script type=\"application\/ld+json\" class=\"yoast-schema-graph\">{\"@context\":\"https:\/\/schema.org\",\"@graph\":[{\"@type\":\"WebPage\",\"@id\":\"https:\/\/agh.sk\/hu\/psk-portal\/\",\"url\":\"https:\/\/agh.sk\/hu\/psk-portal\/\",\"name\":\"PSK Port\u00e1l - Juraj \u00c1gh - \u00c1GH STOL\u00c1RSTVO\",\"isPartOf\":{\"@id\":\"https:\/\/agh.sk\/#website\"},\"datePublished\":\"2017-10-10T08:46:00+00:00\",\"dateModified\":\"2018-05-21T07:39:07+00:00\",\"breadcrumb\":{\"@id\":\"https:\/\/agh.sk\/hu\/psk-portal\/#breadcrumb\"},\"inLanguage\":\"hu\",\"potentialAction\":[{\"@type\":\"ReadAction\",\"target\":[\"https:\/\/agh.sk\/hu\/psk-portal\/\"]}]},{\"@type\":\"BreadcrumbList\",\"@id\":\"https:\/\/agh.sk\/hu\/psk-portal\/#breadcrumb\",\"itemListElement\":[{\"@type\":\"ListItem\",\"position\":1,\"name\":\"Domov\",\"item\":\"https:\/\/agh.sk\/hu\/domov\/\"},{\"@type\":\"ListItem\",\"position\":2,\"name\":\"Tol\u00f3rendszerek\",\"item\":\"https:\/\/agh.sk\/hu\/posuvne-systemy\/\"},{\"@type\":\"ListItem\",\"position\":3,\"name\":\"PSK Port\u00e1l\"}]},{\"@type\":\"WebSite\",\"@id\":\"https:\/\/agh.sk\/#website\",\"url\":\"https:\/\/agh.sk\/\",\"name\":\"Juraj \u00c1gh - \u00c1GH STOL\u00c1RSTVO\",\"description\":\"Okn\u00e1 a dvere\",\"potentialAction\":[{\"@type\":\"SearchAction\",\"target\":{\"@type\":\"EntryPoint\",\"urlTemplate\":\"https:\/\/agh.sk\/?s={search_term_string}\"},\"query-input\":\"required name=search_term_string\"}],\"inLanguage\":\"hu\"}]}<\/script>\n<!-- \/ Yoast SEO plugin. -->","yoast_head_json":{"title":"PSK Port\u00e1l - Juraj \u00c1gh - \u00c1GH STOL\u00c1RSTVO","robots":{"index":"index","follow":"follow","max-snippet":"max-snippet:-1","max-image-preview":"max-image-preview:large","max-video-preview":"max-video-preview:-1"},"canonical":"https:\/\/agh.sk\/hu\/psk-portal\/","og_locale":"hu_HU","og_type":"article","og_title":"PSK Port\u00e1l - Juraj \u00c1gh - \u00c1GH STOL\u00c1RSTVO","og_description":"[vc_row][vc_column][\/vc_column][\/vc_row][vc_row][vc_column][vc_separator css=&#8221;.vc_custom_1519037911478{margin-top: 4rem !important;margin-bottom: 5rem !important;}&#8221;][\/vc_column][\/vc_row][vc_row][vc_column width=&#8221;1\/2&#8243;][vc_single_image image=&#8221;2978&#8243; img_size=&#8221;570&#215;323&#8243;][\/vc_column][vc_column width=&#8221;1\/2&#8243;][\/vc_column][\/vc_row]","og_url":"https:\/\/agh.sk\/hu\/psk-portal\/","og_site_name":"Juraj \u00c1gh - \u00c1GH STOL\u00c1RSTVO","article_publisher":"https:\/\/www.facebook.com\/GH-okn-a-dvere-sro-745662738825627\/","article_modified_time":"2018-05-21T07:39:07+00:00","twitter_card":"summary_large_image","twitter_misc":{"Becs\u00fclt olvas\u00e1si id\u0151":"3 perc"},"schema":{"@context":"https:\/\/schema.org","@graph":[{"@type":"WebPage","@id":"https:\/\/agh.sk\/hu\/psk-portal\/","url":"https:\/\/agh.sk\/hu\/psk-portal\/","name":"PSK Port\u00e1l - Juraj \u00c1gh - \u00c1GH STOL\u00c1RSTVO","isPartOf":{"@id":"https:\/\/agh.sk\/#website"},"datePublished":"2017-10-10T08:46:00+00:00","dateModified":"2018-05-21T07:39:07+00:00","breadcrumb":{"@id":"https:\/\/agh.sk\/hu\/psk-portal\/#breadcrumb"},"inLanguage":"hu","potentialAction":[{"@type":"ReadAction","target":["https:\/\/agh.sk\/hu\/psk-portal\/"]}]},{"@type":"BreadcrumbList","@id":"https:\/\/agh.sk\/hu\/psk-portal\/#breadcrumb","itemListElement":[{"@type":"ListItem","position":1,"name":"Domov","item":"https:\/\/agh.sk\/hu\/domov\/"},{"@type":"ListItem","position":2,"name":"Tol\u00f3rendszerek","item":"https:\/\/agh.sk\/hu\/posuvne-systemy\/"},{"@type":"ListItem","position":3,"name":"PSK Port\u00e1l"}]},{"@type":"WebSite","@id":"https:\/\/agh.sk\/#website","url":"https:\/\/agh.sk\/","name":"Juraj \u00c1gh - \u00c1GH STOL\u00c1RSTVO","description":"Okn\u00e1 a dvere","potentialAction":[{"@type":"SearchAction","target":{"@type":"EntryPoint","urlTemplate":"https:\/\/agh.sk\/?s={search_term_string}"},"query-input":"required name=search_term_string"}],"inLanguage":"hu"}]}},"_links":{"self":[{"href":"https:\/\/agh.sk\/hu\/wp-json\/wp\/v2\/pages\/4193"}],"collection":[{"href":"https:\/\/agh.sk\/hu\/wp-json\/wp\/v2\/pages"}],"about":[{"href":"https:\/\/agh.sk\/hu\/wp-json\/wp\/v2\/types\/page"}],"author":[{"embeddable":true,"href":"https:\/\/agh.sk\/hu\/wp-json\/wp\/v2\/users\/1"}],"replies":[{"embeddable":true,"href":"https:\/\/agh.sk\/hu\/wp-json\/wp\/v2\/comments?post=4193"}],"version-history":[{"count":2,"href":"https:\/\/agh.sk\/hu\/wp-json\/wp\/v2\/pages\/4193\/revisions"}],"predecessor-version":[{"id":4195,"href":"https:\/\/agh.sk\/hu\/wp-json\/wp\/v2\/pages\/4193\/revisions\/4195"}],"up":[{"embeddable":true,"href":"https:\/\/agh.sk\/hu\/wp-json\/wp\/v2\/pages\/4183"}],"wp:attachment":[{"href":"https:\/\/agh.sk\/hu\/wp-json\/wp\/v2\/media?parent=4193"}],"curies":[{"name":"wp","href":"https:\/\/api.w.org\/{rel}","templated":true}]}}