{"id":4186,"date":"2017-10-06T17:45:00","date_gmt":"2017-10-06T15:45:00","guid":{"rendered":"https:\/\/agh.sk\/posuvne-systemy-2\/posuvne-systemy\/"},"modified":"2018-05-21T08:48:49","modified_gmt":"2018-05-21T06:48:49","slug":"posuvne-systemy","status":"publish","type":"page","link":"https:\/\/agh.sk\/hu\/hs-portal","title":{"rendered":"HS Port\u00e1l"},"content":{"rendered":"<p>[vc_row][vc_column]<div  id=\"sc_promo_992802568\" \n\tclass=\"sc_promo sc_promo_default sc_promo_size_large sc_promo_no_paddings sc_promo_no_image\"><div class=\"sc_promo_text\" style=\"width: 100%;\">\n\t\t\t<div class=\"sc_promo_text_inner\" style=\"\"><h2 class=\"sc_item_title sc_promo_title sc_align_center sc_item_title_style_default\">HS Port\u00e1l<\/h2><h6 class=\"sc_item_subtitle sc_promo_subtitle sc_align_center sc_item_title_style_default\">Formatervezett emel\u0151 \u2013 tol\u00f3 rendszerek<\/h6><div class=\"sc_item_descr sc_promo_descr sc_align_center\">Mi lehet jobb a f\u00e9ny\u00e1rban \u00fasz\u00f3 nyitott terekn\u00e9l? A HS Port\u00e1l tol\u00f3ajt\u00f3 rendszerek lehet\u0151v\u00e9 teszik a z\u00f6kken\u0151mentes \u00e1tkel\u00e9st otthon\u00e1b\u00f3l a kertbe vagy az erk\u00e9lyre. Lehets\u00e9ges a nem szabv\u00e1nyos m\u00e9ret\u0171 ajt\u00f3k be\u00fcvegez\u00e9se is eg\u00e9szen 19 m sz\u00e9less\u00e9gig, 12 m \u00e1tj\u00e1r\u00f3val. A halk \u00e9s k\u00e9nyelmes nyit\u00e1s egy \u00e1tgondolt mechanizmus, illetve egy mobil kocsi innovat\u00edv konstukci\u00f3j\u00e1nak eredm\u00e9nye. A be\u00fcvegezett tol\u00f3falat egy vagy k\u00e9tsz\u00e1rny\u00fa v\u00e1ltozatban is kivitelezz\u00fck. Az alacsony k\u00fcsz\u00f6bnek k\u00f6sz\u00f6nhet\u0151en a HS port\u00e1l tol\u00f3ajt\u00f3 nagyon j\u00f3 szigetel\u00e9si tulajdons\u00e1gokkal rendelkezik, ennek k\u00f6sz\u00f6nhet\u0151en pozit\u00edv hat\u00e1ssal van az energiatakar\u00e9koss\u00e1gra.<\/div><div class=\"sc_promo_content sc_item_content\">[vc_column_text]<\/p>\n<p style=\"text-align: center;\"><em>A n\u00e9pszer\u0171 tol\u00f3rendszer f\u0151 jellemz\u0151i az egyszer\u0171 kezelhet\u0151s\u00e9g, maxim\u00e1lis biztons\u00e1g \u00e9s az eszt\u00e9tikai egyens\u00faly.<\/em><\/p>\n<p>[\/vc_column_text][vc_empty_space height=&#8221;&#8221; alter_height=&#8221;small&#8221; hide_on_mobile=&#8221;&#8221;][vc_row_inner][vc_column_inner width=&#8221;1\/2&#8243;][vc_column_text]<\/p>\n<ul class=\"trx_addons_list trx_addons_list_dot\">\n<li>A tol\u00f3rendszer aplik\u00e1lhat\u00f3 minden m\u00e9retre 400 kg-ig. A HS port\u00e1l jellegzetess\u00e9ge a robusztus \u00e9s szil\u00e1rd konstrukci\u00f3, amely garant\u00e1lja a biztons\u00e1got a mindennapi haszn\u00e1lat sor\u00e1n.<\/li>\n<li>A HS port\u00e1lra jellemz\u0151 a rendk\u00edv\u00fcl alacsony k\u00fcsz\u00f6b, amely ide\u00e1lis az id\u0151sek \u00e9s a fogyat\u00e9kkal \u00e9l\u0151k sz\u00e1m\u00e1ra. Az alum\u00ednium k\u00fcsz\u00f6bszalag csak 19 mm magas,teh\u00e1t gyakorlatilag akad\u00e1lymentes bejut\u00e1st biztos\u00edt.<\/li>\n<\/ul>\n<p>[\/vc_column_text][\/vc_column_inner][vc_column_inner width=&#8221;1\/2&#8243;][vc_column_text]<\/p>\n<ul class=\"trx_addons_list trx_addons_list_dot\">\n<li>A tol\u00f3ajt\u00f3k k\u00e9zzel is m\u0171k\u00f6dtethet\u0151k, ami k\u00fcl\u00f6n\u00f6sen alkalmas \u00e1ramkimarad\u00e1s eset\u00e9n. A vez\u00e9rl\u0151n be\u00e1ll\u00edthat\u00f3 id\u0151re a r\u00e9sszell\u0151z\u00e9s, ami optim\u00e1lis kl\u00edm\u00e1t \u00e9s eg\u00e9szs\u00e9ges leveg\u0151\u00e1raml\u00e1st biztos\u00edt a szob\u00e1ban.<\/li>\n<li>A HS port\u00e1l &#8220;csendes&#8221; ajt\u00f3 funkci\u00f3val is rendelkezik. A vezet\u0151s\u00ednek \u00e9s hantomp\u00edt\u00f3k \u00f3vatosan f\u00e9kezik az ajt\u00f3sz\u00e1rnyakat, majd csendben a v\u00e9gs\u0151 helyzetbe cs\u00fasztatj\u00e1k \u0151ket. A tol\u00f3ajt\u00f3k intelligens \u00f6nszab\u00e1lyoz\u00e1suknak k\u00f6sz\u00f6nhet\u0151en hib\u00e1tlanul, egyenletesen haladnak \u00e9s nem akadnak el.<\/li>\n<\/ul>\n<p>[\/vc_column_text][\/vc_column_inner][\/vc_row_inner][vc_separator css=&#8221;.vc_custom_1519037741911{margin-top: 4rem !important;margin-bottom: 5rem !important;}&#8221;]<\/div><\/div>\n\t\t<\/div><!-- \/.sc_promo_text --><\/div><!-- \/.sc_promo -->[\/vc_column][\/vc_row][vc_row][vc_column]<div  id=\"sc_promo_1876356311\" \n\tclass=\"sc_promo sc_promo_default sc_promo_size_large sc_promo_no_paddings sc_promo_no_image\"><div class=\"sc_promo_text\" style=\"width: 100%;\">\n\t\t\t<div class=\"sc_promo_text_inner\" style=\"\"><h2 class=\"sc_item_title sc_promo_title sc_align_center sc_item_title_style_default\">HS port\u00e1lok nyit\u00f3rednszere<\/h2><div class=\"sc_promo_content sc_item_content\">[vc_column_text]<\/p>\n<!-- index.php -->\n<div\n\tclass=\"ngg-galleryoverview ngg-ajax-pagination-none\"\n\tid=\"ngg-gallery-3db1349bb2f82ef4450da9dea07db22a-1\">\n\n    \t\t<!-- Thumbnails -->\n\t\t\t\t<div id=\"ngg-image-0\" class=\"ngg-gallery-thumbnail-box\" >\n\t\t\t\t        <div class=\"ngg-gallery-thumbnail\">\n            <a href=\"https:\/\/agh.sk\/wp-content\/gallery\/hs-portal-1\/hs-portal-scheme-1-1.jpg\"\n               title=\"hs portal 1\"\n               data-src=\"https:\/\/agh.sk\/wp-content\/gallery\/hs-portal-1\/hs-portal-scheme-1-1.jpg\"\n               data-thumbnail=\"https:\/\/agh.sk\/wp-content\/gallery\/hs-portal-1\/thumbs\/thumbs_hs-portal-scheme-1-1.jpg\"\n               data-image-id=\"366\"\n               data-title=\"hs portal 1\"\n               data-description=\"hs portal 1\"\n               data-image-slug=\"hs-portal-scheme-1\"\n               >\n                <img\n                    title=\"hs portal 1\"\n                    alt=\"hs portal 1\"\n                    src=\"https:\/\/agh.sk\/wp-content\/gallery\/hs-portal-1\/cache\/hs-portal-scheme-1-1.jpg-nggid03366-ngg0dyn-215x100x100-00f0w010c011r110f110r010t010.jpg\"\n                    width=\"215\"\n                    height=\"100\"\n                    style=\"max-width:100%;\"\n                \/>\n            <\/a>\n        <\/div>\n\t\t\t\t\t\t\t<\/div> \n\t\t\t\n                            \n\t\t\t\t<div id=\"ngg-image-1\" class=\"ngg-gallery-thumbnail-box\" >\n\t\t\t\t        <div class=\"ngg-gallery-thumbnail\">\n            <a href=\"https:\/\/agh.sk\/wp-content\/gallery\/hs-portal-1\/hs-portal-scheme-2-2.jpg\"\n               title=\"hs portal 2\"\n               data-src=\"https:\/\/agh.sk\/wp-content\/gallery\/hs-portal-1\/hs-portal-scheme-2-2.jpg\"\n               data-thumbnail=\"https:\/\/agh.sk\/wp-content\/gallery\/hs-portal-1\/thumbs\/thumbs_hs-portal-scheme-2-2.jpg\"\n               data-image-id=\"365\"\n               data-title=\"hs portal 2\"\n               data-description=\"hs portal 2\"\n               data-image-slug=\"hs-portal-scheme-2\"\n               >\n                <img\n                    title=\"hs portal 2\"\n                    alt=\"hs portal 2\"\n                    src=\"https:\/\/agh.sk\/wp-content\/gallery\/hs-portal-1\/cache\/hs-portal-scheme-2-2.jpg-nggid03365-ngg0dyn-215x100x100-00f0w010c011r110f110r010t010.jpg\"\n                    width=\"215\"\n                    height=\"100\"\n                    style=\"max-width:100%;\"\n                \/>\n            <\/a>\n        <\/div>\n\t\t\t\t\t\t\t<\/div> \n\t\t\t\n                            \n\t\t\t\t<div id=\"ngg-image-2\" class=\"ngg-gallery-thumbnail-box\" >\n\t\t\t\t        <div class=\"ngg-gallery-thumbnail\">\n            <a href=\"https:\/\/agh.sk\/wp-content\/gallery\/hs-portal-1\/hs-portal-scheme-3-1.jpg\"\n               title=\"hs portal 3\"\n               data-src=\"https:\/\/agh.sk\/wp-content\/gallery\/hs-portal-1\/hs-portal-scheme-3-1.jpg\"\n               data-thumbnail=\"https:\/\/agh.sk\/wp-content\/gallery\/hs-portal-1\/thumbs\/thumbs_hs-portal-scheme-3-1.jpg\"\n               data-image-id=\"364\"\n               data-title=\"hs portal 3\"\n               data-description=\"hs portal 3\"\n               data-image-slug=\"hs-portal-scheme-3\"\n               >\n                <img\n                    title=\"hs portal 3\"\n                    alt=\"hs portal 3\"\n                    src=\"https:\/\/agh.sk\/wp-content\/gallery\/hs-portal-1\/cache\/hs-portal-scheme-3-1.jpg-nggid03364-ngg0dyn-215x100x100-00f0w010c011r110f110r010t010.jpg\"\n                    width=\"215\"\n                    height=\"100\"\n                    style=\"max-width:100%;\"\n                \/>\n            <\/a>\n        <\/div>\n\t\t\t\t\t\t\t<\/div> \n\t\t\t\n                            \n\t\t\t\t<div id=\"ngg-image-3\" class=\"ngg-gallery-thumbnail-box\" >\n\t\t\t\t        <div class=\"ngg-gallery-thumbnail\">\n            <a href=\"https:\/\/agh.sk\/wp-content\/gallery\/hs-portal-1\/hs-portal-scheme-4-1.jpg\"\n               title=\"hs portal 4\"\n               data-src=\"https:\/\/agh.sk\/wp-content\/gallery\/hs-portal-1\/hs-portal-scheme-4-1.jpg\"\n               data-thumbnail=\"https:\/\/agh.sk\/wp-content\/gallery\/hs-portal-1\/thumbs\/thumbs_hs-portal-scheme-4-1.jpg\"\n               data-image-id=\"363\"\n               data-title=\"hs portal 4\"\n               data-description=\"hs portal 4\"\n               data-image-slug=\"hs-portal-scheme-4\"\n               >\n                <img\n                    title=\"hs portal 4\"\n                    alt=\"hs portal 4\"\n                    src=\"https:\/\/agh.sk\/wp-content\/gallery\/hs-portal-1\/cache\/hs-portal-scheme-4-1.jpg-nggid03363-ngg0dyn-215x100x100-00f0w010c011r110f110r010t010.jpg\"\n                    width=\"215\"\n                    height=\"100\"\n                    style=\"max-width:100%;\"\n                \/>\n            <\/a>\n        <\/div>\n\t\t\t\t\t\t\t<\/div> \n\t\t\t\n                            \n\t\t\t\t<div id=\"ngg-image-4\" class=\"ngg-gallery-thumbnail-box\" >\n\t\t\t\t        <div class=\"ngg-gallery-thumbnail\">\n            <a href=\"https:\/\/agh.sk\/wp-content\/gallery\/hs-portal-1\/hs-portal-scheme-5-1.jpg\"\n               title=\"hs portal 5\"\n               data-src=\"https:\/\/agh.sk\/wp-content\/gallery\/hs-portal-1\/hs-portal-scheme-5-1.jpg\"\n               data-thumbnail=\"https:\/\/agh.sk\/wp-content\/gallery\/hs-portal-1\/thumbs\/thumbs_hs-portal-scheme-5-1.jpg\"\n               data-image-id=\"362\"\n               data-title=\"hs portal 5\"\n               data-description=\"hs portal 5\"\n               data-image-slug=\"hs-portal-scheme-5\"\n               >\n                <img\n                    title=\"hs portal 5\"\n                    alt=\"hs portal 5\"\n                    src=\"https:\/\/agh.sk\/wp-content\/gallery\/hs-portal-1\/cache\/hs-portal-scheme-5-1.jpg-nggid03362-ngg0dyn-215x100x100-00f0w010c011r110f110r010t010.jpg\"\n                    width=\"215\"\n                    height=\"100\"\n                    style=\"max-width:100%;\"\n                \/>\n            <\/a>\n        <\/div>\n\t\t\t\t\t\t\t<\/div> \n\t\t\t\n                                    <br style=\"clear: both\" \/>\n                    \n\t\t\t\t<div id=\"ngg-image-5\" class=\"ngg-gallery-thumbnail-box\" >\n\t\t\t\t        <div class=\"ngg-gallery-thumbnail\">\n            <a href=\"https:\/\/agh.sk\/wp-content\/gallery\/hs-portal-1\/hs-portal-scheme-6-1.jpg\"\n               title=\"hs portal 6\"\n               data-src=\"https:\/\/agh.sk\/wp-content\/gallery\/hs-portal-1\/hs-portal-scheme-6-1.jpg\"\n               data-thumbnail=\"https:\/\/agh.sk\/wp-content\/gallery\/hs-portal-1\/thumbs\/thumbs_hs-portal-scheme-6-1.jpg\"\n               data-image-id=\"370\"\n               data-title=\"hs portal 6\"\n               data-description=\"hs portal 6\"\n               data-image-slug=\"hs-portal-scheme-6\"\n               >\n                <img\n                    title=\"hs portal 6\"\n                    alt=\"hs portal 6\"\n                    src=\"https:\/\/agh.sk\/wp-content\/gallery\/hs-portal-1\/cache\/hs-portal-scheme-6-1.jpg-nggid03370-ngg0dyn-215x100x100-00f0w010c011r110f110r010t010.jpg\"\n                    width=\"215\"\n                    height=\"100\"\n                    style=\"max-width:100%;\"\n                \/>\n            <\/a>\n        <\/div>\n\t\t\t\t\t\t\t<\/div> \n\t\t\t\n                            \n\t\t\t\t<div id=\"ngg-image-6\" class=\"ngg-gallery-thumbnail-box\" >\n\t\t\t\t        <div class=\"ngg-gallery-thumbnail\">\n            <a href=\"https:\/\/agh.sk\/wp-content\/gallery\/hs-portal-1\/hs-portal-scheme-7-1.jpg\"\n               title=\"hs portal 7\"\n               data-src=\"https:\/\/agh.sk\/wp-content\/gallery\/hs-portal-1\/hs-portal-scheme-7-1.jpg\"\n               data-thumbnail=\"https:\/\/agh.sk\/wp-content\/gallery\/hs-portal-1\/thumbs\/thumbs_hs-portal-scheme-7-1.jpg\"\n               data-image-id=\"369\"\n               data-title=\"hs portal 7\"\n               data-description=\"hs portal 7\"\n               data-image-slug=\"hs-portal-scheme-7\"\n               >\n                <img\n                    title=\"hs portal 7\"\n                    alt=\"hs portal 7\"\n                    src=\"https:\/\/agh.sk\/wp-content\/gallery\/hs-portal-1\/cache\/hs-portal-scheme-7-1.jpg-nggid03369-ngg0dyn-215x100x100-00f0w010c011r110f110r010t010.jpg\"\n                    width=\"215\"\n                    height=\"100\"\n                    style=\"max-width:100%;\"\n                \/>\n            <\/a>\n        <\/div>\n\t\t\t\t\t\t\t<\/div> \n\t\t\t\n                            \n\t\t\t\t<div id=\"ngg-image-7\" class=\"ngg-gallery-thumbnail-box\" >\n\t\t\t\t        <div class=\"ngg-gallery-thumbnail\">\n            <a href=\"https:\/\/agh.sk\/wp-content\/gallery\/hs-portal-1\/hs-portal-scheme-8-1.jpg\"\n               title=\"hs portal 8\"\n               data-src=\"https:\/\/agh.sk\/wp-content\/gallery\/hs-portal-1\/hs-portal-scheme-8-1.jpg\"\n               data-thumbnail=\"https:\/\/agh.sk\/wp-content\/gallery\/hs-portal-1\/thumbs\/thumbs_hs-portal-scheme-8-1.jpg\"\n               data-image-id=\"368\"\n               data-title=\"hs portal 8\"\n               data-description=\"hs portal 8\"\n               data-image-slug=\"hs-portal-scheme-8\"\n               >\n                <img\n                    title=\"hs portal 8\"\n                    alt=\"hs portal 8\"\n                    src=\"https:\/\/agh.sk\/wp-content\/gallery\/hs-portal-1\/cache\/hs-portal-scheme-8-1.jpg-nggid03368-ngg0dyn-215x100x100-00f0w010c011r110f110r010t010.jpg\"\n                    width=\"215\"\n                    height=\"100\"\n                    style=\"max-width:100%;\"\n                \/>\n            <\/a>\n        <\/div>\n\t\t\t\t\t\t\t<\/div> \n\t\t\t\n                            \n\t\t\t\t<div id=\"ngg-image-8\" class=\"ngg-gallery-thumbnail-box\" >\n\t\t\t\t        <div class=\"ngg-gallery-thumbnail\">\n            <a href=\"https:\/\/agh.sk\/wp-content\/gallery\/hs-portal-1\/hs-portal-scheme-9-1.jpg\"\n               title=\"hs portal 9\"\n               data-src=\"https:\/\/agh.sk\/wp-content\/gallery\/hs-portal-1\/hs-portal-scheme-9-1.jpg\"\n               data-thumbnail=\"https:\/\/agh.sk\/wp-content\/gallery\/hs-portal-1\/thumbs\/thumbs_hs-portal-scheme-9-1.jpg\"\n               data-image-id=\"367\"\n               data-title=\"hs portal 9\"\n               data-description=\"hs portal 9\"\n               data-image-slug=\"hs-portal-scheme-9\"\n               >\n                <img\n                    title=\"hs portal 9\"\n                    alt=\"hs portal 9\"\n                    src=\"https:\/\/agh.sk\/wp-content\/gallery\/hs-portal-1\/cache\/hs-portal-scheme-9-1.jpg-nggid03367-ngg0dyn-215x100x100-00f0w010c011r110f110r010t010.jpg\"\n                    width=\"215\"\n                    height=\"100\"\n                    style=\"max-width:100%;\"\n                \/>\n            <\/a>\n        <\/div>\n\t\t\t\t\t\t\t<\/div> \n\t\t\t\n                            \n\t\t\t\t<div id=\"ngg-image-9\" class=\"ngg-gallery-thumbnail-box\" >\n\t\t\t\t        <div class=\"ngg-gallery-thumbnail\">\n            <a href=\"https:\/\/agh.sk\/wp-content\/gallery\/hs-portal-1\/hs-portal-scheme-10-1.jpg\"\n               title=\"hs portal 10\"\n               data-src=\"https:\/\/agh.sk\/wp-content\/gallery\/hs-portal-1\/hs-portal-scheme-10-1.jpg\"\n               data-thumbnail=\"https:\/\/agh.sk\/wp-content\/gallery\/hs-portal-1\/thumbs\/thumbs_hs-portal-scheme-10-1.jpg\"\n               data-image-id=\"361\"\n               data-title=\"hs portal 10\"\n               data-description=\"hs portal 10\"\n               data-image-slug=\"hs-portal-scheme-10\"\n               >\n                <img\n                    title=\"hs portal 10\"\n                    alt=\"hs portal 10\"\n                    src=\"https:\/\/agh.sk\/wp-content\/gallery\/hs-portal-1\/cache\/hs-portal-scheme-10-1.jpg-nggid03361-ngg0dyn-215x100x100-00f0w010c011r110f110r010t010.jpg\"\n                    width=\"215\"\n                    height=\"100\"\n                    style=\"max-width:100%;\"\n                \/>\n            <\/a>\n        <\/div>\n\t\t\t\t\t\t\t<\/div> \n\t\t\t\n                                    <br style=\"clear: both\" \/>\n                    \n\t\t\n\t\t<!-- Pagination -->\n\t<div class='ngg-clear'><\/div>\t<\/div>\n\n<p>[\/vc_column_text][vc_empty_space hide_on_mobile=&#8221;&#8221;]<\/div><\/div>\n\t\t<\/div><!-- \/.sc_promo_text --><\/div><!-- \/.sc_promo -->[vc_separator css=&#8221;.vc_custom_1519037754479{margin-top: 4rem !important;margin-bottom: 5rem !important;}&#8221;][\/vc_column][\/vc_row][vc_row][vc_column][vc_single_image image=&#8221;2963&#8243; img_size=&#8221;570&#215;323&#8243;][\/vc_column][\/vc_row]<\/p>\n","protected":false},"excerpt":{"rendered":"<p>[vc_row][vc_column][\/vc_column][\/vc_row][vc_row][vc_column][vc_separator css=&#8221;.vc_custom_1519037754479{margin-top: 4rem !important;margin-bottom: 5rem !important;}&#8221;][\/vc_column][\/vc_row][vc_row][vc_column][vc_single_image image=&#8221;2963&#8243; img_size=&#8221;570&#215;323&#8243;][\/vc_column][\/vc_row]<\/p>\n","protected":false},"author":1,"featured_media":0,"parent":4183,"menu_order":0,"comment_status":"closed","ping_status":"closed","template":"","meta":{"_exactmetrics_skip_tracking":false,"_exactmetrics_sitenote_active":false,"_exactmetrics_sitenote_note":"","_exactmetrics_sitenote_category":0,"ngg_post_thumbnail":0},"yoast_head":"<!-- This site is optimized with the Yoast SEO plugin v19.5.1 - https:\/\/yoast.com\/wordpress\/plugins\/seo\/ -->\n<title>HS Port\u00e1l - Juraj \u00c1gh - \u00c1GH STOL\u00c1RSTVO<\/title>\n<meta name=\"robots\" content=\"index, follow, max-snippet:-1, max-image-preview:large, max-video-preview:-1\" \/>\n<link rel=\"canonical\" href=\"https:\/\/agh.sk\/hu\/hs-portal\/\" \/>\n<meta property=\"og:locale\" content=\"hu_HU\" \/>\n<meta property=\"og:type\" content=\"article\" \/>\n<meta property=\"og:title\" content=\"HS Port\u00e1l - Juraj \u00c1gh - \u00c1GH STOL\u00c1RSTVO\" \/>\n<meta property=\"og:description\" content=\"[vc_row][vc_column][\/vc_column][\/vc_row][vc_row][vc_column][vc_separator css=&#8221;.vc_custom_1519037754479{margin-top: 4rem !important;margin-bottom: 5rem !important;}&#8221;][\/vc_column][\/vc_row][vc_row][vc_column][vc_single_image image=&#8221;2963&#8243; img_size=&#8221;570&#215;323&#8243;][\/vc_column][\/vc_row]\" \/>\n<meta property=\"og:url\" content=\"https:\/\/agh.sk\/hu\/hs-portal\/\" \/>\n<meta property=\"og:site_name\" content=\"Juraj \u00c1gh - \u00c1GH STOL\u00c1RSTVO\" \/>\n<meta property=\"article:publisher\" content=\"https:\/\/www.facebook.com\/GH-okn-a-dvere-sro-745662738825627\/\" \/>\n<meta property=\"article:modified_time\" content=\"2018-05-21T06:48:49+00:00\" \/>\n<meta name=\"twitter:card\" content=\"summary_large_image\" \/>\n<meta name=\"twitter:label1\" content=\"Becs\u00fclt olvas\u00e1si id\u0151\" \/>\n\t<meta name=\"twitter:data1\" content=\"3 perc\" \/>\n<script type=\"application\/ld+json\" class=\"yoast-schema-graph\">{\"@context\":\"https:\/\/schema.org\",\"@graph\":[{\"@type\":\"WebPage\",\"@id\":\"https:\/\/agh.sk\/hu\/hs-portal\/\",\"url\":\"https:\/\/agh.sk\/hu\/hs-portal\/\",\"name\":\"HS Port\u00e1l - Juraj \u00c1gh - \u00c1GH STOL\u00c1RSTVO\",\"isPartOf\":{\"@id\":\"https:\/\/agh.sk\/#website\"},\"datePublished\":\"2017-10-06T15:45:00+00:00\",\"dateModified\":\"2018-05-21T06:48:49+00:00\",\"breadcrumb\":{\"@id\":\"https:\/\/agh.sk\/hu\/hs-portal\/#breadcrumb\"},\"inLanguage\":\"hu\",\"potentialAction\":[{\"@type\":\"ReadAction\",\"target\":[\"https:\/\/agh.sk\/hu\/hs-portal\/\"]}]},{\"@type\":\"BreadcrumbList\",\"@id\":\"https:\/\/agh.sk\/hu\/hs-portal\/#breadcrumb\",\"itemListElement\":[{\"@type\":\"ListItem\",\"position\":1,\"name\":\"Domov\",\"item\":\"https:\/\/agh.sk\/hu\/domov\/\"},{\"@type\":\"ListItem\",\"position\":2,\"name\":\"Tol\u00f3rendszerek\",\"item\":\"https:\/\/agh.sk\/hu\/posuvne-systemy\/\"},{\"@type\":\"ListItem\",\"position\":3,\"name\":\"HS Port\u00e1l\"}]},{\"@type\":\"WebSite\",\"@id\":\"https:\/\/agh.sk\/#website\",\"url\":\"https:\/\/agh.sk\/\",\"name\":\"Juraj \u00c1gh - \u00c1GH STOL\u00c1RSTVO\",\"description\":\"Okn\u00e1 a dvere\",\"potentialAction\":[{\"@type\":\"SearchAction\",\"target\":{\"@type\":\"EntryPoint\",\"urlTemplate\":\"https:\/\/agh.sk\/?s={search_term_string}\"},\"query-input\":\"required name=search_term_string\"}],\"inLanguage\":\"hu\"}]}<\/script>\n<!-- \/ Yoast SEO plugin. -->","yoast_head_json":{"title":"HS Port\u00e1l - Juraj \u00c1gh - \u00c1GH STOL\u00c1RSTVO","robots":{"index":"index","follow":"follow","max-snippet":"max-snippet:-1","max-image-preview":"max-image-preview:large","max-video-preview":"max-video-preview:-1"},"canonical":"https:\/\/agh.sk\/hu\/hs-portal\/","og_locale":"hu_HU","og_type":"article","og_title":"HS Port\u00e1l - Juraj \u00c1gh - \u00c1GH STOL\u00c1RSTVO","og_description":"[vc_row][vc_column][\/vc_column][\/vc_row][vc_row][vc_column][vc_separator css=&#8221;.vc_custom_1519037754479{margin-top: 4rem !important;margin-bottom: 5rem !important;}&#8221;][\/vc_column][\/vc_row][vc_row][vc_column][vc_single_image image=&#8221;2963&#8243; img_size=&#8221;570&#215;323&#8243;][\/vc_column][\/vc_row]","og_url":"https:\/\/agh.sk\/hu\/hs-portal\/","og_site_name":"Juraj \u00c1gh - \u00c1GH STOL\u00c1RSTVO","article_publisher":"https:\/\/www.facebook.com\/GH-okn-a-dvere-sro-745662738825627\/","article_modified_time":"2018-05-21T06:48:49+00:00","twitter_card":"summary_large_image","twitter_misc":{"Becs\u00fclt olvas\u00e1si id\u0151":"3 perc"},"schema":{"@context":"https:\/\/schema.org","@graph":[{"@type":"WebPage","@id":"https:\/\/agh.sk\/hu\/hs-portal\/","url":"https:\/\/agh.sk\/hu\/hs-portal\/","name":"HS Port\u00e1l - Juraj \u00c1gh - \u00c1GH STOL\u00c1RSTVO","isPartOf":{"@id":"https:\/\/agh.sk\/#website"},"datePublished":"2017-10-06T15:45:00+00:00","dateModified":"2018-05-21T06:48:49+00:00","breadcrumb":{"@id":"https:\/\/agh.sk\/hu\/hs-portal\/#breadcrumb"},"inLanguage":"hu","potentialAction":[{"@type":"ReadAction","target":["https:\/\/agh.sk\/hu\/hs-portal\/"]}]},{"@type":"BreadcrumbList","@id":"https:\/\/agh.sk\/hu\/hs-portal\/#breadcrumb","itemListElement":[{"@type":"ListItem","position":1,"name":"Domov","item":"https:\/\/agh.sk\/hu\/domov\/"},{"@type":"ListItem","position":2,"name":"Tol\u00f3rendszerek","item":"https:\/\/agh.sk\/hu\/posuvne-systemy\/"},{"@type":"ListItem","position":3,"name":"HS Port\u00e1l"}]},{"@type":"WebSite","@id":"https:\/\/agh.sk\/#website","url":"https:\/\/agh.sk\/","name":"Juraj \u00c1gh - \u00c1GH STOL\u00c1RSTVO","description":"Okn\u00e1 a dvere","potentialAction":[{"@type":"SearchAction","target":{"@type":"EntryPoint","urlTemplate":"https:\/\/agh.sk\/?s={search_term_string}"},"query-input":"required name=search_term_string"}],"inLanguage":"hu"}]}},"_links":{"self":[{"href":"https:\/\/agh.sk\/hu\/wp-json\/wp\/v2\/pages\/4186"}],"collection":[{"href":"https:\/\/agh.sk\/hu\/wp-json\/wp\/v2\/pages"}],"about":[{"href":"https:\/\/agh.sk\/hu\/wp-json\/wp\/v2\/types\/page"}],"author":[{"embeddable":true,"href":"https:\/\/agh.sk\/hu\/wp-json\/wp\/v2\/users\/1"}],"replies":[{"embeddable":true,"href":"https:\/\/agh.sk\/hu\/wp-json\/wp\/v2\/comments?post=4186"}],"version-history":[{"count":2,"href":"https:\/\/agh.sk\/hu\/wp-json\/wp\/v2\/pages\/4186\/revisions"}],"predecessor-version":[{"id":4189,"href":"https:\/\/agh.sk\/hu\/wp-json\/wp\/v2\/pages\/4186\/revisions\/4189"}],"up":[{"embeddable":true,"href":"https:\/\/agh.sk\/hu\/wp-json\/wp\/v2\/pages\/4183"}],"wp:attachment":[{"href":"https:\/\/agh.sk\/hu\/wp-json\/wp\/v2\/media?parent=4186"}],"curies":[{"name":"wp","href":"https:\/\/api.w.org\/{rel}","templated":true}]}}