{"id":4183,"date":"2017-10-10T11:03:02","date_gmt":"2017-10-10T09:03:02","guid":{"rendered":"https:\/\/agh.sk\/posuvne-systemy-2\/"},"modified":"2018-05-21T11:30:10","modified_gmt":"2018-05-21T09:30:10","slug":"posuvne-systemy-2","status":"publish","type":"page","link":"https:\/\/agh.sk\/hu\/posuvne-systemy","title":{"rendered":"Tol\u00f3rendszerek"},"content":{"rendered":"<p>[vc_row][vc_column]<div  id=\"sc_promo_2097727699\" \n\tclass=\"sc_promo sc_promo_default sc_promo_size_large sc_promo_no_paddings sc_promo_no_image\"><div class=\"sc_promo_text\" style=\"width: 100%;\">\n\t\t\t<div class=\"sc_promo_text_inner\" style=\"\"><h2 class=\"sc_item_title sc_promo_title sc_align_center sc_item_title_style_default\">Tol\u00f3rendszerek<\/h2><h6 class=\"sc_item_subtitle sc_promo_subtitle sc_align_center sc_item_title_style_default\">\u00c9lvezze az akad\u00e1lymentes kil\u00e1t\u00e1st<\/h6><div class=\"sc_item_descr sc_promo_descr sc_align_center\">A praktikus tol\u00f3ajt\u00f3 rendszerek nemcsak kertje vagy terasza sz\u00e9ps\u00e9geinek csod\u00e1lat\u00e1t k\u00edn\u00e1lj\u00e1k, ezen t\u00fal tervez\u0151i csemege, amely minden otthon \u00e9ke. A tol\u00f3rendszerek eleg\u00e1nsan \u00f6sszek\u00f6tik a bels\u0151 teret a k\u00fcls\u0151vel, m\u00e9gis t\u00f6k\u00e9letesen szigetelnek \u00e9s biztons\u00e1got ny\u00fajtanak. A tol\u00f3rendszereket a legkiv\u00e1l\u00f3bb \u00e9s legtart\u00f3sabb faanyagb\u00f3l gy\u00e1rtjuk, amely hossz\u00fa \u00e9lettartamot biztos\u00edt \u00e9s k\u00f6lts\u00e9get takar\u00edt meg. A tol\u00f3rendszerek olyan ter\u00fcleteken is c\u00e9lravezet\u0151k, ahol gyakorlati okokb\u00f3l sz\u00fcks\u00e9g van akad\u00e1lymentes hozz\u00e1f\u00e9r\u00e9sre, ami nagym\u00e9rt\u00e9kben jav\u00edthatja a fogyat\u00e9kkal vagy m\u00e1s fizikai neh\u00e9zs\u00e9ggel \u00e9l\u0151k \u00e9letmin\u0151s\u00e9g\u00e9t. A tol\u00f3ajt\u00f3s rendszerek megfelelnek m\u00e9g a legig\u00e9nyesebb formatervez\u00e9ssel szemben t\u00e1masztott ig\u00e9nyeknek, illetve a biztons\u00e1g \u00e9s az egyszer\u0171 haszn\u00e1lat k\u00f6vetelm\u00e9nyeinek.<\/div><div class=\"sc_promo_content sc_item_content\">[vc_column_text]<\/p>\n<p style=\"text-align: center;\"><em>A tol\u00f3ajt\u00f3 rendszerek kiel\u00e9g\u00edtik az \u00d6n formatervez\u00e9ssel \u00e9s k\u00f6nny\u0171 kezelhet\u0151s\u00e9ggel szemben t\u00e1masztott legmagasabb ig\u00e9nyeit is.<\/em><\/p>\n<p>[\/vc_column_text][vc_empty_space alter_height=&#8221;small&#8221; hide_on_mobile=&#8221;&#8221;]<\/div><\/div>\n\t\t<\/div><!-- \/.sc_promo_text --><\/div><!-- \/.sc_promo -->[vc_empty_space hide_on_mobile=&#8221;&#8221;][\/vc_column][\/vc_row][vc_row][vc_column width=&#8221;1\/3&#8243; css=&#8221;.vc_custom_1507550970372{padding-right: 0px !important;padding-left: 0px !important;background-color: #f7f7f7 !important;}&#8221; el_class=&#8221;columnborder&#8221;]<div id=\"sc_title_35085909\"\n\t\tclass=\"scheme_default sc_title sc_title_default title  vc_custom_1526635486809\"><h2 class=\"sc_item_title sc_title_title sc_align_default sc_item_title_style_default\">HS Port\u00e1l<\/h2><\/div><!-- \/.sc_title -->[vc_single_image image=&#8221;2665&#8243; img_size=&#8221;380&#215;252&#8243; alignment=&#8221;center&#8221; el_class=&#8221;foto&#8221;][vc_empty_space height=&#8221;16px&#8221; hide_on_mobile=&#8221;&#8221;][vc_column_text css=&#8221;.vc_custom_1526635500729{padding-top: 10px !important;padding-right: 10px !important;padding-bottom: 10px !important;padding-left: 10px !important;}&#8221;]Az emel\u0151 &#8211; tol\u00f3 rendszer kihaszn\u00e1lja az egyik sz\u00e1rny emel\u00e9s\u00e9nek mechanizmus\u00e1t, amivel \u00f6sszekapcsolhat\u00f3 a k\u00fcl \u00e9s belt\u00e9r otthon\u00e1ban. A tol\u00f3rendszer nagy form\u00e1tum\u00fa ajt\u00f3kn\u00e1l is m\u0171k\u00f6dik 400 kg-ig.[\/vc_column_text][vc_empty_space height=&#8221;16px&#8221; hide_on_mobile=&#8221;&#8221;]<div class=\"sc_item_button sc_button_wrap sc_align_center\"><a href=\"https:\/\/agh.sk\/hu\/hs-portal\"\n\t id=\"sc_button_135466861\" \n\tclass=\"sc_button sc_button_default sc_button_size_large sc_button_icon_left\"\n\t\t><span class=\"sc_button_text sc_align_center\"><span class=\"sc_button_title\">MEGJELEN\u00cdTENI<\/span><\/span><!-- \/.sc_button_text --><\/a><!-- \/.sc_button --><\/div><!-- \/.sc_item_button -->[vc_empty_space height=&#8221;16px&#8221; hide_on_mobile=&#8221;&#8221;][\/vc_column][vc_column width=&#8221;1\/3&#8243; css=&#8221;.vc_custom_1507550957712{padding-right: 0px !important;padding-left: 0px !important;background-color: #f7f7f7 !important;}&#8221; el_class=&#8221;columnborder&#8221;]<div id=\"sc_title_1945138755\"\n\t\tclass=\"scheme_default sc_title sc_title_default title  vc_custom_1526635511064\"><h2 class=\"sc_item_title sc_title_title sc_align_default sc_item_title_style_default\">FS Port\u00e1l<\/h2><\/div><!-- \/.sc_title -->[vc_single_image image=&#8221;2660&#8243; img_size=&#8221;380&#215;252&#8243; alignment=&#8221;center&#8221; el_class=&#8221;foto&#8221;][vc_empty_space height=&#8221;16px&#8221; hide_on_mobile=&#8221;&#8221;][vc_column_text css=&#8221;.vc_custom_1526635522346{padding-top: 10px !important;padding-right: 10px !important;padding-bottom: 10px !important;padding-left: 10px !important;}&#8221;]A tol\u00f3ajt\u00f3k \u00f6sszecsukhat\u00f3 nyit\u00f3rendszerrel olyan nagy terekben haszn\u00e1lhat\u00f3k, ahol sz\u00e9les \u00e1tmenetekre van sz\u00fcks\u00e9g. Az ajt\u00f3 egyes r\u00e9szeinek cs\u00fasztat\u00e1sakor harmonika effektus j\u00f6n l\u00e9tre, ami helyet takar\u00edt meg a bels\u0151 t\u00e9rben.[\/vc_column_text][vc_empty_space height=&#8221;16px&#8221; hide_on_mobile=&#8221;&#8221;]<div class=\"sc_item_button sc_button_wrap sc_align_center\"><a href=\"https:\/\/agh.sk\/hu\/fs-portal\"\n\t id=\"sc_button_573956079\" \n\tclass=\"sc_button sc_button_default sc_button_size_large sc_button_icon_left\"\n\t\t><span class=\"sc_button_text sc_align_center\"><span class=\"sc_button_title\">MEGJELEN\u00cdTENI<\/span><\/span><!-- \/.sc_button_text --><\/a><!-- \/.sc_button --><\/div><!-- \/.sc_item_button -->[vc_empty_space height=&#8221;16px&#8221; hide_on_mobile=&#8221;&#8221;][\/vc_column][vc_column width=&#8221;1\/3&#8243; css=&#8221;.vc_custom_1507550965138{padding-right: 0px !important;padding-left: 0px !important;background-color: #f7f7f7 !important;}&#8221; el_class=&#8221;columnborder&#8221;]<div id=\"sc_title_2057044965\"\n\t\tclass=\"scheme_default sc_title sc_title_default title  vc_custom_1526635532592\"><h2 class=\"sc_item_title sc_title_title sc_align_default sc_item_title_style_default\">PSK Port\u00e1l<\/h2><\/div><!-- \/.sc_title -->[vc_single_image image=&#8221;2663&#8243; img_size=&#8221;380&#215;252&#8243; alignment=&#8221;center&#8221; el_class=&#8221;foto&#8221;][vc_empty_space height=&#8221;16px&#8221; hide_on_mobile=&#8221;&#8221;][vc_column_text css=&#8221;.vc_custom_1526635545033{padding-top: 10px !important;padding-right: 10px !important;padding-bottom: 10px !important;padding-left: 10px !important;}&#8221;]Egyszer\u0171 ny\u00edl\u00e1sz\u00e1r\u00f3 rendszer nagym\u00e9ret\u0171, \u00fcvegezett ajt\u00f3khoz, melyeket nem csak mozgathat, hanem d\u00f6nthet\u0151 \u00e9s szell\u0151z\u0151 ablakk\u00e9nt is haszn\u00e1lhat. A k\u00e9nyelmes ajt\u00f3vez\u00e9rl\u00e9st a k\u00f6zponti foganty\u00fa biztos\u00edtja.[\/vc_column_text][vc_empty_space height=&#8221;16px&#8221; hide_on_mobile=&#8221;&#8221;]<div class=\"sc_item_button sc_button_wrap sc_align_center\"><a href=\"https:\/\/agh.sk\/hu\/psk-portal\"\n\t id=\"sc_button_1474958811\" \n\tclass=\"sc_button sc_button_default sc_button_size_large sc_button_icon_left\"\n\t\t><span class=\"sc_button_text sc_align_center\"><span class=\"sc_button_title\">MEGJELEN\u00cdTENI<\/span><\/span><!-- \/.sc_button_text --><\/a><!-- \/.sc_button --><\/div><!-- \/.sc_item_button -->[vc_empty_space height=&#8221;16px&#8221; hide_on_mobile=&#8221;&#8221;][\/vc_column][\/vc_row]<\/p>\n","protected":false},"excerpt":{"rendered":"<p>[vc_row][vc_column][vc_empty_space hide_on_mobile=&#8221;&#8221;][\/vc_column][\/vc_row][vc_row][vc_column width=&#8221;1\/3&#8243; css=&#8221;.vc_custom_1507550970372{padding-right: 0px !important;padding-left: 0px !important;background-color: #f7f7f7 !important;}&#8221; el_class=&#8221;columnborder&#8221;][vc_single_image image=&#8221;2665&#8243; img_size=&#8221;380&#215;252&#8243; alignment=&#8221;center&#8221; el_class=&#8221;foto&#8221;][vc_empty_space height=&#8221;16px&#8221; hide_on_mobile=&#8221;&#8221;][vc_column_text css=&#8221;.vc_custom_1526635500729{padding-top: 10px !important;padding-right: 10px !important;padding-bottom: 10px !important;padding-left: 10px !important;}&#8221;]Az emel\u0151 &#8211; tol\u00f3 rendszer kihaszn\u00e1lja az egyik sz\u00e1rny emel\u00e9s\u00e9nek mechanizmus\u00e1t, amivel \u00f6sszekapcsolhat\u00f3 a k\u00fcl \u00e9s belt\u00e9r otthon\u00e1ban. A tol\u00f3rendszer nagy form\u00e1tum\u00fa ajt\u00f3kn\u00e1l is m\u0171k\u00f6dik 400 kg-ig.[\/vc_column_text][vc_empty_space height=&#8221;16px&#8221; hide_on_mobile=&#8221;&#8221;][vc_empty_space height=&#8221;16px&#8221; hide_on_mobile=&#8221;&#8221;][\/vc_column][vc_column width=&#8221;1\/3&#8243; css=&#8221;.vc_custom_1507550957712{padding-right: 0px !important;padding-left:&hellip;<\/p>\n","protected":false},"author":1,"featured_media":0,"parent":0,"menu_order":0,"comment_status":"closed","ping_status":"closed","template":"","meta":{"_exactmetrics_skip_tracking":false,"_exactmetrics_sitenote_active":false,"_exactmetrics_sitenote_note":"","_exactmetrics_sitenote_category":0,"ngg_post_thumbnail":0},"yoast_head":"<!-- This site is optimized with the Yoast SEO plugin v19.5.1 - https:\/\/yoast.com\/wordpress\/plugins\/seo\/ -->\n<title>Tol\u00f3rendszerek - Juraj \u00c1gh - \u00c1GH STOL\u00c1RSTVO<\/title>\n<meta name=\"robots\" content=\"index, follow, max-snippet:-1, max-image-preview:large, max-video-preview:-1\" \/>\n<link rel=\"canonical\" href=\"https:\/\/agh.sk\/hu\/posuvne-systemy\/\" \/>\n<meta property=\"og:locale\" content=\"hu_HU\" \/>\n<meta property=\"og:type\" content=\"article\" \/>\n<meta property=\"og:title\" content=\"Tol\u00f3rendszerek - Juraj \u00c1gh - \u00c1GH STOL\u00c1RSTVO\" \/>\n<meta property=\"og:description\" content=\"[vc_row][vc_column][vc_empty_space hide_on_mobile=&#8221;&#8221;][\/vc_column][\/vc_row][vc_row][vc_column width=&#8221;1\/3&#8243; css=&#8221;.vc_custom_1507550970372{padding-right: 0px !important;padding-left: 0px !important;background-color: #f7f7f7 !important;}&#8221; el_class=&#8221;columnborder&#8221;][vc_single_image image=&#8221;2665&#8243; img_size=&#8221;380&#215;252&#8243; alignment=&#8221;center&#8221; el_class=&#8221;foto&#8221;][vc_empty_space height=&#8221;16px&#8221; hide_on_mobile=&#8221;&#8221;][vc_column_text css=&#8221;.vc_custom_1526635500729{padding-top: 10px !important;padding-right: 10px !important;padding-bottom: 10px !important;padding-left: 10px !important;}&#8221;]Az emel\u0151 &#8211; tol\u00f3 rendszer kihaszn\u00e1lja az egyik sz\u00e1rny emel\u00e9s\u00e9nek mechanizmus\u00e1t, amivel \u00f6sszekapcsolhat\u00f3 a k\u00fcl \u00e9s belt\u00e9r otthon\u00e1ban. A tol\u00f3rendszer nagy form\u00e1tum\u00fa ajt\u00f3kn\u00e1l is m\u0171k\u00f6dik 400 kg-ig.[\/vc_column_text][vc_empty_space height=&#8221;16px&#8221; hide_on_mobile=&#8221;&#8221;][vc_empty_space height=&#8221;16px&#8221; hide_on_mobile=&#8221;&#8221;][\/vc_column][vc_column width=&#8221;1\/3&#8243; css=&#8221;.vc_custom_1507550957712{padding-right: 0px !important;padding-left:&hellip;\" \/>\n<meta property=\"og:url\" content=\"https:\/\/agh.sk\/hu\/posuvne-systemy\/\" \/>\n<meta property=\"og:site_name\" content=\"Juraj \u00c1gh - \u00c1GH STOL\u00c1RSTVO\" \/>\n<meta property=\"article:publisher\" content=\"https:\/\/www.facebook.com\/GH-okn-a-dvere-sro-745662738825627\/\" \/>\n<meta property=\"article:modified_time\" content=\"2018-05-21T09:30:10+00:00\" \/>\n<meta name=\"twitter:card\" content=\"summary_large_image\" \/>\n<meta name=\"twitter:label1\" content=\"Becs\u00fclt olvas\u00e1si id\u0151\" \/>\n\t<meta name=\"twitter:data1\" content=\"4 perc\" \/>\n<script type=\"application\/ld+json\" class=\"yoast-schema-graph\">{\"@context\":\"https:\/\/schema.org\",\"@graph\":[{\"@type\":\"WebPage\",\"@id\":\"https:\/\/agh.sk\/hu\/posuvne-systemy\/\",\"url\":\"https:\/\/agh.sk\/hu\/posuvne-systemy\/\",\"name\":\"Tol\u00f3rendszerek - Juraj \u00c1gh - \u00c1GH STOL\u00c1RSTVO\",\"isPartOf\":{\"@id\":\"https:\/\/agh.sk\/#website\"},\"datePublished\":\"2017-10-10T09:03:02+00:00\",\"dateModified\":\"2018-05-21T09:30:10+00:00\",\"breadcrumb\":{\"@id\":\"https:\/\/agh.sk\/hu\/posuvne-systemy\/#breadcrumb\"},\"inLanguage\":\"hu\",\"potentialAction\":[{\"@type\":\"ReadAction\",\"target\":[\"https:\/\/agh.sk\/hu\/posuvne-systemy\/\"]}]},{\"@type\":\"BreadcrumbList\",\"@id\":\"https:\/\/agh.sk\/hu\/posuvne-systemy\/#breadcrumb\",\"itemListElement\":[{\"@type\":\"ListItem\",\"position\":1,\"name\":\"Domov\",\"item\":\"https:\/\/agh.sk\/hu\/domov\/\"},{\"@type\":\"ListItem\",\"position\":2,\"name\":\"Tol\u00f3rendszerek\"}]},{\"@type\":\"WebSite\",\"@id\":\"https:\/\/agh.sk\/#website\",\"url\":\"https:\/\/agh.sk\/\",\"name\":\"Juraj \u00c1gh - \u00c1GH STOL\u00c1RSTVO\",\"description\":\"Okn\u00e1 a dvere\",\"potentialAction\":[{\"@type\":\"SearchAction\",\"target\":{\"@type\":\"EntryPoint\",\"urlTemplate\":\"https:\/\/agh.sk\/?s={search_term_string}\"},\"query-input\":\"required name=search_term_string\"}],\"inLanguage\":\"hu\"}]}<\/script>\n<!-- \/ Yoast SEO plugin. -->","yoast_head_json":{"title":"Tol\u00f3rendszerek - Juraj \u00c1gh - \u00c1GH STOL\u00c1RSTVO","robots":{"index":"index","follow":"follow","max-snippet":"max-snippet:-1","max-image-preview":"max-image-preview:large","max-video-preview":"max-video-preview:-1"},"canonical":"https:\/\/agh.sk\/hu\/posuvne-systemy\/","og_locale":"hu_HU","og_type":"article","og_title":"Tol\u00f3rendszerek - Juraj \u00c1gh - \u00c1GH STOL\u00c1RSTVO","og_description":"[vc_row][vc_column][vc_empty_space hide_on_mobile=&#8221;&#8221;][\/vc_column][\/vc_row][vc_row][vc_column width=&#8221;1\/3&#8243; css=&#8221;.vc_custom_1507550970372{padding-right: 0px !important;padding-left: 0px !important;background-color: #f7f7f7 !important;}&#8221; el_class=&#8221;columnborder&#8221;][vc_single_image image=&#8221;2665&#8243; img_size=&#8221;380&#215;252&#8243; alignment=&#8221;center&#8221; el_class=&#8221;foto&#8221;][vc_empty_space height=&#8221;16px&#8221; hide_on_mobile=&#8221;&#8221;][vc_column_text css=&#8221;.vc_custom_1526635500729{padding-top: 10px !important;padding-right: 10px !important;padding-bottom: 10px !important;padding-left: 10px !important;}&#8221;]Az emel\u0151 &#8211; tol\u00f3 rendszer kihaszn\u00e1lja az egyik sz\u00e1rny emel\u00e9s\u00e9nek mechanizmus\u00e1t, amivel \u00f6sszekapcsolhat\u00f3 a k\u00fcl \u00e9s belt\u00e9r otthon\u00e1ban. A tol\u00f3rendszer nagy form\u00e1tum\u00fa ajt\u00f3kn\u00e1l is m\u0171k\u00f6dik 400 kg-ig.[\/vc_column_text][vc_empty_space height=&#8221;16px&#8221; hide_on_mobile=&#8221;&#8221;][vc_empty_space height=&#8221;16px&#8221; hide_on_mobile=&#8221;&#8221;][\/vc_column][vc_column width=&#8221;1\/3&#8243; css=&#8221;.vc_custom_1507550957712{padding-right: 0px !important;padding-left:&hellip;","og_url":"https:\/\/agh.sk\/hu\/posuvne-systemy\/","og_site_name":"Juraj \u00c1gh - \u00c1GH STOL\u00c1RSTVO","article_publisher":"https:\/\/www.facebook.com\/GH-okn-a-dvere-sro-745662738825627\/","article_modified_time":"2018-05-21T09:30:10+00:00","twitter_card":"summary_large_image","twitter_misc":{"Becs\u00fclt olvas\u00e1si id\u0151":"4 perc"},"schema":{"@context":"https:\/\/schema.org","@graph":[{"@type":"WebPage","@id":"https:\/\/agh.sk\/hu\/posuvne-systemy\/","url":"https:\/\/agh.sk\/hu\/posuvne-systemy\/","name":"Tol\u00f3rendszerek - Juraj \u00c1gh - \u00c1GH STOL\u00c1RSTVO","isPartOf":{"@id":"https:\/\/agh.sk\/#website"},"datePublished":"2017-10-10T09:03:02+00:00","dateModified":"2018-05-21T09:30:10+00:00","breadcrumb":{"@id":"https:\/\/agh.sk\/hu\/posuvne-systemy\/#breadcrumb"},"inLanguage":"hu","potentialAction":[{"@type":"ReadAction","target":["https:\/\/agh.sk\/hu\/posuvne-systemy\/"]}]},{"@type":"BreadcrumbList","@id":"https:\/\/agh.sk\/hu\/posuvne-systemy\/#breadcrumb","itemListElement":[{"@type":"ListItem","position":1,"name":"Domov","item":"https:\/\/agh.sk\/hu\/domov\/"},{"@type":"ListItem","position":2,"name":"Tol\u00f3rendszerek"}]},{"@type":"WebSite","@id":"https:\/\/agh.sk\/#website","url":"https:\/\/agh.sk\/","name":"Juraj \u00c1gh - \u00c1GH STOL\u00c1RSTVO","description":"Okn\u00e1 a dvere","potentialAction":[{"@type":"SearchAction","target":{"@type":"EntryPoint","urlTemplate":"https:\/\/agh.sk\/?s={search_term_string}"},"query-input":"required name=search_term_string"}],"inLanguage":"hu"}]}},"_links":{"self":[{"href":"https:\/\/agh.sk\/hu\/wp-json\/wp\/v2\/pages\/4183"}],"collection":[{"href":"https:\/\/agh.sk\/hu\/wp-json\/wp\/v2\/pages"}],"about":[{"href":"https:\/\/agh.sk\/hu\/wp-json\/wp\/v2\/types\/page"}],"author":[{"embeddable":true,"href":"https:\/\/agh.sk\/hu\/wp-json\/wp\/v2\/users\/1"}],"replies":[{"embeddable":true,"href":"https:\/\/agh.sk\/hu\/wp-json\/wp\/v2\/comments?post=4183"}],"version-history":[{"count":4,"href":"https:\/\/agh.sk\/hu\/wp-json\/wp\/v2\/pages\/4183\/revisions"}],"predecessor-version":[{"id":4257,"href":"https:\/\/agh.sk\/hu\/wp-json\/wp\/v2\/pages\/4183\/revisions\/4257"}],"wp:attachment":[{"href":"https:\/\/agh.sk\/hu\/wp-json\/wp\/v2\/media?parent=4183"}],"curies":[{"name":"wp","href":"https:\/\/api.w.org\/{rel}","templated":true}]}}