{"id":4180,"date":"2018-02-12T10:44:05","date_gmt":"2018-02-12T09:44:05","guid":{"rendered":"https:\/\/agh.sk\/produkty\/dvere\/dvere-so-zarubnou\/"},"modified":"2018-05-18T11:18:26","modified_gmt":"2018-05-18T09:18:26","slug":"dvere-so-zarubnou","status":"publish","type":"page","link":"https:\/\/agh.sk\/hu\/dvere-so-zarubnou","title":{"rendered":"Ajt\u00f3k kerettel"},"content":{"rendered":"<p>[vc_row][vc_column]<div  id=\"sc_promo_926976138\" \n\tclass=\"sc_promo sc_promo_default sc_promo_size_large sc_promo_no_paddings sc_promo_no_image\"><div class=\"sc_promo_text\" style=\"width: 100%;\">\n\t\t\t<div class=\"sc_promo_text_inner\" style=\"\"><h2 class=\"sc_item_title sc_promo_title sc_align_center sc_item_title_style_default\">Ajt\u00f3k kerettel<\/h2><h6 class=\"sc_item_subtitle sc_promo_subtitle sc_align_center sc_item_title_style_default\">A robusztus fakeret fontos r\u00e9sze az \u00d6n ajt\u00f3inak<\/h6><div class=\"sc_item_descr sc_promo_descr sc_align_center\">Szabv\u00e1nyos ajt\u00f3kereteket, illetve m\u00e9rtere k\u00e9sz\u00fclt atipikus megold\u00e1sokat is gy\u00e1rtunk. A magass\u00e1g meghat\u00e1roz\u00e1sa \u00e9s tervez\u00e9s az \u00d6n kez\u00e9ben van, minden az elk\u00e9pzel\u00e9sein m\u00falik. A fa keretek csal\u00e1di m\u0171hely\u00fcnkben k\u00e9sz\u00fclnek. Kiv\u00e1l\u00f3 min\u0151s\u00e9g\u0171 fa ajt\u00f3kereteinket kedvez\u0151 \u00e1ron k\u00edn\u00e1ljuk. Ajt\u00f3kereteink el\u0151ny\u00f6s beruh\u00e1z\u00e1st jelentenek, mivel hossz\u00fa az \u00e9lettartamuk \u00e9s a felhaszn\u00e1lt anyag stabilit\u00e1sa jellemzi \u0151ket. A fa keretek nem csup\u00e1n egyedi kin\u00e9zet\u00fckkel, hanem kiv\u00e1l\u00f3 haszn\u00e1lati tulajdons\u00e1gaiknak k\u00f6sz\u00f6nhet\u0151en is elt\u00e9rnek az ac\u00e9l keretekt\u0151l. A fa ajt\u00f3keretek az egyes helyis\u00e9gekben h\u0151t takar\u00edtanak meg, \u00e9s jobban ellen\u00e1llnak a mindennapi ig\u00e9nybev\u00e9telnek.<\/div><div class=\"sc_promo_content sc_item_content\">[vc_column_text]<\/p>\n<p style=\"text-align: center;\"><em>Az eredeti f\u00e1b\u00f3l k\u00e9sz\u00fclt erk\u00e9lyajt\u00f3k nagyszer\u0171 \u00e9p\u00edt\u00e9szeti megold\u00e1st jelentenek, amelyek kieg\u00e9sz\u00edtik otthon\u00e1nak vizu\u00e1lis aspektusait.<\/em><\/p>\n<p>[\/vc_column_text][vc_empty_space height=&#8221;&#8221; alter_height=&#8221;small&#8221; hide_on_mobile=&#8221;&#8221;][vc_row_inner][vc_column_inner width=&#8221;1\/2&#8243;][vc_column_text]<\/p>\n<ul class=\"trx_addons_list trx_addons_list_dot\">\n<li>Az ajt\u00f3kereteket m\u00e9retre gy\u00e1rtjuk, a hozz\u00e1 tartoz\u00f3 mint\u00e1zattal, amely teljesen idomul ajt\u00f3i k\u00fclsej\u00e9hez. K\u00fcl\u00f6nb\u00f6z\u0151 klasszikus fafajt\u00e1k k\u00f6z\u00fcl v\u00e1laszthat, de nem z\u00e1rk\u00f3zunk el az egzotikus f\u00e1b\u00f3l k\u00e9sz\u00fclt megold\u00e1sokt\u00f3l sem.<\/li>\n<li>A kerettel rendelkez\u0151 bels\u0151 ajt\u00f3k minden modern lak\u00f3- vagy k\u00f6z\u00e9p\u00fclet r\u00e9sz\u00e9t k\u00e9pezik. Eszt\u00e9tikailag harmoniz\u00e1lnak a k\u00e9sz ajt\u00f3k formatervez\u00e9s\u00e9vel \u00e9s kell\u0151 stabilit\u00e1st adnak nekik. V\u00e1lassza ki a megfelel\u0151 vastags\u00e1g\u00fa keretet a hozz\u00e1 tartoz\u00f3 param\u00e9terekkel.<\/li>\n<\/ul>\n<p>[\/vc_column_text][\/vc_column_inner][vc_column_inner width=&#8221;1\/2&#8243;][vc_column_text]<\/p>\n<ul class=\"trx_addons_list trx_addons_list_dot\">\n<li>K\u00fcls\u0151 ajt\u00f3kat is k\u00e9sz\u00edt\u00fcnk egy fa ajt\u00f3kerettel. A gy\u00e1rt\u00e1s sor\u00e1n k\u00fcl\u00f6n\u00f6s figyelmet szentel\u00fcnk a t\u00f6bbr\u00e9teg\u0171 t\u00f6m\u00edt\u00e9snek \u00e9s az \u00e1tereszt\u0151k\u00e9pess\u00e9gnek. A keretek t\u00f6k\u00e9letesen el vannak helyezve az \u00e9p\u00fclet ny\u00edl\u00e1s\u00e1ban, a beszerel\u00e9st pedig szakembereink v\u00e9gzik.<\/li>\n<li>Az b\u00e9l\u00e9stokkal ell\u00e1tott ajt\u00f3k megfelel\u0151 diz\u00e1jnelemek \u00faj ajt\u00f3i \u00f6sszehangol\u00e1s\u00e1ra, illetve kompakt vizu\u00e1lis benyom\u00e1s el\u00e9r\u00e9s\u00e9re. A b\u00e9l\u00e9stokokat kerek\u00edtett \u00e9lekkel \u00e9s bor\u00edt\u00e1ssal k\u00e9sz\u00edtj\u00fck.<\/li>\n<\/ul>\n<p>[\/vc_column_text][\/vc_column_inner][\/vc_row_inner]<\/div><\/div>\n\t\t<\/div><!-- \/.sc_promo_text --><\/div><!-- \/.sc_promo -->[\/vc_column][\/vc_row]<\/p>\n","protected":false},"excerpt":{"rendered":"<p>[vc_row][vc_column][\/vc_column][\/vc_row]<\/p>\n","protected":false},"author":1,"featured_media":0,"parent":4160,"menu_order":0,"comment_status":"closed","ping_status":"closed","template":"","meta":{"_exactmetrics_skip_tracking":false,"_exactmetrics_sitenote_active":false,"_exactmetrics_sitenote_note":"","_exactmetrics_sitenote_category":0,"ngg_post_thumbnail":0},"yoast_head":"<!-- This site is optimized with the Yoast SEO plugin v19.5.1 - https:\/\/yoast.com\/wordpress\/plugins\/seo\/ -->\n<title>Ajt\u00f3k kerettel - Juraj \u00c1gh - \u00c1GH STOL\u00c1RSTVO<\/title>\n<meta name=\"robots\" content=\"index, follow, max-snippet:-1, max-image-preview:large, max-video-preview:-1\" \/>\n<link rel=\"canonical\" href=\"https:\/\/agh.sk\/hu\/dvere-so-zarubnou\/\" \/>\n<meta property=\"og:locale\" content=\"hu_HU\" \/>\n<meta property=\"og:type\" content=\"article\" \/>\n<meta property=\"og:title\" content=\"Ajt\u00f3k kerettel - Juraj \u00c1gh - \u00c1GH STOL\u00c1RSTVO\" \/>\n<meta property=\"og:description\" content=\"[vc_row][vc_column][\/vc_column][\/vc_row]\" \/>\n<meta property=\"og:url\" content=\"https:\/\/agh.sk\/hu\/dvere-so-zarubnou\/\" \/>\n<meta property=\"og:site_name\" content=\"Juraj \u00c1gh - \u00c1GH STOL\u00c1RSTVO\" \/>\n<meta property=\"article:publisher\" content=\"https:\/\/www.facebook.com\/GH-okn-a-dvere-sro-745662738825627\/\" \/>\n<meta property=\"article:modified_time\" content=\"2018-05-18T09:18:26+00:00\" \/>\n<meta name=\"twitter:card\" content=\"summary_large_image\" \/>\n<meta name=\"twitter:label1\" content=\"Becs\u00fclt olvas\u00e1si id\u0151\" \/>\n\t<meta name=\"twitter:data1\" content=\"3 perc\" \/>\n<script type=\"application\/ld+json\" class=\"yoast-schema-graph\">{\"@context\":\"https:\/\/schema.org\",\"@graph\":[{\"@type\":\"WebPage\",\"@id\":\"https:\/\/agh.sk\/hu\/dvere-so-zarubnou\/\",\"url\":\"https:\/\/agh.sk\/hu\/dvere-so-zarubnou\/\",\"name\":\"Ajt\u00f3k kerettel - Juraj \u00c1gh - \u00c1GH STOL\u00c1RSTVO\",\"isPartOf\":{\"@id\":\"https:\/\/agh.sk\/#website\"},\"datePublished\":\"2018-02-12T09:44:05+00:00\",\"dateModified\":\"2018-05-18T09:18:26+00:00\",\"breadcrumb\":{\"@id\":\"https:\/\/agh.sk\/hu\/dvere-so-zarubnou\/#breadcrumb\"},\"inLanguage\":\"hu\",\"potentialAction\":[{\"@type\":\"ReadAction\",\"target\":[\"https:\/\/agh.sk\/hu\/dvere-so-zarubnou\/\"]}]},{\"@type\":\"BreadcrumbList\",\"@id\":\"https:\/\/agh.sk\/hu\/dvere-so-zarubnou\/#breadcrumb\",\"itemListElement\":[{\"@type\":\"ListItem\",\"position\":1,\"name\":\"Domov\",\"item\":\"https:\/\/agh.sk\/hu\/domov\/\"},{\"@type\":\"ListItem\",\"position\":2,\"name\":\"Term\u00e9kek\",\"item\":\"https:\/\/agh.sk\/hu\/produkty\/\"},{\"@type\":\"ListItem\",\"position\":3,\"name\":\"M\u00e9retre gy\u00e1rtott ajt\u00f3k\",\"item\":\"https:\/\/agh.sk\/hu\/dvere-na-mieru\/\"},{\"@type\":\"ListItem\",\"position\":4,\"name\":\"Ajt\u00f3k kerettel\"}]},{\"@type\":\"WebSite\",\"@id\":\"https:\/\/agh.sk\/#website\",\"url\":\"https:\/\/agh.sk\/\",\"name\":\"Juraj \u00c1gh - \u00c1GH STOL\u00c1RSTVO\",\"description\":\"Okn\u00e1 a dvere\",\"potentialAction\":[{\"@type\":\"SearchAction\",\"target\":{\"@type\":\"EntryPoint\",\"urlTemplate\":\"https:\/\/agh.sk\/?s={search_term_string}\"},\"query-input\":\"required name=search_term_string\"}],\"inLanguage\":\"hu\"}]}<\/script>\n<!-- \/ Yoast SEO plugin. -->","yoast_head_json":{"title":"Ajt\u00f3k kerettel - Juraj \u00c1gh - \u00c1GH STOL\u00c1RSTVO","robots":{"index":"index","follow":"follow","max-snippet":"max-snippet:-1","max-image-preview":"max-image-preview:large","max-video-preview":"max-video-preview:-1"},"canonical":"https:\/\/agh.sk\/hu\/dvere-so-zarubnou\/","og_locale":"hu_HU","og_type":"article","og_title":"Ajt\u00f3k kerettel - Juraj \u00c1gh - \u00c1GH STOL\u00c1RSTVO","og_description":"[vc_row][vc_column][\/vc_column][\/vc_row]","og_url":"https:\/\/agh.sk\/hu\/dvere-so-zarubnou\/","og_site_name":"Juraj \u00c1gh - \u00c1GH STOL\u00c1RSTVO","article_publisher":"https:\/\/www.facebook.com\/GH-okn-a-dvere-sro-745662738825627\/","article_modified_time":"2018-05-18T09:18:26+00:00","twitter_card":"summary_large_image","twitter_misc":{"Becs\u00fclt olvas\u00e1si id\u0151":"3 perc"},"schema":{"@context":"https:\/\/schema.org","@graph":[{"@type":"WebPage","@id":"https:\/\/agh.sk\/hu\/dvere-so-zarubnou\/","url":"https:\/\/agh.sk\/hu\/dvere-so-zarubnou\/","name":"Ajt\u00f3k kerettel - Juraj \u00c1gh - \u00c1GH STOL\u00c1RSTVO","isPartOf":{"@id":"https:\/\/agh.sk\/#website"},"datePublished":"2018-02-12T09:44:05+00:00","dateModified":"2018-05-18T09:18:26+00:00","breadcrumb":{"@id":"https:\/\/agh.sk\/hu\/dvere-so-zarubnou\/#breadcrumb"},"inLanguage":"hu","potentialAction":[{"@type":"ReadAction","target":["https:\/\/agh.sk\/hu\/dvere-so-zarubnou\/"]}]},{"@type":"BreadcrumbList","@id":"https:\/\/agh.sk\/hu\/dvere-so-zarubnou\/#breadcrumb","itemListElement":[{"@type":"ListItem","position":1,"name":"Domov","item":"https:\/\/agh.sk\/hu\/domov\/"},{"@type":"ListItem","position":2,"name":"Term\u00e9kek","item":"https:\/\/agh.sk\/hu\/produkty\/"},{"@type":"ListItem","position":3,"name":"M\u00e9retre gy\u00e1rtott ajt\u00f3k","item":"https:\/\/agh.sk\/hu\/dvere-na-mieru\/"},{"@type":"ListItem","position":4,"name":"Ajt\u00f3k kerettel"}]},{"@type":"WebSite","@id":"https:\/\/agh.sk\/#website","url":"https:\/\/agh.sk\/","name":"Juraj \u00c1gh - \u00c1GH STOL\u00c1RSTVO","description":"Okn\u00e1 a dvere","potentialAction":[{"@type":"SearchAction","target":{"@type":"EntryPoint","urlTemplate":"https:\/\/agh.sk\/?s={search_term_string}"},"query-input":"required name=search_term_string"}],"inLanguage":"hu"}]}},"_links":{"self":[{"href":"https:\/\/agh.sk\/hu\/wp-json\/wp\/v2\/pages\/4180"}],"collection":[{"href":"https:\/\/agh.sk\/hu\/wp-json\/wp\/v2\/pages"}],"about":[{"href":"https:\/\/agh.sk\/hu\/wp-json\/wp\/v2\/types\/page"}],"author":[{"embeddable":true,"href":"https:\/\/agh.sk\/hu\/wp-json\/wp\/v2\/users\/1"}],"replies":[{"embeddable":true,"href":"https:\/\/agh.sk\/hu\/wp-json\/wp\/v2\/comments?post=4180"}],"version-history":[{"count":2,"href":"https:\/\/agh.sk\/hu\/wp-json\/wp\/v2\/pages\/4180\/revisions"}],"predecessor-version":[{"id":4182,"href":"https:\/\/agh.sk\/hu\/wp-json\/wp\/v2\/pages\/4180\/revisions\/4182"}],"up":[{"embeddable":true,"href":"https:\/\/agh.sk\/hu\/wp-json\/wp\/v2\/pages\/4160"}],"wp:attachment":[{"href":"https:\/\/agh.sk\/hu\/wp-json\/wp\/v2\/media?parent=4180"}],"curies":[{"name":"wp","href":"https:\/\/api.w.org\/{rel}","templated":true}]}}