{"id":4177,"date":"2017-10-06T17:31:23","date_gmt":"2017-10-06T15:31:23","guid":{"rendered":"https:\/\/agh.sk\/produkty\/dvere\/terasove-dvere\/"},"modified":"2018-05-18T11:13:05","modified_gmt":"2018-05-18T09:13:05","slug":"terasove-dvere","status":"publish","type":"page","link":"https:\/\/agh.sk\/hu\/terasove-dvere","title":{"rendered":"Erk\u00e9lyajt\u00f3k"},"content":{"rendered":"<p>[vc_row][vc_column]<div  id=\"sc_promo_1564339867\" \n\tclass=\"sc_promo sc_promo_default sc_promo_size_large sc_promo_no_paddings sc_promo_no_image\"><div class=\"sc_promo_text\" style=\"width: 100%;\">\n\t\t\t<div class=\"sc_promo_text_inner\" style=\"\"><h2 class=\"sc_item_title sc_promo_title sc_align_center sc_item_title_style_default\">Erk\u00e9lyajt\u00f3k<\/h2><h6 class=\"sc_item_subtitle sc_promo_subtitle sc_align_center sc_item_title_style_default\">Nagym\u00e9ret\u0171 aj\u00f3k, melyek harmonikusan \u00f6sszekapcsolj\u00e1k otthon\u00e1t a k\u00fclterekkel<\/h6><div class=\"sc_item_descr sc_promo_descr sc_align_center\">Az elk\u00e9pzel\u00e9s, hogy reggeli k\u00e1v\u00e9nkat a saj\u00e1t teraszunkon, vagy erk\u00e9ly\u00fcnk\u00f6n \u00e9lvzhetj\u00fck, mindannyiunk \u00e1lma\u2026 A be\u00fcvegezett tol\u00f3ajt\u00f3k praktikusak csal\u00e1di h\u00e1zakban is, ahol akad\u00e1lytalan kil\u00e1t\u00e1s ny\u00edlik a kertre mik\u00f6zben gyermekeit is fel\u00fcgyelheti. A f\u00e1b\u00f3l k\u00e9sz\u00fclt erk\u00e9lyajt\u00f3k potenci\u00e1lja kihaszn\u00e1lhat\u00f3 az akad\u00e1lymentes lakhat\u00e1s sz\u00fcks\u00e9gess\u00e9ge eset\u00e9n is. A tol\u00f3szerkezetes erk\u00e9lyajt\u00f3kat \u00fagy is ki tudjuk alak\u00edtani, hogy biztos\u00edtsuk a sima mozg\u00e1st a bels\u0151 t\u00e9r \u00e9s a terasz k\u00f6z\u00f6tt. Formatervezett balkonajt\u00f3kat gy\u00e1rtunk intelligens szell\u0151ztet\u0151rendszerrel. A dupla vagy h\u00e1rmas \u00fcveg garant\u00e1lja a magas k\u00e9nyelmet \u00e9s a kellemes belt\u00e9ri kl\u00edm\u00e1t a h\u00e1zban. \u00c1ltal\u00e1nban egysz\u00e1rnyas vagy k\u00e9tsz\u00e1rnyas erk\u00e9lyajt\u00f3kat gy\u00e1rtunk, de \u00f6r\u00f6mmel tesz\u00fcnk eleget \u00f6sszetettebb, atipikusabb ajt\u00f3megrendel\u00e9seknek is.<\/div><div class=\"sc_promo_content sc_item_content\">[vc_column_text]<\/p>\n<p style=\"text-align: center;\"><em>Az eredeti f\u00e1b\u00f3l k\u00e9sz\u00fclt erk\u00e9lyajt\u00f3k nagyszer\u0171 \u00e9p\u00edt\u00e9szeti megold\u00e1st jelentenek, mivel kieg\u00e9sz\u00edtik otthon\u00e1nak vizu\u00e1lis aspektusait.<\/em><\/p>\n<p>[\/vc_column_text][vc_empty_space height=&#8221;&#8221; alter_height=&#8221;small&#8221; hide_on_mobile=&#8221;&#8221;][vc_row_inner][vc_column_inner width=&#8221;1\/2&#8243;][vc_column_text]<\/p>\n<ul class=\"trx_addons_list trx_addons_list_dot\">\n<li>A f\u00e1b\u00f3l k\u00e9sz\u00fclt erk\u00e9lyajt\u00f3k k\u00e9sz\u00edt\u00e9se sor\u00e1n gondoskodunk r\u00f3la, hogy t\u00f6k\u00e9letes h\u0151szigetel\u0151 tulajdons\u00e1gokkal rendelkez\u0151 profil legyen a v\u00e9geredm\u00e9ny. A keret alj\u00e1ban l\u00e9v\u0151 fa t\u00f6lt\u0151anyag r\u00f6gz\u00edti az ajt\u00f3sz\u00e1rnyak t\u00f6m\u00edt\u00e9s\u00e9t, mik\u00f6zben megv\u00e9di a mechanikai s\u00e9r\u00fcl\u00e9st\u0151l.<\/li>\n<li>A terasz \u00e9s erk\u00e9lyajt\u00f3k sz\u00e1m\u00e1ra k\u00e9sz\u00fclt fa keret, exkluz\u00edv formatervez\u00e9ssel rendelkezik, illetve intuit\u00edv egykezes ir\u00e1ny\u00edt\u00e1ssal, egyetlen kilincs seg\u00edts\u00e9g\u00e9vel. Fa \u00e9s a sz\u00edntervek sz\u00e9les v\u00e1laszt\u00e9k\u00e1t k\u00edn\u00e1ljuk, amelyek \u00f6sszhangban lesznek a homlokzattal valamint a belt\u00e9rrel.<\/li>\n<\/ul>\n<p>[\/vc_column_text][\/vc_column_inner][vc_column_inner width=&#8221;1\/2&#8243;][vc_column_text]<\/p>\n<ul class=\"trx_addons_list trx_addons_list_dot\">\n<li>Portf\u00f3li\u00f3nk f\u00e1b\u00f3l k\u00e9sz\u00fclt tol\u00f3 HS, FS \u00e9s PSK port\u00e1lokb\u00f3l \u00e1ll. A HS port\u00e1l egy emel\u0151 &#8211; tol\u00f3 ajt\u00f3, amely 400 kg s\u00falyig elb\u00edrja az \u00fcvegezett sz\u00e1rnyat. Az FS port\u00e1l koncepci\u00f3ja az ajt\u00f3 egyes sz\u00e1rnyainak \u00f6sszehajthat\u00f3 &#8220;harmonikarendszer\u00e9n&#8221; alapul. A PSK port\u00e1l egy klasszikus tol\u00f3-billen\u0151 ajt\u00f3k.<\/li>\n<li>Az erk\u00e9lyajt\u00f3k optikailag nagy\u00edtj\u00e1k otthon\u00e1t valamint a k\u00f6z\u00e9p\u00fcleteket, illetve t\u00f6bb f\u00e9nyt engednek a terekbe. Eszt\u00e9tikusan \u00f6sszek\u00f6tik a bels\u0151 tereket a k\u00fcls\u0151 k\u00f6rnyezettel, ugyanakkor a sz\u00e1mos biztons\u00e1gi jellemz\u0151nek k\u00f6sz\u00f6nhet\u0151en megb\u00edzhat\u00f3 v\u00e9delmet ny\u00fajtanak otthona sz\u00e1m\u00e1ra.<\/li>\n<\/ul>\n<p>[\/vc_column_text][\/vc_column_inner][\/vc_row_inner]<\/div><\/div>\n\t\t<\/div><!-- \/.sc_promo_text --><\/div><!-- \/.sc_promo -->[\/vc_column][\/vc_row]<\/p>\n","protected":false},"excerpt":{"rendered":"<p>[vc_row][vc_column][\/vc_column][\/vc_row]<\/p>\n","protected":false},"author":1,"featured_media":0,"parent":4160,"menu_order":0,"comment_status":"closed","ping_status":"closed","template":"","meta":{"_exactmetrics_skip_tracking":false,"_exactmetrics_sitenote_active":false,"_exactmetrics_sitenote_note":"","_exactmetrics_sitenote_category":0,"ngg_post_thumbnail":0},"yoast_head":"<!-- This site is optimized with the Yoast SEO plugin v19.5.1 - https:\/\/yoast.com\/wordpress\/plugins\/seo\/ -->\n<title>Erk\u00e9lyajt\u00f3k - Juraj \u00c1gh - \u00c1GH STOL\u00c1RSTVO<\/title>\n<meta name=\"robots\" content=\"index, follow, max-snippet:-1, max-image-preview:large, max-video-preview:-1\" \/>\n<link rel=\"canonical\" href=\"https:\/\/agh.sk\/hu\/terasove-dvere\/\" \/>\n<meta property=\"og:locale\" content=\"hu_HU\" \/>\n<meta property=\"og:type\" content=\"article\" \/>\n<meta property=\"og:title\" content=\"Erk\u00e9lyajt\u00f3k - Juraj \u00c1gh - \u00c1GH STOL\u00c1RSTVO\" \/>\n<meta property=\"og:description\" content=\"[vc_row][vc_column][\/vc_column][\/vc_row]\" \/>\n<meta property=\"og:url\" content=\"https:\/\/agh.sk\/hu\/terasove-dvere\/\" \/>\n<meta property=\"og:site_name\" content=\"Juraj \u00c1gh - \u00c1GH STOL\u00c1RSTVO\" \/>\n<meta property=\"article:publisher\" content=\"https:\/\/www.facebook.com\/GH-okn-a-dvere-sro-745662738825627\/\" \/>\n<meta property=\"article:modified_time\" content=\"2018-05-18T09:13:05+00:00\" \/>\n<meta name=\"twitter:card\" content=\"summary_large_image\" \/>\n<meta name=\"twitter:label1\" content=\"Becs\u00fclt olvas\u00e1si id\u0151\" \/>\n\t<meta name=\"twitter:data1\" content=\"3 perc\" \/>\n<script type=\"application\/ld+json\" class=\"yoast-schema-graph\">{\"@context\":\"https:\/\/schema.org\",\"@graph\":[{\"@type\":\"WebPage\",\"@id\":\"https:\/\/agh.sk\/hu\/terasove-dvere\/\",\"url\":\"https:\/\/agh.sk\/hu\/terasove-dvere\/\",\"name\":\"Erk\u00e9lyajt\u00f3k - Juraj \u00c1gh - \u00c1GH STOL\u00c1RSTVO\",\"isPartOf\":{\"@id\":\"https:\/\/agh.sk\/#website\"},\"datePublished\":\"2017-10-06T15:31:23+00:00\",\"dateModified\":\"2018-05-18T09:13:05+00:00\",\"breadcrumb\":{\"@id\":\"https:\/\/agh.sk\/hu\/terasove-dvere\/#breadcrumb\"},\"inLanguage\":\"hu\",\"potentialAction\":[{\"@type\":\"ReadAction\",\"target\":[\"https:\/\/agh.sk\/hu\/terasove-dvere\/\"]}]},{\"@type\":\"BreadcrumbList\",\"@id\":\"https:\/\/agh.sk\/hu\/terasove-dvere\/#breadcrumb\",\"itemListElement\":[{\"@type\":\"ListItem\",\"position\":1,\"name\":\"Domov\",\"item\":\"https:\/\/agh.sk\/hu\/domov\/\"},{\"@type\":\"ListItem\",\"position\":2,\"name\":\"Term\u00e9kek\",\"item\":\"https:\/\/agh.sk\/hu\/produkty\/\"},{\"@type\":\"ListItem\",\"position\":3,\"name\":\"M\u00e9retre gy\u00e1rtott ajt\u00f3k\",\"item\":\"https:\/\/agh.sk\/hu\/dvere-na-mieru\/\"},{\"@type\":\"ListItem\",\"position\":4,\"name\":\"Erk\u00e9lyajt\u00f3k\"}]},{\"@type\":\"WebSite\",\"@id\":\"https:\/\/agh.sk\/#website\",\"url\":\"https:\/\/agh.sk\/\",\"name\":\"Juraj \u00c1gh - \u00c1GH STOL\u00c1RSTVO\",\"description\":\"Okn\u00e1 a dvere\",\"potentialAction\":[{\"@type\":\"SearchAction\",\"target\":{\"@type\":\"EntryPoint\",\"urlTemplate\":\"https:\/\/agh.sk\/?s={search_term_string}\"},\"query-input\":\"required name=search_term_string\"}],\"inLanguage\":\"hu\"}]}<\/script>\n<!-- \/ Yoast SEO plugin. -->","yoast_head_json":{"title":"Erk\u00e9lyajt\u00f3k - Juraj \u00c1gh - \u00c1GH STOL\u00c1RSTVO","robots":{"index":"index","follow":"follow","max-snippet":"max-snippet:-1","max-image-preview":"max-image-preview:large","max-video-preview":"max-video-preview:-1"},"canonical":"https:\/\/agh.sk\/hu\/terasove-dvere\/","og_locale":"hu_HU","og_type":"article","og_title":"Erk\u00e9lyajt\u00f3k - Juraj \u00c1gh - \u00c1GH STOL\u00c1RSTVO","og_description":"[vc_row][vc_column][\/vc_column][\/vc_row]","og_url":"https:\/\/agh.sk\/hu\/terasove-dvere\/","og_site_name":"Juraj \u00c1gh - \u00c1GH STOL\u00c1RSTVO","article_publisher":"https:\/\/www.facebook.com\/GH-okn-a-dvere-sro-745662738825627\/","article_modified_time":"2018-05-18T09:13:05+00:00","twitter_card":"summary_large_image","twitter_misc":{"Becs\u00fclt olvas\u00e1si id\u0151":"3 perc"},"schema":{"@context":"https:\/\/schema.org","@graph":[{"@type":"WebPage","@id":"https:\/\/agh.sk\/hu\/terasove-dvere\/","url":"https:\/\/agh.sk\/hu\/terasove-dvere\/","name":"Erk\u00e9lyajt\u00f3k - Juraj \u00c1gh - \u00c1GH STOL\u00c1RSTVO","isPartOf":{"@id":"https:\/\/agh.sk\/#website"},"datePublished":"2017-10-06T15:31:23+00:00","dateModified":"2018-05-18T09:13:05+00:00","breadcrumb":{"@id":"https:\/\/agh.sk\/hu\/terasove-dvere\/#breadcrumb"},"inLanguage":"hu","potentialAction":[{"@type":"ReadAction","target":["https:\/\/agh.sk\/hu\/terasove-dvere\/"]}]},{"@type":"BreadcrumbList","@id":"https:\/\/agh.sk\/hu\/terasove-dvere\/#breadcrumb","itemListElement":[{"@type":"ListItem","position":1,"name":"Domov","item":"https:\/\/agh.sk\/hu\/domov\/"},{"@type":"ListItem","position":2,"name":"Term\u00e9kek","item":"https:\/\/agh.sk\/hu\/produkty\/"},{"@type":"ListItem","position":3,"name":"M\u00e9retre gy\u00e1rtott ajt\u00f3k","item":"https:\/\/agh.sk\/hu\/dvere-na-mieru\/"},{"@type":"ListItem","position":4,"name":"Erk\u00e9lyajt\u00f3k"}]},{"@type":"WebSite","@id":"https:\/\/agh.sk\/#website","url":"https:\/\/agh.sk\/","name":"Juraj \u00c1gh - \u00c1GH STOL\u00c1RSTVO","description":"Okn\u00e1 a dvere","potentialAction":[{"@type":"SearchAction","target":{"@type":"EntryPoint","urlTemplate":"https:\/\/agh.sk\/?s={search_term_string}"},"query-input":"required name=search_term_string"}],"inLanguage":"hu"}]}},"_links":{"self":[{"href":"https:\/\/agh.sk\/hu\/wp-json\/wp\/v2\/pages\/4177"}],"collection":[{"href":"https:\/\/agh.sk\/hu\/wp-json\/wp\/v2\/pages"}],"about":[{"href":"https:\/\/agh.sk\/hu\/wp-json\/wp\/v2\/types\/page"}],"author":[{"embeddable":true,"href":"https:\/\/agh.sk\/hu\/wp-json\/wp\/v2\/users\/1"}],"replies":[{"embeddable":true,"href":"https:\/\/agh.sk\/hu\/wp-json\/wp\/v2\/comments?post=4177"}],"version-history":[{"count":2,"href":"https:\/\/agh.sk\/hu\/wp-json\/wp\/v2\/pages\/4177\/revisions"}],"predecessor-version":[{"id":4179,"href":"https:\/\/agh.sk\/hu\/wp-json\/wp\/v2\/pages\/4177\/revisions\/4179"}],"up":[{"embeddable":true,"href":"https:\/\/agh.sk\/hu\/wp-json\/wp\/v2\/pages\/4160"}],"wp:attachment":[{"href":"https:\/\/agh.sk\/hu\/wp-json\/wp\/v2\/media?parent=4177"}],"curies":[{"name":"wp","href":"https:\/\/api.w.org\/{rel}","templated":true}]}}