{"id":4174,"date":"2017-10-09T17:27:09","date_gmt":"2017-10-09T15:27:09","guid":{"rendered":"https:\/\/agh.sk\/produkty\/dvere\/posuvne-dvere\/"},"modified":"2018-05-18T11:09:31","modified_gmt":"2018-05-18T09:09:31","slug":"posuvne-dvere","status":"publish","type":"page","link":"https:\/\/agh.sk\/hu\/drevene-dvere","title":{"rendered":"Fa ajt\u00f3k"},"content":{"rendered":"<p>[vc_row][vc_column]<div  id=\"sc_promo_2122145445\" \n\tclass=\"sc_promo sc_promo_default sc_promo_size_large sc_promo_no_paddings sc_promo_no_image\"><div class=\"sc_promo_text\" style=\"width: 100%;\">\n\t\t\t<div class=\"sc_promo_text_inner\" style=\"\"><h2 class=\"sc_item_title sc_promo_title sc_align_center sc_item_title_style_default\">Minden h\u00e1ztart\u00e1sba alkalmas fa ajt\u00f3k<\/h2><h6 class=\"sc_item_subtitle sc_promo_subtitle sc_align_center sc_item_title_style_default\">A fa egy id\u0151tlen klasszikus, amely melegs\u00e9get csemp\u00e9sz az otthonokba<\/h6><div class=\"sc_item_descr sc_promo_descr sc_align_center\">T\u00f6bb mint 25 famegmunk\u00e1l\u00e1ssal t\u00f6lt\u00f6tt \u00e9v tapasztalata tesz minket a hagyom\u00e1nyos f\u00e1b\u00f3l k\u00e9sz\u00fclt ajt\u00f3k gy\u00e1rt\u00e1s\u00e1nak mester\u00e9v\u00e9, k\u00fcl\u00f6nf\u00e9le st\u00edlus\u00fa \u00e9s funkci\u00f3j\u00fa formatervez\u00e9sben. Garant\u00e1ljuk a min\u0151s\u00e9gi anyagokat \u00e9s a becs\u00fcletes megmunk\u00e1l\u00e1st, amely a csal\u00e1di m\u0171hely\u00fcnkb\u0151l sz\u00e1rmazik. Vezet\u0151 vasalat \u00e9s egy\u00e9b kieg\u00e9sz\u00edt\u0151 - besz\u00e1ll\u00edt\u00f3kkal dolgozunk. Ak\u00e1r furn\u00e9ros, ak\u00e1r massz\u00edv ajt\u00f3ra esik a v\u00e1laszt\u00e1sa, \u00f6r\u00f6mmel seg\u00edt\u00fcnk tan\u00e1csainkkal, annak \u00e9rdek\u00e9ben, hogy minden \u00f6sszhangban legyen otthona t\u00f6bbi r\u00e9sz\u00e9vel. Mindig szem\u00e9lyes m\u00e9r\u00e9st v\u00e9gz\u00fcnk az ajt\u00f3ny\u00edl\u00e1sn\u00e1l, \u00edgy a pontos technikai param\u00e9terek alapj\u00e1n k\u00e9sz\u00edt\u00fcnk \u00e1rkalkul\u00e1ci\u00f3t. Mindig igyeksz\u00fcnk kihaszn\u00e1lni a helys\u00e9g \u00f6sszes lehet\u0151s\u00e9g\u00e9t az ajt\u00f3k szempontj\u00e1b\u00f3l, hogy elker\u00fclj\u00fck a felesleges h\u0151sziv\u00e1rg\u00e1st.<\/div><div class=\"sc_promo_content sc_item_content\">[vc_column_text]<\/p>\n<p style=\"text-align: center;\"><em>T\u00e1maszkodjon az egyik leg\u0151sibb term\u00e9szetes anyagra, melyet hossz\u00fa \u00e9lettartam \u00e9s tart\u00f3ss\u00e1g jellemez. <\/em><\/p>\n<p>[\/vc_column_text][vc_empty_space height=&#8221;&#8221; alter_height=&#8221;small&#8221; hide_on_mobile=&#8221;&#8221;][vc_row_inner][vc_column_inner width=&#8221;1\/2&#8243;][vc_column_text]<\/p>\n<ul class=\"trx_addons_list trx_addons_list_dot\">\n<li>A f\u00e1b\u00f3l k\u00e9sz\u00fclt ajt\u00f3k bizony\u00edtottan klasszikusok, amelyek megv\u00e9dik otthon\u00e1t a nem k\u00edv\u00e1nt nedvess\u00e9gt\u0151l, port\u00f3l \u00e9s zajt\u00f3l. Fafeldolgoz\u00f3nk minden f\u00e1b\u00f3l k\u00e9sz\u00fclt ajtaja kit\u0171nik prec\u00edz \u00e9s kompakt profilj\u00e1val, valamint kiv\u00e1l\u00f3 h\u0151szigetel\u0151 tulajdons\u00e1gaival.<\/li>\n<li>Minden faanyag, amit a termel\u00e9sben haszn\u00e1lunk, szem\u00e9lyes var\u00e1zzsal \u00e9s lenyomattal rendelkezik. Ajt\u00f3ink ez\u00e1ltal egyedi \u00e9s megism\u00e9telhetetlen k\u00e9zjeggyel, valamint formatervez\u00e9ssel lesznek gazdagabbak. Az eleg\u00e1ns k\u00fcls\u0151t tov\u00e1bb lehet fokozni \u00fcvegbet\u00e9tekkel, \u00f3lom\u00fcveggel, illetve k\u00fcl\u00f6nf\u00e9le felsz\u00edni kezel\u00e9sekkel, ahogy az \u00fcgyf\u00e9l k\u00edv\u00e1nja.<\/li>\n<\/ul>\n<p>[\/vc_column_text][\/vc_column_inner][vc_column_inner width=&#8221;1\/2&#8243;][vc_column_text]<\/p>\n<ul class=\"trx_addons_list trx_addons_list_dot\">\n<li>A nem hagyom\u00e1nyos objektumokhoz egyedi, szabv\u00e1nyos megold\u00e1sokat \u00e9s ajt\u00f3kat is gy\u00e1rtunk a standardt\u00f3l elt\u00e9r\u0151 elrendez\u00e9sekkel. A nagyobb tart\u00f3ss\u00e1g \u00e9s az extr\u00e9m \u00e9lettartam \u00e9rdek\u00e9ben a f\u00e1t alum\u00edniummal \u00f6tv\u00f6zz\u00fck, ami t\u00f6k\u00e9letesen v\u00e9di az ajt\u00f3t az id\u0151j\u00e1r\u00e1s hat\u00e1sait\u00f3l, valamint a mechanikai s\u00e9r\u00fcl\u00e9sekt\u0151l.<\/li>\n<li>K\u00edn\u00e1latunkban sz\u00e1mos f\u00e1b\u00f3l k\u00e9sz\u00fclt bej\u00e1rati ajt\u00f3, gar\u00e1zskapu \u00e9s biztons\u00e1gi ajt\u00f3 k\u00fcl\u00f6nb\u00f6z\u0151 v\u00e1ltozatai tal\u00e1lhat\u00f3k. Term\u00e9szetesen a belt\u00e9ri ajt\u00f3k is, melyekn\u00e9l nem tesz\u00fcnk semmilyen korl\u00e1toz\u00e1st \u00e9s az ajt\u00f3kat pontosan az \u00d6n ig\u00e9nyeinek megfelel\u0151en k\u00e9sz\u00edtj\u00fck el. Tol\u00f3rendszerek, terasz, valamint erk\u00e9lyajt\u00f3kra szakosodtunk.<\/li>\n<\/ul>\n<p>[\/vc_column_text][\/vc_column_inner][\/vc_row_inner]<\/div><\/div>\n\t\t<\/div><!-- \/.sc_promo_text --><\/div><!-- \/.sc_promo -->[\/vc_column][\/vc_row]<\/p>\n","protected":false},"excerpt":{"rendered":"<p>[vc_row][vc_column][\/vc_column][\/vc_row]<\/p>\n","protected":false},"author":1,"featured_media":0,"parent":4160,"menu_order":0,"comment_status":"closed","ping_status":"closed","template":"","meta":{"_exactmetrics_skip_tracking":false,"_exactmetrics_sitenote_active":false,"_exactmetrics_sitenote_note":"","_exactmetrics_sitenote_category":0,"ngg_post_thumbnail":0},"yoast_head":"<!-- This site is optimized with the Yoast SEO plugin v19.5.1 - https:\/\/yoast.com\/wordpress\/plugins\/seo\/ -->\n<title>Fa ajt\u00f3k - Juraj \u00c1gh - \u00c1GH STOL\u00c1RSTVO<\/title>\n<meta name=\"robots\" content=\"index, follow, max-snippet:-1, max-image-preview:large, max-video-preview:-1\" \/>\n<link rel=\"canonical\" href=\"https:\/\/agh.sk\/hu\/drevene-dvere\/\" \/>\n<meta property=\"og:locale\" content=\"hu_HU\" \/>\n<meta property=\"og:type\" content=\"article\" \/>\n<meta property=\"og:title\" content=\"Fa ajt\u00f3k - Juraj \u00c1gh - \u00c1GH STOL\u00c1RSTVO\" \/>\n<meta property=\"og:description\" content=\"[vc_row][vc_column][\/vc_column][\/vc_row]\" \/>\n<meta property=\"og:url\" content=\"https:\/\/agh.sk\/hu\/drevene-dvere\/\" \/>\n<meta property=\"og:site_name\" content=\"Juraj \u00c1gh - \u00c1GH STOL\u00c1RSTVO\" \/>\n<meta property=\"article:publisher\" content=\"https:\/\/www.facebook.com\/GH-okn-a-dvere-sro-745662738825627\/\" \/>\n<meta property=\"article:modified_time\" content=\"2018-05-18T09:09:31+00:00\" \/>\n<meta name=\"twitter:card\" content=\"summary_large_image\" \/>\n<meta name=\"twitter:label1\" content=\"Becs\u00fclt olvas\u00e1si id\u0151\" \/>\n\t<meta name=\"twitter:data1\" content=\"3 perc\" \/>\n<script type=\"application\/ld+json\" class=\"yoast-schema-graph\">{\"@context\":\"https:\/\/schema.org\",\"@graph\":[{\"@type\":\"WebPage\",\"@id\":\"https:\/\/agh.sk\/hu\/drevene-dvere\/\",\"url\":\"https:\/\/agh.sk\/hu\/drevene-dvere\/\",\"name\":\"Fa ajt\u00f3k - Juraj \u00c1gh - \u00c1GH STOL\u00c1RSTVO\",\"isPartOf\":{\"@id\":\"https:\/\/agh.sk\/#website\"},\"datePublished\":\"2017-10-09T15:27:09+00:00\",\"dateModified\":\"2018-05-18T09:09:31+00:00\",\"breadcrumb\":{\"@id\":\"https:\/\/agh.sk\/hu\/drevene-dvere\/#breadcrumb\"},\"inLanguage\":\"hu\",\"potentialAction\":[{\"@type\":\"ReadAction\",\"target\":[\"https:\/\/agh.sk\/hu\/drevene-dvere\/\"]}]},{\"@type\":\"BreadcrumbList\",\"@id\":\"https:\/\/agh.sk\/hu\/drevene-dvere\/#breadcrumb\",\"itemListElement\":[{\"@type\":\"ListItem\",\"position\":1,\"name\":\"Domov\",\"item\":\"https:\/\/agh.sk\/hu\/domov\/\"},{\"@type\":\"ListItem\",\"position\":2,\"name\":\"Term\u00e9kek\",\"item\":\"https:\/\/agh.sk\/hu\/produkty\/\"},{\"@type\":\"ListItem\",\"position\":3,\"name\":\"M\u00e9retre gy\u00e1rtott ajt\u00f3k\",\"item\":\"https:\/\/agh.sk\/hu\/dvere-na-mieru\/\"},{\"@type\":\"ListItem\",\"position\":4,\"name\":\"Fa ajt\u00f3k\"}]},{\"@type\":\"WebSite\",\"@id\":\"https:\/\/agh.sk\/#website\",\"url\":\"https:\/\/agh.sk\/\",\"name\":\"Juraj \u00c1gh - \u00c1GH STOL\u00c1RSTVO\",\"description\":\"Okn\u00e1 a dvere\",\"potentialAction\":[{\"@type\":\"SearchAction\",\"target\":{\"@type\":\"EntryPoint\",\"urlTemplate\":\"https:\/\/agh.sk\/?s={search_term_string}\"},\"query-input\":\"required name=search_term_string\"}],\"inLanguage\":\"hu\"}]}<\/script>\n<!-- \/ Yoast SEO plugin. -->","yoast_head_json":{"title":"Fa ajt\u00f3k - Juraj \u00c1gh - \u00c1GH STOL\u00c1RSTVO","robots":{"index":"index","follow":"follow","max-snippet":"max-snippet:-1","max-image-preview":"max-image-preview:large","max-video-preview":"max-video-preview:-1"},"canonical":"https:\/\/agh.sk\/hu\/drevene-dvere\/","og_locale":"hu_HU","og_type":"article","og_title":"Fa ajt\u00f3k - Juraj \u00c1gh - \u00c1GH STOL\u00c1RSTVO","og_description":"[vc_row][vc_column][\/vc_column][\/vc_row]","og_url":"https:\/\/agh.sk\/hu\/drevene-dvere\/","og_site_name":"Juraj \u00c1gh - \u00c1GH STOL\u00c1RSTVO","article_publisher":"https:\/\/www.facebook.com\/GH-okn-a-dvere-sro-745662738825627\/","article_modified_time":"2018-05-18T09:09:31+00:00","twitter_card":"summary_large_image","twitter_misc":{"Becs\u00fclt olvas\u00e1si id\u0151":"3 perc"},"schema":{"@context":"https:\/\/schema.org","@graph":[{"@type":"WebPage","@id":"https:\/\/agh.sk\/hu\/drevene-dvere\/","url":"https:\/\/agh.sk\/hu\/drevene-dvere\/","name":"Fa ajt\u00f3k - Juraj \u00c1gh - \u00c1GH STOL\u00c1RSTVO","isPartOf":{"@id":"https:\/\/agh.sk\/#website"},"datePublished":"2017-10-09T15:27:09+00:00","dateModified":"2018-05-18T09:09:31+00:00","breadcrumb":{"@id":"https:\/\/agh.sk\/hu\/drevene-dvere\/#breadcrumb"},"inLanguage":"hu","potentialAction":[{"@type":"ReadAction","target":["https:\/\/agh.sk\/hu\/drevene-dvere\/"]}]},{"@type":"BreadcrumbList","@id":"https:\/\/agh.sk\/hu\/drevene-dvere\/#breadcrumb","itemListElement":[{"@type":"ListItem","position":1,"name":"Domov","item":"https:\/\/agh.sk\/hu\/domov\/"},{"@type":"ListItem","position":2,"name":"Term\u00e9kek","item":"https:\/\/agh.sk\/hu\/produkty\/"},{"@type":"ListItem","position":3,"name":"M\u00e9retre gy\u00e1rtott ajt\u00f3k","item":"https:\/\/agh.sk\/hu\/dvere-na-mieru\/"},{"@type":"ListItem","position":4,"name":"Fa ajt\u00f3k"}]},{"@type":"WebSite","@id":"https:\/\/agh.sk\/#website","url":"https:\/\/agh.sk\/","name":"Juraj \u00c1gh - \u00c1GH STOL\u00c1RSTVO","description":"Okn\u00e1 a dvere","potentialAction":[{"@type":"SearchAction","target":{"@type":"EntryPoint","urlTemplate":"https:\/\/agh.sk\/?s={search_term_string}"},"query-input":"required name=search_term_string"}],"inLanguage":"hu"}]}},"_links":{"self":[{"href":"https:\/\/agh.sk\/hu\/wp-json\/wp\/v2\/pages\/4174"}],"collection":[{"href":"https:\/\/agh.sk\/hu\/wp-json\/wp\/v2\/pages"}],"about":[{"href":"https:\/\/agh.sk\/hu\/wp-json\/wp\/v2\/types\/page"}],"author":[{"embeddable":true,"href":"https:\/\/agh.sk\/hu\/wp-json\/wp\/v2\/users\/1"}],"replies":[{"embeddable":true,"href":"https:\/\/agh.sk\/hu\/wp-json\/wp\/v2\/comments?post=4174"}],"version-history":[{"count":2,"href":"https:\/\/agh.sk\/hu\/wp-json\/wp\/v2\/pages\/4174\/revisions"}],"predecessor-version":[{"id":4176,"href":"https:\/\/agh.sk\/hu\/wp-json\/wp\/v2\/pages\/4174\/revisions\/4176"}],"up":[{"embeddable":true,"href":"https:\/\/agh.sk\/hu\/wp-json\/wp\/v2\/pages\/4160"}],"wp:attachment":[{"href":"https:\/\/agh.sk\/hu\/wp-json\/wp\/v2\/media?parent=4174"}],"curies":[{"name":"wp","href":"https:\/\/api.w.org\/{rel}","templated":true}]}}