{"id":4160,"date":"2017-10-09T17:44:42","date_gmt":"2017-10-09T15:44:42","guid":{"rendered":"https:\/\/agh.sk\/produkty\/dvere\/"},"modified":"2018-05-21T11:27:05","modified_gmt":"2018-05-21T09:27:05","slug":"dvere","status":"publish","type":"page","link":"https:\/\/agh.sk\/hu\/dvere-na-mieru","title":{"rendered":"M\u00e9retre gy\u00e1rtott ajt\u00f3k"},"content":{"rendered":"<p>[vc_row][vc_column]<div  id=\"sc_promo_189609362\" \n\tclass=\"sc_promo sc_promo_default sc_promo_size_large sc_promo_no_paddings sc_promo_no_image\"><div class=\"sc_promo_text\" style=\"width: 100%;\">\n\t\t\t<div class=\"sc_promo_text_inner\" style=\"\"><h2 class=\"sc_item_title sc_promo_title sc_align_center sc_item_title_style_default\">\u00daj, m\u00e9retre gy\u00e1rtott fa ajt\u00f3k<\/h2><h6 class=\"sc_item_subtitle sc_promo_subtitle sc_align_center sc_item_title_style_default\">Mestereink kezei k\u00f6z\u00f6tt \u00e9letre sz\u00f3l\u00f3, min\u0151s\u00e9gi ajt\u00f3k sz\u00fcletnek<\/h6><div class=\"sc_item_descr sc_promo_descr sc_align_center\">A m\u00e9retre gy\u00e1rtott min\u0151s\u00e9gi ajt\u00f3k maxm\u00e1lisan alkalmazkodnak otthona vagy irod\u00e1ja elrendez\u00e9s\u00e9hez. Olyan belt\u00e9ri valamint bej\u00e1rati ajt\u00f3kat gy\u00e1rtunk, amelyek nem csup\u00e1n modern formatervez\u00e9ssel b\u00fcszk\u00e9lkedhetnek, hanem \u00fcgyes funkcion\u00e1lis elemekkel is. Az \u00d6n ig\u00e9nyeihez igaz\u00edtjuk az ajt\u00f3k minden egyes r\u00e9sz\u00e9t: az \u00d6n d\u00f6nt\u00e9s\u00e9n m\u00falik, milyen f\u00e1t, vasalatot, bels\u0151 burkolatot, keretet illetve egy\u00e9b felsz\u00edni m\u00f3dos\u00edt\u00e1sokat v\u00e1laszt. \u00d6r\u00f6mmel adunk tan\u00e1csot, illetve technikusaink fel\u00fcgyelete mellett olyan \u00e1rkalkul\u00e1ci\u00f3t fogunk kidolgozni, amely nem csak a teljes gy\u00e1rt\u00e1st, ajt\u00f3kereteket, vasalatot, hanem sz\u00e1ll\u00edt\u00e1st, szerel\u00e9st \u00e9s a garanci\u00e1lis szolg\u00e1ltat\u00e1st is mag\u00e1ban foglalja. Ne engedje mag\u00e1t elt\u00e1ntor\u00edtani a megoldhatatlannak t\u0171n\u0151 technikai korl\u00e1tokkal. Ajt\u00f3modellek sz\u00e9les sk\u00e1l\u00e1j\u00e1t k\u00edn\u00e1ljuk, melyek nem csak \u00e1rban kedvez\u0151ek, hanem kiv\u00e1l\u00f3 zaj- \u00e9s szigetel\u00e9si tulajdons\u00e1gokkal is rendelkeznek.<\/div><div class=\"sc_promo_content sc_item_content\">[vc_column_text]<\/p>\n<p style=\"text-align: center;\"><em>\u00d6r\u00f6mmel fogadjuk az atipikus megold\u00e1sokat \u00e9s a nem szokv\u00e1nyos formai k\u00f6vetelm\u00e9nyeket. Nincs kompromisszum, mi szem\u00e9lyre szabott ajt\u00f3kat k\u00e9sz\u00edt\u00fcnk \u00d6nnek \u2026<\/em><\/p>\n<p>[\/vc_column_text][vc_empty_space alter_height=&#8221;small&#8221; hide_on_mobile=&#8221;&#8221;]<\/div><\/div>\n\t\t<\/div><!-- \/.sc_promo_text --><\/div><!-- \/.sc_promo -->[vc_empty_space hide_on_mobile=&#8221;&#8221;][\/vc_column][\/vc_row][vc_row][vc_column width=&#8221;1\/3&#8243; css=&#8221;.vc_custom_1511424478152{padding-right: 0px !important;padding-left: 0px !important;background-color: #f7f7f7 !important;}&#8221; el_class=&#8221;columnborder-three&#8221;]<div id=\"sc_title_303478238\"\n\t\tclass=\"scheme_default sc_title sc_title_default title  vc_custom_1526561511066\"><h2 class=\"sc_item_title sc_title_title sc_align_default sc_item_title_style_default\">Bej\u00e1rati ajt\u00f3k<\/h2><\/div><!-- \/.sc_title -->[vc_single_image image=&#8221;2674&#8243; img_size=&#8221;380&#215;252&#8243; alignment=&#8221;center&#8221; el_class=&#8221;foto&#8221;][vc_empty_space height=&#8221;16px&#8221; hide_on_mobile=&#8221;&#8221;][vc_column_text css=&#8221;.vc_custom_1526561610379{padding-top: 10px !important;padding-right: 10px !important;padding-bottom: 10px !important;padding-left: 10px !important;}&#8221;]A f\u00e1b\u00f3l k\u00e9sz\u00fclt bej\u00e1rati ajt\u00f3 \u00e1thatolhatatlan \u00e9s biztons\u00e1gos v\u00e9delmet ny\u00fajt a k\u00fcls\u0151 hideggel, zajjal \u00e9s esetleges bet\u00f6r\u00e9ssel szemben. Az \u00d6n szem\u00e9lyes st\u00edlus\u00e1t k\u00e9pviselik, illetve meghat\u00e1rozz\u00e1k az otthon\u00e1ba vagy irodahelyis\u00e9g\u00e9be t\u00f6rt\u00e9n\u0151 bel\u00e9p\u00e9s hangulat\u00e1t.[\/vc_column_text][vc_empty_space height=&#8221;16px&#8221; hide_on_mobile=&#8221;&#8221;]<div class=\"sc_item_button sc_button_wrap sc_align_center\"><a href=\"https:\/\/agh.sk\/hu\/drevene-vchodove-dvere\"\n\t id=\"sc_button_2079436308\" \n\tclass=\"sc_button sc_button_default sc_button_size_large sc_button_icon_left\"\n\t\t><span class=\"sc_button_text sc_align_center\"><span class=\"sc_button_title\">Megjelen\u00edteni<\/span><\/span><!-- \/.sc_button_text --><\/a><!-- \/.sc_button --><\/div><!-- \/.sc_item_button -->[vc_empty_space height=&#8221;16px&#8221; hide_on_mobile=&#8221;&#8221;][\/vc_column][vc_column width=&#8221;1\/3&#8243; css=&#8221;.vc_custom_1511431992519{padding-right: 0px !important;padding-left: 0px !important;background-color: #f7f7f7 !important;}&#8221; el_class=&#8221;columnborder-three&#8221;]<div id=\"sc_title_1062775461\"\n\t\tclass=\"scheme_default sc_title sc_title_default title  vc_custom_1526561693793\"><h2 class=\"sc_item_title sc_title_title sc_align_default sc_item_title_style_default\">Belt\u00e9ri ajt\u00f3k<\/h2><\/div><!-- \/.sc_title -->[vc_single_image image=&#8221;2615&#8243; img_size=&#8221;380&#215;252&#8243; alignment=&#8221;center&#8221; el_class=&#8221;foto&#8221;][vc_empty_space height=&#8221;16px&#8221; hide_on_mobile=&#8221;&#8221;][vc_column_text css=&#8221;.vc_custom_1526561709635{padding-top: 10px !important;padding-right: 10px !important;padding-bottom: 10px !important;padding-left: 10px !important;}&#8221;]A faajt\u00f3k minden bels\u0151 t\u00e9r d\u00edszei. Minden fat\u00f6mb egyedi k\u00e9zjeggyel rendelkezik \u00e9s minden szem\u00e9lytelen otthonban a k\u00e9nyelem \u00e9s melegs\u00e9g \u00e9rz\u00e9s\u00e9t csemp\u00e9szi. A prec\u00edzi\u00f3s vasalattal k\u00e9sz\u00fclt min\u0151s\u00e9gi faajt\u00f3k mindig j\u00f3 befektet\u00e9st jelentenek.[\/vc_column_text][vc_empty_space height=&#8221;16px&#8221; hide_on_mobile=&#8221;&#8221;]<div class=\"sc_item_button sc_button_wrap sc_align_center\"><a href=\"https:\/\/agh.sk\/hu\/drevene-interierove-dvere\"\n\t id=\"sc_button_2025285289\" \n\tclass=\"sc_button sc_button_default sc_button_size_large sc_button_icon_left\"\n\t\t><span class=\"sc_button_text sc_align_center\"><span class=\"sc_button_title\">Megjelen\u00edteni<\/span><\/span><!-- \/.sc_button_text --><\/a><!-- \/.sc_button --><\/div><!-- \/.sc_item_button -->[vc_empty_space height=&#8221;16px&#8221; hide_on_mobile=&#8221;&#8221;][\/vc_column][vc_column width=&#8221;1\/3&#8243; css=&#8221;.vc_custom_1511432054877{padding-right: 0px !important;padding-left: 0px !important;background-color: #f7f7f7 !important;}&#8221; el_class=&#8221;columnborder-three&#8221;]<div id=\"sc_title_1285173455\"\n\t\tclass=\"scheme_default sc_title sc_title_default title  vc_custom_1526561723218\"><h2 class=\"sc_item_title sc_title_title sc_align_default sc_item_title_style_default\">Fa-alum\u00ednium ajt\u00f3k<\/h2><\/div><!-- \/.sc_title -->[vc_single_image image=&#8221;2619&#8243; img_size=&#8221;380&#215;252&#8243; alignment=&#8221;center&#8221; el_class=&#8221;foto&#8221;][vc_empty_space height=&#8221;16px&#8221; hide_on_mobile=&#8221;&#8221;][vc_column_text css=&#8221;.vc_custom_1526561740962{padding-top: 10px !important;padding-right: 10px !important;padding-bottom: 10px !important;padding-left: 10px !important;}&#8221;]A t\u00f6m\u00f6rfa profil \u00e9s a k\u00fcls\u0151 alum\u00ednium burkolatok \u00e1thatolhatatlan kombin\u00e1ci\u00f3ja, amelyek egy\u00fctt alkotj\u00e1k a k\u00fclt\u00e9ri haszn\u00e1latra k\u00e9lsz\u00fclt tart\u00f3s fa-alum\u00ednium ajt\u00f3t. Az alum\u00ednium burkolat ellen\u00e1ll a sz\u00e9ls\u0151s\u00e9ges id\u0151j\u00e1r\u00e1si k\u00f6r\u00fclm\u00e9nyeknek.[\/vc_column_text][vc_empty_space height=&#8221;16px&#8221; hide_on_mobile=&#8221;&#8221;]<div class=\"sc_item_button sc_button_wrap sc_align_center\"><a href=\"https:\/\/agh.sk\/hu\/drevohlinikove-dvere\"\n\t id=\"sc_button_886479765\" \n\tclass=\"sc_button sc_button_default sc_button_size_large sc_button_icon_left\"\n\t\t><span class=\"sc_button_text sc_align_center\"><span class=\"sc_button_title\">Megjelen\u00edteni<\/span><\/span><!-- \/.sc_button_text --><\/a><!-- \/.sc_button --><\/div><!-- \/.sc_item_button -->[vc_empty_space height=&#8221;16px&#8221; hide_on_mobile=&#8221;&#8221;][\/vc_column][\/vc_row][vc_row][vc_column][vc_empty_space height=&#8221;150px&#8221; hide_on_mobile=&#8221;&#8221;][vc_empty_space height=&#8221;150px&#8221; hide_on_mobile=&#8221;&#8221;][\/vc_column][\/vc_row][vc_row][vc_column width=&#8221;1\/3&#8243; css=&#8221;.vc_custom_1511432067774{padding-right: 0px !important;padding-left: 0px !important;background-color: #f7f7f7 !important;}&#8221; el_class=&#8221;columnborder-three&#8221;]<div id=\"sc_title_1024344354\"\n\t\tclass=\"scheme_default sc_title sc_title_default title  vc_custom_1526561759850\"><h2 class=\"sc_item_title sc_title_title sc_align_default sc_item_title_style_default\">Erk\u00e9lyajt\u00f3k<\/h2><\/div><!-- \/.sc_title -->[vc_single_image image=&#8221;2676&#8243; img_size=&#8221;380&#215;252&#8243; alignment=&#8221;center&#8221; el_class=&#8221;foto&#8221;][vc_empty_space height=&#8221;16px&#8221; hide_on_mobile=&#8221;&#8221;][vc_column_text css=&#8221;.vc_custom_1526561776267{padding-top: 10px !important;padding-right: 10px !important;padding-bottom: 10px !important;padding-left: 10px !important;}&#8221;]Nagym\u00e9ret\u0171 \u00fcvegajt\u00f3k, amelyek harmonikusan \u00f6sszek\u00f6tik otthon\u00e1t a k\u00fcls\u0151 t\u00e9rrel. \u00c9lvezze kertj\u00e9nek akad\u00e1lytalan kil\u00e1t\u00e1s\u00e1t, vagy egy cs\u00e9sze k\u00e1v\u00e9t a teraszon. Gy\u00e1rtunk tov\u00e1bb\u00e1 formatervezett \u00e9s praktikus tol\u00f3rendszereket is.[\/vc_column_text][vc_empty_space height=&#8221;16px&#8221; hide_on_mobile=&#8221;&#8221;]<div class=\"sc_item_button sc_button_wrap sc_align_center\"><a href=\"https:\/\/agh.sk\/hu\/terasove-dvere\"\n\t id=\"sc_button_1166234646\" \n\tclass=\"sc_button sc_button_default sc_button_size_large sc_button_icon_left\"\n\t\t><span class=\"sc_button_text sc_align_center\"><span class=\"sc_button_title\">Megjelen\u00edteni<\/span><\/span><!-- \/.sc_button_text --><\/a><!-- \/.sc_button --><\/div><!-- \/.sc_item_button -->[vc_empty_space height=&#8221;16px&#8221; hide_on_mobile=&#8221;&#8221;][\/vc_column][vc_column width=&#8221;1\/3&#8243; css=&#8221;.vc_custom_1511432075797{padding-right: 0px !important;padding-left: 0px !important;background-color: #f7f7f7 !important;}&#8221; el_class=&#8221;columnborder-three&#8221;]<div id=\"sc_title_421026120\"\n\t\tclass=\"scheme_default sc_title sc_title_default title  vc_custom_1526561798565\"><h2 class=\"sc_item_title sc_title_title sc_align_default sc_item_title_style_default\">Fa ajt\u00f3k<\/h2><\/div><!-- \/.sc_title -->[vc_single_image image=&#8221;2620&#8243; img_size=&#8221;380&#215;252&#8243; alignment=&#8221;center&#8221; el_class=&#8221;foto&#8221;][vc_empty_space height=&#8221;16px&#8221; hide_on_mobile=&#8221;&#8221;][vc_column_text css=&#8221;.vc_custom_1526561809081{padding-top: 10px !important;padding-right: 10px !important;padding-bottom: 10px !important;padding-left: 10px !important;}&#8221;]A fa id\u0151tlen klasszikus, amely soha nem megy ki a divatb\u00f3l. A faajt\u00f3k \u00e9vekig fogj\u00e1k megb\u00edzhat\u00f3an szolg\u00e1lni. Tart\u00f3sak, kellemes kl\u00edm\u00e1t teremtenek a szob\u00e1ban \u00e9s kit\u0171nnek szokatlan, term\u00e9szetes sz\u00e9ps\u00e9g\u00fckkel.[\/vc_column_text][vc_empty_space height=&#8221;16px&#8221; hide_on_mobile=&#8221;&#8221;]<div class=\"sc_item_button sc_button_wrap sc_align_center\"><a href=\"https:\/\/agh.sk\/hu\/drevene-dvere\"\n\t id=\"sc_button_1134806504\" \n\tclass=\"sc_button sc_button_default sc_button_size_large sc_button_icon_left\"\n\t\t><span class=\"sc_button_text sc_align_center\"><span class=\"sc_button_title\">Megjelen\u00edteni<\/span><\/span><!-- \/.sc_button_text --><\/a><!-- \/.sc_button --><\/div><!-- \/.sc_item_button -->[vc_empty_space height=&#8221;16px&#8221; hide_on_mobile=&#8221;&#8221;][\/vc_column][vc_column width=&#8221;1\/3&#8243; css=&#8221;.vc_custom_1511432086482{padding-right: 0px !important;padding-left: 0px !important;background-color: #f7f7f7 !important;}&#8221; el_class=&#8221;columnborder-three&#8221;]<div id=\"sc_title_88915114\"\n\t\tclass=\"scheme_default sc_title sc_title_default title  vc_custom_1526561823923\"><h2 class=\"sc_item_title sc_title_title sc_align_default sc_item_title_style_default\">Ajt\u00f3k kerettel<\/h2><\/div><!-- \/.sc_title -->[vc_single_image image=&#8221;3357&#8243; img_size=&#8221;380&#215;252&#8243; alignment=&#8221;center&#8221; el_class=&#8221;foto&#8221;][vc_empty_space height=&#8221;16px&#8221; hide_on_mobile=&#8221;&#8221;][vc_column_text css=&#8221;.vc_custom_1526562612387{padding-top: 10px !important;padding-right: 10px !important;padding-bottom: 10px !important;padding-left: 10px !important;}&#8221;]A keretek minden kiv\u00e1l\u00f3 min\u0151s\u00e9g\u0171 ajt\u00f3 szerves r\u00e9sz\u00e9t k\u00e9pezik. K\u00edn\u00e1latunkban k\u00fcl\u00f6nf\u00e9le ajt\u00f3k tal\u00e1lhat\u00f3k mind bels\u0151, mind k\u00fcls\u0151 ajt\u00f3keretekkel. Gy\u00e1rt\u00e1sukat az ajt\u00f3k fomatervez\u00e9s\u00e9hez, valamint otthon\u00e1nak belter\u00e9hez igaz\u00edtjuk.[\/vc_column_text][vc_empty_space height=&#8221;16px&#8221; hide_on_mobile=&#8221;&#8221;]<div class=\"sc_item_button sc_button_wrap sc_align_center\"><a href=\"https:\/\/agh.sk\/hu\/dvere-so-zarubnou\"\n\t id=\"sc_button_210298011\" \n\tclass=\"sc_button sc_button_default sc_button_size_large sc_button_icon_left\"\n\t\t><span class=\"sc_button_text sc_align_center\"><span class=\"sc_button_title\">Megjelen\u00edteni<\/span><\/span><!-- \/.sc_button_text --><\/a><!-- \/.sc_button --><\/div><!-- \/.sc_item_button -->[vc_empty_space height=&#8221;16px&#8221; hide_on_mobile=&#8221;&#8221;][\/vc_column][\/vc_row]<\/p>\n","protected":false},"excerpt":{"rendered":"<p>[vc_row][vc_column][vc_empty_space hide_on_mobile=&#8221;&#8221;][\/vc_column][\/vc_row][vc_row][vc_column width=&#8221;1\/3&#8243; css=&#8221;.vc_custom_1511424478152{padding-right: 0px !important;padding-left: 0px !important;background-color: #f7f7f7 !important;}&#8221; el_class=&#8221;columnborder-three&#8221;][vc_single_image image=&#8221;2674&#8243; img_size=&#8221;380&#215;252&#8243; alignment=&#8221;center&#8221; el_class=&#8221;foto&#8221;][vc_empty_space height=&#8221;16px&#8221; hide_on_mobile=&#8221;&#8221;][vc_column_text css=&#8221;.vc_custom_1526561610379{padding-top: 10px !important;padding-right: 10px !important;padding-bottom: 10px !important;padding-left: 10px !important;}&#8221;]A f\u00e1b\u00f3l k\u00e9sz\u00fclt bej\u00e1rati ajt\u00f3 \u00e1thatolhatatlan \u00e9s biztons\u00e1gos v\u00e9delmet ny\u00fajt a k\u00fcls\u0151 hideggel, zajjal \u00e9s esetleges bet\u00f6r\u00e9ssel szemben. Az \u00d6n szem\u00e9lyes st\u00edlus\u00e1t k\u00e9pviselik, illetve meghat\u00e1rozz\u00e1k az otthon\u00e1ba vagy irodahelyis\u00e9g\u00e9be t\u00f6rt\u00e9n\u0151 bel\u00e9p\u00e9s hangulat\u00e1t.[\/vc_column_text][vc_empty_space height=&#8221;16px&#8221; hide_on_mobile=&#8221;&#8221;][vc_empty_space height=&#8221;16px&#8221;&hellip;<\/p>\n","protected":false},"author":1,"featured_media":0,"parent":4123,"menu_order":0,"comment_status":"closed","ping_status":"closed","template":"","meta":{"_exactmetrics_skip_tracking":false,"_exactmetrics_sitenote_active":false,"_exactmetrics_sitenote_note":"","_exactmetrics_sitenote_category":0,"ngg_post_thumbnail":0},"yoast_head":"<!-- This site is optimized with the Yoast SEO plugin v19.5.1 - https:\/\/yoast.com\/wordpress\/plugins\/seo\/ -->\n<title>Dvere na mieru - Juraj \u00c1gh - \u00c1GH STOL\u00c1RSTVO<\/title>\n<meta name=\"robots\" content=\"index, follow, max-snippet:-1, max-image-preview:large, max-video-preview:-1\" \/>\n<link rel=\"canonical\" href=\"https:\/\/agh.sk\/hu\/dvere-na-mieru\/\" \/>\n<meta property=\"og:locale\" content=\"hu_HU\" \/>\n<meta property=\"og:type\" content=\"article\" \/>\n<meta property=\"og:title\" content=\"Dvere na mieru - Juraj \u00c1gh - \u00c1GH STOL\u00c1RSTVO\" \/>\n<meta property=\"og:description\" content=\"[vc_row][vc_column][vc_empty_space hide_on_mobile=&#8221;&#8221;][\/vc_column][\/vc_row][vc_row][vc_column width=&#8221;1\/3&#8243; css=&#8221;.vc_custom_1511424478152{padding-right: 0px !important;padding-left: 0px !important;background-color: #f7f7f7 !important;}&#8221; el_class=&#8221;columnborder-three&#8221;][vc_single_image image=&#8221;2674&#8243; img_size=&#8221;380&#215;252&#8243; alignment=&#8221;center&#8221; el_class=&#8221;foto&#8221;][vc_empty_space height=&#8221;16px&#8221; hide_on_mobile=&#8221;&#8221;][vc_column_text css=&#8221;.vc_custom_1526561610379{padding-top: 10px !important;padding-right: 10px !important;padding-bottom: 10px !important;padding-left: 10px !important;}&#8221;]A f\u00e1b\u00f3l k\u00e9sz\u00fclt bej\u00e1rati ajt\u00f3 \u00e1thatolhatatlan \u00e9s biztons\u00e1gos v\u00e9delmet ny\u00fajt a k\u00fcls\u0151 hideggel, zajjal \u00e9s esetleges bet\u00f6r\u00e9ssel szemben. Az \u00d6n szem\u00e9lyes st\u00edlus\u00e1t k\u00e9pviselik, illetve meghat\u00e1rozz\u00e1k az otthon\u00e1ba vagy irodahelyis\u00e9g\u00e9be t\u00f6rt\u00e9n\u0151 bel\u00e9p\u00e9s hangulat\u00e1t.[\/vc_column_text][vc_empty_space height=&#8221;16px&#8221; hide_on_mobile=&#8221;&#8221;][vc_empty_space height=&#8221;16px&#8221;&hellip;\" \/>\n<meta property=\"og:url\" content=\"https:\/\/agh.sk\/hu\/dvere-na-mieru\/\" \/>\n<meta property=\"og:site_name\" content=\"Juraj \u00c1gh - \u00c1GH STOL\u00c1RSTVO\" \/>\n<meta property=\"article:publisher\" content=\"https:\/\/www.facebook.com\/GH-okn-a-dvere-sro-745662738825627\/\" \/>\n<meta property=\"article:modified_time\" content=\"2018-05-21T09:27:05+00:00\" \/>\n<meta name=\"twitter:card\" content=\"summary_large_image\" \/>\n<meta name=\"twitter:label1\" content=\"Becs\u00fclt olvas\u00e1si id\u0151\" \/>\n\t<meta name=\"twitter:data1\" content=\"8 perc\" \/>\n<script type=\"application\/ld+json\" class=\"yoast-schema-graph\">{\"@context\":\"https:\/\/schema.org\",\"@graph\":[{\"@type\":\"WebPage\",\"@id\":\"https:\/\/agh.sk\/hu\/dvere-na-mieru\/\",\"url\":\"https:\/\/agh.sk\/hu\/dvere-na-mieru\/\",\"name\":\"Dvere na mieru - Juraj \u00c1gh - \u00c1GH STOL\u00c1RSTVO\",\"isPartOf\":{\"@id\":\"https:\/\/agh.sk\/#website\"},\"datePublished\":\"2017-10-09T15:44:42+00:00\",\"dateModified\":\"2018-05-21T09:27:05+00:00\",\"breadcrumb\":{\"@id\":\"https:\/\/agh.sk\/hu\/dvere-na-mieru\/#breadcrumb\"},\"inLanguage\":\"hu\",\"potentialAction\":[{\"@type\":\"ReadAction\",\"target\":[\"https:\/\/agh.sk\/hu\/dvere-na-mieru\/\"]}]},{\"@type\":\"BreadcrumbList\",\"@id\":\"https:\/\/agh.sk\/hu\/dvere-na-mieru\/#breadcrumb\",\"itemListElement\":[{\"@type\":\"ListItem\",\"position\":1,\"name\":\"Domov\",\"item\":\"https:\/\/agh.sk\/hu\/domov\/\"},{\"@type\":\"ListItem\",\"position\":2,\"name\":\"Term\u00e9kek\",\"item\":\"https:\/\/agh.sk\/hu\/produkty\/\"},{\"@type\":\"ListItem\",\"position\":3,\"name\":\"M\u00e9retre gy\u00e1rtott ajt\u00f3k\"}]},{\"@type\":\"WebSite\",\"@id\":\"https:\/\/agh.sk\/#website\",\"url\":\"https:\/\/agh.sk\/\",\"name\":\"Juraj \u00c1gh - \u00c1GH STOL\u00c1RSTVO\",\"description\":\"Okn\u00e1 a dvere\",\"potentialAction\":[{\"@type\":\"SearchAction\",\"target\":{\"@type\":\"EntryPoint\",\"urlTemplate\":\"https:\/\/agh.sk\/?s={search_term_string}\"},\"query-input\":\"required name=search_term_string\"}],\"inLanguage\":\"hu\"}]}<\/script>\n<!-- \/ Yoast SEO plugin. -->","yoast_head_json":{"title":"Dvere na mieru - Juraj \u00c1gh - \u00c1GH STOL\u00c1RSTVO","robots":{"index":"index","follow":"follow","max-snippet":"max-snippet:-1","max-image-preview":"max-image-preview:large","max-video-preview":"max-video-preview:-1"},"canonical":"https:\/\/agh.sk\/hu\/dvere-na-mieru\/","og_locale":"hu_HU","og_type":"article","og_title":"Dvere na mieru - Juraj \u00c1gh - \u00c1GH STOL\u00c1RSTVO","og_description":"[vc_row][vc_column][vc_empty_space hide_on_mobile=&#8221;&#8221;][\/vc_column][\/vc_row][vc_row][vc_column width=&#8221;1\/3&#8243; css=&#8221;.vc_custom_1511424478152{padding-right: 0px !important;padding-left: 0px !important;background-color: #f7f7f7 !important;}&#8221; el_class=&#8221;columnborder-three&#8221;][vc_single_image image=&#8221;2674&#8243; img_size=&#8221;380&#215;252&#8243; alignment=&#8221;center&#8221; el_class=&#8221;foto&#8221;][vc_empty_space height=&#8221;16px&#8221; hide_on_mobile=&#8221;&#8221;][vc_column_text css=&#8221;.vc_custom_1526561610379{padding-top: 10px !important;padding-right: 10px !important;padding-bottom: 10px !important;padding-left: 10px !important;}&#8221;]A f\u00e1b\u00f3l k\u00e9sz\u00fclt bej\u00e1rati ajt\u00f3 \u00e1thatolhatatlan \u00e9s biztons\u00e1gos v\u00e9delmet ny\u00fajt a k\u00fcls\u0151 hideggel, zajjal \u00e9s esetleges bet\u00f6r\u00e9ssel szemben. Az \u00d6n szem\u00e9lyes st\u00edlus\u00e1t k\u00e9pviselik, illetve meghat\u00e1rozz\u00e1k az otthon\u00e1ba vagy irodahelyis\u00e9g\u00e9be t\u00f6rt\u00e9n\u0151 bel\u00e9p\u00e9s hangulat\u00e1t.[\/vc_column_text][vc_empty_space height=&#8221;16px&#8221; hide_on_mobile=&#8221;&#8221;][vc_empty_space height=&#8221;16px&#8221;&hellip;","og_url":"https:\/\/agh.sk\/hu\/dvere-na-mieru\/","og_site_name":"Juraj \u00c1gh - \u00c1GH STOL\u00c1RSTVO","article_publisher":"https:\/\/www.facebook.com\/GH-okn-a-dvere-sro-745662738825627\/","article_modified_time":"2018-05-21T09:27:05+00:00","twitter_card":"summary_large_image","twitter_misc":{"Becs\u00fclt olvas\u00e1si id\u0151":"8 perc"},"schema":{"@context":"https:\/\/schema.org","@graph":[{"@type":"WebPage","@id":"https:\/\/agh.sk\/hu\/dvere-na-mieru\/","url":"https:\/\/agh.sk\/hu\/dvere-na-mieru\/","name":"Dvere na mieru - Juraj \u00c1gh - \u00c1GH STOL\u00c1RSTVO","isPartOf":{"@id":"https:\/\/agh.sk\/#website"},"datePublished":"2017-10-09T15:44:42+00:00","dateModified":"2018-05-21T09:27:05+00:00","breadcrumb":{"@id":"https:\/\/agh.sk\/hu\/dvere-na-mieru\/#breadcrumb"},"inLanguage":"hu","potentialAction":[{"@type":"ReadAction","target":["https:\/\/agh.sk\/hu\/dvere-na-mieru\/"]}]},{"@type":"BreadcrumbList","@id":"https:\/\/agh.sk\/hu\/dvere-na-mieru\/#breadcrumb","itemListElement":[{"@type":"ListItem","position":1,"name":"Domov","item":"https:\/\/agh.sk\/hu\/domov\/"},{"@type":"ListItem","position":2,"name":"Term\u00e9kek","item":"https:\/\/agh.sk\/hu\/produkty\/"},{"@type":"ListItem","position":3,"name":"M\u00e9retre gy\u00e1rtott ajt\u00f3k"}]},{"@type":"WebSite","@id":"https:\/\/agh.sk\/#website","url":"https:\/\/agh.sk\/","name":"Juraj \u00c1gh - \u00c1GH STOL\u00c1RSTVO","description":"Okn\u00e1 a dvere","potentialAction":[{"@type":"SearchAction","target":{"@type":"EntryPoint","urlTemplate":"https:\/\/agh.sk\/?s={search_term_string}"},"query-input":"required name=search_term_string"}],"inLanguage":"hu"}]}},"_links":{"self":[{"href":"https:\/\/agh.sk\/hu\/wp-json\/wp\/v2\/pages\/4160"}],"collection":[{"href":"https:\/\/agh.sk\/hu\/wp-json\/wp\/v2\/pages"}],"about":[{"href":"https:\/\/agh.sk\/hu\/wp-json\/wp\/v2\/types\/page"}],"author":[{"embeddable":true,"href":"https:\/\/agh.sk\/hu\/wp-json\/wp\/v2\/users\/1"}],"replies":[{"embeddable":true,"href":"https:\/\/agh.sk\/hu\/wp-json\/wp\/v2\/comments?post=4160"}],"version-history":[{"count":4,"href":"https:\/\/agh.sk\/hu\/wp-json\/wp\/v2\/pages\/4160\/revisions"}],"predecessor-version":[{"id":4256,"href":"https:\/\/agh.sk\/hu\/wp-json\/wp\/v2\/pages\/4160\/revisions\/4256"}],"up":[{"embeddable":true,"href":"https:\/\/agh.sk\/hu\/wp-json\/wp\/v2\/pages\/4123"}],"wp:attachment":[{"href":"https:\/\/agh.sk\/hu\/wp-json\/wp\/v2\/media?parent=4160"}],"curies":[{"name":"wp","href":"https:\/\/api.w.org\/{rel}","templated":true}]}}