{"id":4126,"date":"2017-10-06T09:58:12","date_gmt":"2017-10-06T07:58:12","guid":{"rendered":"https:\/\/agh.sk\/customization2\/"},"modified":"2018-05-21T11:24:40","modified_gmt":"2018-05-21T09:24:40","slug":"customization2","status":"publish","type":"page","link":"https:\/\/agh.sk\/hu\/okna-na-mieru","title":{"rendered":"M\u00e9retre gy\u00e1rtott ablakok"},"content":{"rendered":"<p>[vc_row][vc_column]<div  id=\"sc_promo_1372299844\" \n\tclass=\"sc_promo sc_promo_default sc_promo_size_large sc_promo_no_paddings sc_promo_no_image\"><div class=\"sc_promo_text\" style=\"width: 100%;\">\n\t\t\t<div class=\"sc_promo_text_inner\" style=\"\"><h2 class=\"sc_item_title sc_promo_title sc_align_center sc_item_title_style_default\">Tradicion\u00e1lisan megmunk\u00e1lt, m\u00e9retre gy\u00e1rtott fa ablakok<\/h2><h6 class=\"sc_item_subtitle sc_promo_subtitle sc_align_center sc_item_title_style_default\">Eg\u00e9sz \u00e9letre sz\u00f3l\u00f3 fa ablakok<\/h6><div class=\"sc_item_descr sc_promo_descr sc_align_center\">M\u00e9retre gy\u00e1rtott fa ablakaink melegs\u00e9get \u00e9s meghitts\u00e9get csemp\u00e9sznek otthon\u00e1ba. A fa id\u0151tlen \u00e9s nagyon j\u00f3 form\u00e1zhat\u00f3 term\u00e9szetes anyag. Az eredeti faablakok gy\u00e1rt\u00e1s\u00e1n\u00e1l a legmodernebb CNS technol\u00f3gi\u00e1t alkalmazzuk, olyan sz\u00e1m\u00edt\u00f3g\u00e9p \u00e1ltal vez\u00e9relve, amely prec\u00edz feldolgoz\u00e1st, r\u00e9szletes alakot \u00e9s tervez\u00e9si pontoss\u00e1got biztos\u00edt. A kiv\u00e1l\u00f3 min\u0151s\u00e9g\u0171 f\u00e1b\u00f3l k\u00e9sz\u00fclt ablak velej\u00e1r\u00f3ja a professzion\u00e1lis \u00f6sszeszerel\u00e9s is, amely garant\u00e1lja a 100% -os funkcionalit\u00e1st, a biztons\u00e1got \u00e9s az ablakok maxim\u00e1lis t\u00f6m\u00edt\u00e9s\u00e9t. \u00dczem\u00fcnkben csakis els\u0151oszt\u00e1ly\u00fa anyagokat haszn\u00e1lunk az ellen\u0151rz\u00f6tt \u00e9s enged\u00e9lyezett besz\u00e1ll\u00edt\u00f3kt\u00f3l.<\/div><div class=\"sc_promo_content sc_item_content\">[vc_column_text]<\/p>\n<p style=\"text-align: center;\"><em>B\u00edzza mag\u00e1t sok \u00e9ves, gener\u00e1ci\u00f3r\u00f3l gener\u00e1ci\u00f3ra \u00f6r\u00f6kl\u0151d\u0151 tapasztalatainkra\u2026<\/em><\/p>\n<p>[\/vc_column_text][vc_empty_space alter_height=&#8221;small&#8221; hide_on_mobile=&#8221;&#8221;]<\/div><\/div>\n\t\t<\/div><!-- \/.sc_promo_text --><\/div><!-- \/.sc_promo -->[vc_empty_space hide_on_mobile=&#8221;&#8221;][\/vc_column][\/vc_row][vc_row el_class=&#8221;test&#8221;][vc_column width=&#8221;1\/4&#8243; css=&#8221;.vc_custom_1510756990531{padding-right: 0px !important;padding-left: 0px !important;background-color: #f7f7f7 !important;}&#8221; el_class=&#8221;columnborder&#8221;]<div id=\"sc_title_1293511222\"\n\t\tclass=\"scheme_default sc_title sc_title_default title  vc_custom_1526390008279\"><h2 class=\"sc_item_title sc_title_title sc_align_default sc_item_title_style_default\">Fa ablakok<\/h2><\/div><!-- \/.sc_title -->[vc_single_image image=&#8221;2623&#8243; img_size=&#8221;&#8221; alignment=&#8221;center&#8221; el_class=&#8221;foto&#8221;][vc_empty_space height=&#8221;16px&#8221; hide_on_mobile=&#8221;&#8221;][vc_column_text css=&#8221;.vc_custom_1526390031392{padding-top: 10px !important;padding-right: 10px !important;padding-bottom: 10px !important;padding-left: 10px !important;}&#8221;]A fa az egyik legszebb term\u00e9szetes anyag, amely t\u00f6k\u00e9letesen szigetel, r\u00e1a\u00e1dsul nem csak kin\u00e9zetre gy\u00f6ny\u00f6r\u0171, hanem tapint\u00e1sa is kellemes. M\u00e9retre gy\u00e1rtott, kiv\u00e1l\u00f3 min\u0151s\u00e9g\u0171 f\u00e1b\u00f3l k\u00e9sz\u00fclt ablakokat k\u00e9sz\u00edt\u00fcnk, amelyek a kifinomult k\u00e9zm\u0171vess\u00e9g jegyeit viselik magukon.[\/vc_column_text][vc_empty_space height=&#8221;16px&#8221; hide_on_mobile=&#8221;&#8221;]<div class=\"sc_item_button sc_button_wrap sc_align_center\"><a href=\"https:\/\/agh.sk\/hu\/drevene-okna\"\n\t id=\"sc_button_2095138549\" \n\tclass=\"sc_button sc_button_default sc_button_size_large sc_button_icon_left\"\n\t\t><span class=\"sc_button_text sc_align_center\"><span class=\"sc_button_title\">TOV\u00c1BB<\/span><\/span><!-- \/.sc_button_text --><\/a><!-- \/.sc_button --><\/div><!-- \/.sc_item_button -->[vc_empty_space height=&#8221;16px&#8221; hide_on_mobile=&#8221;&#8221;][\/vc_column][vc_column width=&#8221;1\/4&#8243; css=&#8221;.vc_custom_1507550957712{padding-right: 0px !important;padding-left: 0px !important;background-color: #f7f7f7 !important;}&#8221; el_class=&#8221;columnborder&#8221;]<div id=\"sc_title_790456092\"\n\t\tclass=\"scheme_default sc_title sc_title_default title  vc_custom_1526390052128\"><h2 class=\"sc_item_title sc_title_title sc_align_default sc_item_title_style_default\">Fa-alum\u00ednium ablakok<\/h2><\/div><!-- \/.sc_title -->[vc_single_image image=&#8221;2625&#8243; img_size=&#8221;&#8221; alignment=&#8221;center&#8221; el_class=&#8221;foto&#8221;][vc_empty_space height=&#8221;16px&#8221; hide_on_mobile=&#8221;&#8221;][vc_column_text css=&#8221;.vc_custom_1526390069209{padding-top: 10px !important;padding-right: 10px !important;padding-bottom: 10px !important;padding-left: 10px !important;}&#8221;]A robusztus fa keret \u00e9s a tart\u00f3s alum\u00ednium burkolat t\u00f6k\u00e9letes kombin\u00e1ci\u00f3ja alkotja az ablakokat, amelyek ellen\u00e1llnak a v\u00e1ltoz\u00f3 \u00e9ghajlati viszonyoknak \u00e9s k\u00fcl\u00f6nf\u00e9le mechanikai k\u00e1rosod\u00e1soknak.[\/vc_column_text][vc_empty_space height=&#8221;16px&#8221; hide_on_mobile=&#8221;&#8221;]<div class=\"sc_item_button sc_button_wrap sc_align_center\"><a href=\"https:\/\/agh.sk\/hu\/drevohlinikove-okna\"\n\t id=\"sc_button_290564030\" \n\tclass=\"sc_button sc_button_default sc_button_size_large sc_button_icon_left\"\n\t\t><span class=\"sc_button_text sc_align_center\"><span class=\"sc_button_title\">TOV\u00c1BB<\/span><\/span><!-- \/.sc_button_text --><\/a><!-- \/.sc_button --><\/div><!-- \/.sc_item_button -->[vc_empty_space height=&#8221;16px&#8221; hide_on_mobile=&#8221;&#8221;][\/vc_column][vc_column width=&#8221;1\/4&#8243; css=&#8221;.vc_custom_1507550965138{padding-right: 0px !important;padding-left: 0px !important;background-color: #f7f7f7 !important;}&#8221; el_class=&#8221;columnborder&#8221;]<div id=\"sc_title_2018148470\"\n\t\tclass=\"scheme_default sc_title sc_title_default title  vc_custom_1526390084352\"><h2 class=\"sc_item_title sc_title_title sc_align_default sc_item_title_style_default\">Francia ablakok<\/h2><\/div><!-- \/.sc_title -->[vc_single_image image=&#8221;2667&#8243; img_size=&#8221;&#8221; alignment=&#8221;center&#8221; el_class=&#8221;foto&#8221;][vc_empty_space height=&#8221;16px&#8221; hide_on_mobile=&#8221;&#8221;][vc_column_text css=&#8221;.vc_custom_1526390101561{padding-top: 10px !important;padding-right: 10px !important;padding-bottom: 10px !important;padding-left: 10px !important;}&#8221;]Nagy m\u00e9ret\u0171 f\u00e1b\u00f3l k\u00e9sz\u00fclt francia ablakok, melyeket ellen\u00e1llhatatlan elegancia jellemez, mik\u00f6zben rengeteg napf\u00e9nyt csemp\u00e9sznek minden t\u00e9rbe. A francia ablakok akad\u00e1lytalan kil\u00e1t\u00e1st \u00e9s minden bels\u0151 t\u00e9r d\u00edsz\u00edt\u00e9s\u00e9t biztos\u00edtj\u00e1k.[\/vc_column_text][vc_empty_space height=&#8221;16px&#8221; hide_on_mobile=&#8221;&#8221;]<div class=\"sc_item_button sc_button_wrap sc_align_center\"><a href=\"https:\/\/agh.sk\/hu\/francuzske-okna\"\n\t id=\"sc_button_1234700957\" \n\tclass=\"sc_button sc_button_default sc_button_size_large sc_button_icon_left\"\n\t\t><span class=\"sc_button_text sc_align_center\"><span class=\"sc_button_title\">TOV\u00c1BB<\/span><\/span><!-- \/.sc_button_text --><\/a><!-- \/.sc_button --><\/div><!-- \/.sc_item_button -->[vc_empty_space height=&#8221;16px&#8221; hide_on_mobile=&#8221;&#8221;][\/vc_column][vc_column width=&#8221;1\/4&#8243; css=&#8221;.vc_custom_1507550988575{padding-right: 0px !important;padding-left: 0px !important;background-color: #f7f7f7 !important;}&#8221; el_class=&#8221;columnborder&#8221;]<div id=\"sc_title_72240690\"\n\t\tclass=\"scheme_default sc_title sc_title_default title  vc_custom_1526390122647\"><h2 class=\"sc_item_title sc_title_title sc_align_default sc_item_title_style_default\">Fa euroablakok<\/h2><\/div><!-- \/.sc_title -->[vc_single_image image=&#8221;2672&#8243; img_size=&#8221;&#8221; alignment=&#8221;center&#8221; el_class=&#8221;foto&#8221;][vc_empty_space height=&#8221;16px&#8221; hide_on_mobile=&#8221;&#8221;][vc_column_text css=&#8221;.vc_custom_1526390138945{padding-top: 10px !important;padding-right: 10px !important;padding-bottom: 10px !important;padding-left: 10px !important;}&#8221;]Univerz\u00e1lis ablakok, bonyolult tervez\u00e9si rendszerrel, f\u00e1b\u00f3l ragasztott profilokb\u00f3l &#8211; eurohas\u00e1bokb\u00f3l, amelyek meg\u0151rzik az alakjuk stabilit\u00e1s\u00e1t. Az Euroablakok nem ig\u00e9nyelnek karbantart\u00e1st \u00e9s hossz\u00fa t\u00e1v\u00fa probl\u00e9mamentes m\u0171k\u00f6d\u00e9st garant\u00e1lnak.[\/vc_column_text][vc_empty_space height=&#8221;16px&#8221; hide_on_mobile=&#8221;&#8221;]<div class=\"sc_item_button sc_button_wrap sc_align_center\"><a href=\"https:\/\/agh.sk\/hu\/drevene-eurookna\"\n\t id=\"sc_button_1008964104\" \n\tclass=\"sc_button sc_button_default sc_button_size_large sc_button_icon_left\"\n\t\t><span class=\"sc_button_text sc_align_center\"><span class=\"sc_button_title\">TOV\u00c1BB<\/span><\/span><!-- \/.sc_button_text --><\/a><!-- \/.sc_button --><\/div><!-- \/.sc_item_button -->[vc_empty_space height=&#8221;16px&#8221; hide_on_mobile=&#8221;&#8221;][\/vc_column][\/vc_row]<\/p>\n","protected":false},"excerpt":{"rendered":"<p>[vc_row][vc_column][vc_empty_space hide_on_mobile=&#8221;&#8221;][\/vc_column][\/vc_row][vc_row el_class=&#8221;test&#8221;][vc_column width=&#8221;1\/4&#8243; css=&#8221;.vc_custom_1510756990531{padding-right: 0px !important;padding-left: 0px !important;background-color: #f7f7f7 !important;}&#8221; el_class=&#8221;columnborder&#8221;][vc_single_image image=&#8221;2623&#8243; img_size=&#8221;&#8221; alignment=&#8221;center&#8221; el_class=&#8221;foto&#8221;][vc_empty_space height=&#8221;16px&#8221; hide_on_mobile=&#8221;&#8221;][vc_column_text css=&#8221;.vc_custom_1526390031392{padding-top: 10px !important;padding-right: 10px !important;padding-bottom: 10px !important;padding-left: 10px !important;}&#8221;]A fa az egyik legszebb term\u00e9szetes anyag, amely t\u00f6k\u00e9letesen szigetel, r\u00e1a\u00e1dsul nem csak kin\u00e9zetre gy\u00f6ny\u00f6r\u0171, hanem tapint\u00e1sa is kellemes. M\u00e9retre gy\u00e1rtott, kiv\u00e1l\u00f3 min\u0151s\u00e9g\u0171 f\u00e1b\u00f3l k\u00e9sz\u00fclt ablakokat k\u00e9sz\u00edt\u00fcnk, amelyek a kifinomult k\u00e9zm\u0171vess\u00e9g jegyeit viselik magukon.[\/vc_column_text][vc_empty_space&hellip;<\/p>\n","protected":false},"author":1,"featured_media":0,"parent":0,"menu_order":0,"comment_status":"closed","ping_status":"closed","template":"","meta":{"_exactmetrics_skip_tracking":false,"_exactmetrics_sitenote_active":false,"_exactmetrics_sitenote_note":"","_exactmetrics_sitenote_category":0,"ngg_post_thumbnail":0},"yoast_head":"<!-- This site is optimized with the Yoast SEO plugin v19.5.1 - https:\/\/yoast.com\/wordpress\/plugins\/seo\/ -->\n<title>Okn\u00e1 na mieru - \u00c1GH STOL\u00c1RSTVO<\/title>\n<meta name=\"robots\" content=\"index, follow, max-snippet:-1, max-image-preview:large, max-video-preview:-1\" \/>\n<link rel=\"canonical\" href=\"https:\/\/agh.sk\/hu\/okna-na-mieru\/\" \/>\n<meta property=\"og:locale\" content=\"hu_HU\" \/>\n<meta property=\"og:type\" content=\"article\" \/>\n<meta property=\"og:title\" content=\"Okn\u00e1 na mieru - \u00c1GH STOL\u00c1RSTVO\" \/>\n<meta property=\"og:description\" content=\"[vc_row][vc_column][vc_empty_space hide_on_mobile=&#8221;&#8221;][\/vc_column][\/vc_row][vc_row el_class=&#8221;test&#8221;][vc_column width=&#8221;1\/4&#8243; css=&#8221;.vc_custom_1510756990531{padding-right: 0px !important;padding-left: 0px !important;background-color: #f7f7f7 !important;}&#8221; el_class=&#8221;columnborder&#8221;][vc_single_image image=&#8221;2623&#8243; img_size=&#8221;&#8221; alignment=&#8221;center&#8221; el_class=&#8221;foto&#8221;][vc_empty_space height=&#8221;16px&#8221; hide_on_mobile=&#8221;&#8221;][vc_column_text css=&#8221;.vc_custom_1526390031392{padding-top: 10px !important;padding-right: 10px !important;padding-bottom: 10px !important;padding-left: 10px !important;}&#8221;]A fa az egyik legszebb term\u00e9szetes anyag, amely t\u00f6k\u00e9letesen szigetel, r\u00e1a\u00e1dsul nem csak kin\u00e9zetre gy\u00f6ny\u00f6r\u0171, hanem tapint\u00e1sa is kellemes. M\u00e9retre gy\u00e1rtott, kiv\u00e1l\u00f3 min\u0151s\u00e9g\u0171 f\u00e1b\u00f3l k\u00e9sz\u00fclt ablakokat k\u00e9sz\u00edt\u00fcnk, amelyek a kifinomult k\u00e9zm\u0171vess\u00e9g jegyeit viselik magukon.[\/vc_column_text][vc_empty_space&hellip;\" \/>\n<meta property=\"og:url\" content=\"https:\/\/agh.sk\/hu\/okna-na-mieru\/\" \/>\n<meta property=\"og:site_name\" content=\"Juraj \u00c1gh - \u00c1GH STOL\u00c1RSTVO\" \/>\n<meta property=\"article:publisher\" content=\"https:\/\/www.facebook.com\/GH-okn-a-dvere-sro-745662738825627\/\" \/>\n<meta property=\"article:modified_time\" content=\"2018-05-21T09:24:40+00:00\" \/>\n<meta name=\"twitter:card\" content=\"summary_large_image\" \/>\n<meta name=\"twitter:label1\" content=\"Becs\u00fclt olvas\u00e1si id\u0151\" \/>\n\t<meta name=\"twitter:data1\" content=\"5 perc\" \/>\n<script type=\"application\/ld+json\" class=\"yoast-schema-graph\">{\"@context\":\"https:\/\/schema.org\",\"@graph\":[{\"@type\":\"WebPage\",\"@id\":\"https:\/\/agh.sk\/hu\/okna-na-mieru\/\",\"url\":\"https:\/\/agh.sk\/hu\/okna-na-mieru\/\",\"name\":\"Okn\u00e1 na mieru - \u00c1GH STOL\u00c1RSTVO\",\"isPartOf\":{\"@id\":\"https:\/\/agh.sk\/#website\"},\"datePublished\":\"2017-10-06T07:58:12+00:00\",\"dateModified\":\"2018-05-21T09:24:40+00:00\",\"breadcrumb\":{\"@id\":\"https:\/\/agh.sk\/hu\/okna-na-mieru\/#breadcrumb\"},\"inLanguage\":\"hu\",\"potentialAction\":[{\"@type\":\"ReadAction\",\"target\":[\"https:\/\/agh.sk\/hu\/okna-na-mieru\/\"]}]},{\"@type\":\"BreadcrumbList\",\"@id\":\"https:\/\/agh.sk\/hu\/okna-na-mieru\/#breadcrumb\",\"itemListElement\":[{\"@type\":\"ListItem\",\"position\":1,\"name\":\"Domov\",\"item\":\"https:\/\/agh.sk\/hu\/domov\/\"},{\"@type\":\"ListItem\",\"position\":2,\"name\":\"M\u00e9retre gy\u00e1rtott ablakok\"}]},{\"@type\":\"WebSite\",\"@id\":\"https:\/\/agh.sk\/#website\",\"url\":\"https:\/\/agh.sk\/\",\"name\":\"Juraj \u00c1gh - \u00c1GH STOL\u00c1RSTVO\",\"description\":\"Okn\u00e1 a dvere\",\"potentialAction\":[{\"@type\":\"SearchAction\",\"target\":{\"@type\":\"EntryPoint\",\"urlTemplate\":\"https:\/\/agh.sk\/?s={search_term_string}\"},\"query-input\":\"required name=search_term_string\"}],\"inLanguage\":\"hu\"}]}<\/script>\n<!-- \/ Yoast SEO plugin. -->","yoast_head_json":{"title":"Okn\u00e1 na mieru - \u00c1GH STOL\u00c1RSTVO","robots":{"index":"index","follow":"follow","max-snippet":"max-snippet:-1","max-image-preview":"max-image-preview:large","max-video-preview":"max-video-preview:-1"},"canonical":"https:\/\/agh.sk\/hu\/okna-na-mieru\/","og_locale":"hu_HU","og_type":"article","og_title":"Okn\u00e1 na mieru - \u00c1GH STOL\u00c1RSTVO","og_description":"[vc_row][vc_column][vc_empty_space hide_on_mobile=&#8221;&#8221;][\/vc_column][\/vc_row][vc_row el_class=&#8221;test&#8221;][vc_column width=&#8221;1\/4&#8243; css=&#8221;.vc_custom_1510756990531{padding-right: 0px !important;padding-left: 0px !important;background-color: #f7f7f7 !important;}&#8221; el_class=&#8221;columnborder&#8221;][vc_single_image image=&#8221;2623&#8243; img_size=&#8221;&#8221; alignment=&#8221;center&#8221; el_class=&#8221;foto&#8221;][vc_empty_space height=&#8221;16px&#8221; hide_on_mobile=&#8221;&#8221;][vc_column_text css=&#8221;.vc_custom_1526390031392{padding-top: 10px !important;padding-right: 10px !important;padding-bottom: 10px !important;padding-left: 10px !important;}&#8221;]A fa az egyik legszebb term\u00e9szetes anyag, amely t\u00f6k\u00e9letesen szigetel, r\u00e1a\u00e1dsul nem csak kin\u00e9zetre gy\u00f6ny\u00f6r\u0171, hanem tapint\u00e1sa is kellemes. M\u00e9retre gy\u00e1rtott, kiv\u00e1l\u00f3 min\u0151s\u00e9g\u0171 f\u00e1b\u00f3l k\u00e9sz\u00fclt ablakokat k\u00e9sz\u00edt\u00fcnk, amelyek a kifinomult k\u00e9zm\u0171vess\u00e9g jegyeit viselik magukon.[\/vc_column_text][vc_empty_space&hellip;","og_url":"https:\/\/agh.sk\/hu\/okna-na-mieru\/","og_site_name":"Juraj \u00c1gh - \u00c1GH STOL\u00c1RSTVO","article_publisher":"https:\/\/www.facebook.com\/GH-okn-a-dvere-sro-745662738825627\/","article_modified_time":"2018-05-21T09:24:40+00:00","twitter_card":"summary_large_image","twitter_misc":{"Becs\u00fclt olvas\u00e1si id\u0151":"5 perc"},"schema":{"@context":"https:\/\/schema.org","@graph":[{"@type":"WebPage","@id":"https:\/\/agh.sk\/hu\/okna-na-mieru\/","url":"https:\/\/agh.sk\/hu\/okna-na-mieru\/","name":"Okn\u00e1 na mieru - \u00c1GH STOL\u00c1RSTVO","isPartOf":{"@id":"https:\/\/agh.sk\/#website"},"datePublished":"2017-10-06T07:58:12+00:00","dateModified":"2018-05-21T09:24:40+00:00","breadcrumb":{"@id":"https:\/\/agh.sk\/hu\/okna-na-mieru\/#breadcrumb"},"inLanguage":"hu","potentialAction":[{"@type":"ReadAction","target":["https:\/\/agh.sk\/hu\/okna-na-mieru\/"]}]},{"@type":"BreadcrumbList","@id":"https:\/\/agh.sk\/hu\/okna-na-mieru\/#breadcrumb","itemListElement":[{"@type":"ListItem","position":1,"name":"Domov","item":"https:\/\/agh.sk\/hu\/domov\/"},{"@type":"ListItem","position":2,"name":"M\u00e9retre gy\u00e1rtott ablakok"}]},{"@type":"WebSite","@id":"https:\/\/agh.sk\/#website","url":"https:\/\/agh.sk\/","name":"Juraj \u00c1gh - \u00c1GH STOL\u00c1RSTVO","description":"Okn\u00e1 a dvere","potentialAction":[{"@type":"SearchAction","target":{"@type":"EntryPoint","urlTemplate":"https:\/\/agh.sk\/?s={search_term_string}"},"query-input":"required name=search_term_string"}],"inLanguage":"hu"}]}},"_links":{"self":[{"href":"https:\/\/agh.sk\/hu\/wp-json\/wp\/v2\/pages\/4126"}],"collection":[{"href":"https:\/\/agh.sk\/hu\/wp-json\/wp\/v2\/pages"}],"about":[{"href":"https:\/\/agh.sk\/hu\/wp-json\/wp\/v2\/types\/page"}],"author":[{"embeddable":true,"href":"https:\/\/agh.sk\/hu\/wp-json\/wp\/v2\/users\/1"}],"replies":[{"embeddable":true,"href":"https:\/\/agh.sk\/hu\/wp-json\/wp\/v2\/comments?post=4126"}],"version-history":[{"count":3,"href":"https:\/\/agh.sk\/hu\/wp-json\/wp\/v2\/pages\/4126\/revisions"}],"predecessor-version":[{"id":4255,"href":"https:\/\/agh.sk\/hu\/wp-json\/wp\/v2\/pages\/4126\/revisions\/4255"}],"wp:attachment":[{"href":"https:\/\/agh.sk\/hu\/wp-json\/wp\/v2\/media?parent=4126"}],"curies":[{"name":"wp","href":"https:\/\/api.w.org\/{rel}","templated":true}]}}