{"id":4064,"date":"2016-10-14T08:10:59","date_gmt":"2016-10-14T08:10:59","guid":{"rendered":"https:\/\/agh.sk\/kontakt\/"},"modified":"2018-05-21T14:42:14","modified_gmt":"2018-05-21T12:42:14","slug":"kontakt","status":"publish","type":"page","link":"https:\/\/agh.sk\/de\/kontakt\/","title":{"rendered":"Kontakt"},"content":{"rendered":"<p>[vc_row][vc_column][vc_empty_space alter_height=&#8220;large&#8220; hide_on_mobile=&#8220;&#8220;]<div  id=\"sc_promo_1091054222\" \n\tclass=\"sc_promo sc_promo_default sc_promo_size_large sc_promo_no_paddings sc_promo_no_image\"><div class=\"sc_promo_text\" style=\"width: 100%;\">\n\t\t\t<div class=\"sc_promo_text_inner\" style=\"\"><h2 class=\"sc_item_title sc_promo_title sc_align_center sc_item_title_style_default\">Kontaktieren Sie uns<\/h2><h6 class=\"sc_item_subtitle sc_promo_subtitle sc_align_center sc_item_title_style_default\">Kontaktieren Sie uns bitte gerne jederzeit<\/h6><\/div>\n\t\t<\/div><!-- \/.sc_promo_text --><\/div><!-- \/.sc_promo -->[\/vc_column][\/vc_row][vc_row][vc_column width=&#8220;1\/2&#8243;][vc_custom_heading text=&#8220;Kontakt formular&#8220; font_container=&#8220;tag:h3|font_size:25|text_align:left&#8220; use_theme_fonts=&#8220;yes&#8220;]<div role=\"form\" class=\"wpcf7\" id=\"wpcf7-f4137-o1\" lang=\"sk-SK\" dir=\"ltr\">\n<div class=\"screen-reader-response\"><p role=\"status\" aria-live=\"polite\" aria-atomic=\"true\"><\/p> <ul><\/ul><\/div>\n<form action=\"\/de\/wp-json\/wp\/v2\/pages\/4064#wpcf7-f4137-o1\" method=\"post\" class=\"wpcf7-form init\" novalidate=\"novalidate\" data-status=\"init\">\n<div style=\"display: none;\">\n<input type=\"hidden\" name=\"_wpcf7\" value=\"4137\" \/>\n<input type=\"hidden\" name=\"_wpcf7_version\" value=\"5.6.2\" \/>\n<input type=\"hidden\" name=\"_wpcf7_locale\" value=\"sk_SK\" \/>\n<input type=\"hidden\" name=\"_wpcf7_unit_tag\" value=\"wpcf7-f4137-o1\" \/>\n<input type=\"hidden\" name=\"_wpcf7_container_post\" value=\"0\" \/>\n<input type=\"hidden\" name=\"_wpcf7_posted_data_hash\" value=\"\" \/>\n<input type=\"hidden\" name=\"_wpcf7_recaptcha_response\" value=\"\" \/>\n<\/div>\n<p><label class=\"sc_form_field sc_form_field_name required\"><br \/>\n\t\t<span class=\"sc_form_field_wrap\"><input type=\"text\" name=\"name\" id=\"name\" value=\"\" aria-required=\"true\" placeholder=\"Dein Name (Pflichtfeld)\">\t<\/span><br \/>\n<\/label><\/p>\n<p><label class=\"sc_form_field sc_form_field_email required\"><br \/>\n\t\t<span class=\"sc_form_field_wrap\"><input type=\"text\" name=\"email\" id=\"email\" value=\"\" aria-required=\"true\" placeholder=\"Deine E-Mail-Adresse (Pflichtfeld)\">\t<\/span><br \/>\n<\/label><\/p>\n<p><label class=\"sc_form_field sc_form_field_message required\"><br \/>\n\t\t<span class=\"sc_form_field_wrap\"><textarea name=\"message\" id=\"message\" aria-required=\"true\" placeholder=\"Deine Nachricht\"><\/textarea>\t<\/span><br \/>\n<\/label><\/p>\n\n<p><br\/><\/p>\n<p><input type=\"submit\" value=\"Senden\" class=\"wpcf7-form-control has-spinner wpcf7-submit\" \/><\/p>\n<div class=\"wpcf7-response-output\" aria-hidden=\"true\"><\/div><\/form><\/div>[\/vc_column][vc_column width=&#8220;1\/2&#8243;][vc_empty_space alter_height=&#8220;small&#8220; hide_on_mobile=&#8220;&#8220;][vc_row_inner][vc_column_inner width=&#8220;1\/2&#8243;][vc_custom_heading text=&#8220;Adresse&#8220; font_container=&#8220;tag:h4|font_size:25|text_align:center&#8220; use_theme_fonts=&#8220;yes&#8220;][vc_column_text]<\/p>\n<p style=\"text-align: center;\"><span style=\"font-size: 12pt;\">Juraj \u00c1gh &#8211; \u00c1GH STOL\u00c1RSTVO<br \/>\n<\/span><span style=\"font-size: 12pt;\">Po\u0161tov\u00e1 ulica 88,<\/span><br \/>\n<span style=\"font-size: 12pt;\">930 33, Horn\u00fd Bar<\/span><\/p>\n<p>[\/vc_column_text][\/vc_column_inner][vc_column_inner width=&#8220;1\/2&#8243;][vc_custom_heading text=&#8220;Rechnungsdaten&#8220; font_container=&#8220;tag:h4|font_size:25|text_align:center&#8220; use_theme_fonts=&#8220;yes&#8220;][vc_column_text]<\/p>\n<p style=\"text-align: center;\"><span style=\"font-size: 12pt;\">I\u010cO: 17730279<\/span><br \/>\n<span style=\"font-size: 12pt;\">DI\u010c: 1020255830<\/span><br \/>\n<span style=\"font-size: 12pt;\">I\u010c DPH: SK1020255830<\/span><\/p>\n<p>[\/vc_column_text][\/vc_column_inner][\/vc_row_inner][vc_custom_heading text=&#8220;Kontakt&#8220; font_container=&#8220;tag:h4|font_size:25|text_align:center&#8220; use_theme_fonts=&#8220;yes&#8220;][vc_row_inner][vc_column_inner width=&#8220;1\/2&#8243;][vc_single_image image=&#8220;3708&#8243; img_size=&#8220;100&#215;150&#8243; alignment=&#8220;center&#8220;][vc_column_text]<\/p>\n<h6 style=\"text-align: center;\"><span style=\"font-size: 12pt;\">Juraj \u00c1gh<\/span><\/h6>\n<p style=\"text-align: center;\"><span style=\"font-size: 12pt;\">Tel: +421\/905 313 177<\/span><br \/>\n<span style=\"font-size: 12pt;\">E-mail: agh@agh.sk<\/span><br \/>\n<span style=\"font-size: 12pt;\">Gesch\u00e4ftsf\u00fchrer<\/span><\/p>\n<p>[\/vc_column_text][\/vc_column_inner][vc_column_inner width=&#8220;1\/2&#8243;][vc_single_image image=&#8220;3717&#8243; img_size=&#8220;100&#215;150&#8243; alignment=&#8220;center&#8220;][vc_column_text]<\/p>\n<h6 style=\"text-align: center;\"><span style=\"font-size: 12pt;\">Norbert \u00c1gh<\/span><\/h6>\n<p style=\"text-align: center;\"><span style=\"font-size: 12pt;\">Tel: +421\/919 165 560<\/span><br \/>\n<span style=\"font-size: 12pt;\">E-mail: agh.n@agh.sk<\/span><br \/>\n<span style=\"font-size: 12pt;\">Handelsvertreter<\/span><\/p>\n<p>[\/vc_column_text][\/vc_column_inner][\/vc_row_inner][\/vc_column][\/vc_row][vc_row][vc_column][vc_empty_space alter_height=&#8220;medium&#8220; hide_on_mobile=&#8220;&#8220;][\/vc_column][\/vc_row]<\/p>\n","protected":false},"excerpt":{"rendered":"<p>[vc_row][vc_column][vc_empty_space alter_height=&#8220;large&#8220; hide_on_mobile=&#8220;&#8220;][\/vc_column][\/vc_row][vc_row][vc_column width=&#8220;1\/2&#8243;][vc_custom_heading text=&#8220;Kontakt formular&#8220; font_container=&#8220;tag:h3|font_size:25|text_align:left&#8220; use_theme_fonts=&#8220;yes&#8220;][\/vc_column][vc_column width=&#8220;1\/2&#8243;][vc_empty_space alter_height=&#8220;small&#8220; hide_on_mobile=&#8220;&#8220;][vc_row_inner][vc_column_inner width=&#8220;1\/2&#8243;][vc_custom_heading text=&#8220;Adresse&#8220; font_container=&#8220;tag:h4|font_size:25|text_align:center&#8220; use_theme_fonts=&#8220;yes&#8220;][vc_column_text] Juraj \u00c1gh &#8211; \u00c1GH STOL\u00c1RSTVO Po\u0161tov\u00e1 ulica 88, 930 33, Horn\u00fd Bar [\/vc_column_text][\/vc_column_inner][vc_column_inner width=&#8220;1\/2&#8243;][vc_custom_heading text=&#8220;Rechnungsdaten&#8220; font_container=&#8220;tag:h4|font_size:25|text_align:center&#8220; use_theme_fonts=&#8220;yes&#8220;][vc_column_text] I\u010cO: 17730279 DI\u010c: 1020255830 I\u010c DPH: SK1020255830 [\/vc_column_text][\/vc_column_inner][\/vc_row_inner][vc_custom_heading text=&#8220;Kontakt&#8220; font_container=&#8220;tag:h4|font_size:25|text_align:center&#8220; use_theme_fonts=&#8220;yes&#8220;][vc_row_inner][vc_column_inner width=&#8220;1\/2&#8243;][vc_single_image image=&#8220;3708&#8243; img_size=&#8220;100&#215;150&#8243; alignment=&#8220;center&#8220;][vc_column_text] Juraj \u00c1gh Tel: +421\/905 313 177 E-mail: agh@agh.sk Gesch\u00e4ftsf\u00fchrer [\/vc_column_text][\/vc_column_inner][vc_column_inner width=&#8220;1\/2&#8243;][vc_single_image image=&#8220;3717&#8243; img_size=&#8220;100&#215;150&#8243;&hellip;<\/p>\n","protected":false},"author":1,"featured_media":0,"parent":0,"menu_order":0,"comment_status":"closed","ping_status":"closed","template":"","meta":{"_exactmetrics_skip_tracking":false,"_exactmetrics_sitenote_active":false,"_exactmetrics_sitenote_note":"","_exactmetrics_sitenote_category":0,"ngg_post_thumbnail":0},"yoast_head":"<!-- This site is optimized with the Yoast SEO plugin v19.5.1 - https:\/\/yoast.com\/wordpress\/plugins\/seo\/ -->\n<title>Kontakt - Juraj \u00c1gh - \u00c1GH STOL\u00c1RSTVO<\/title>\n<meta name=\"description\" content=\"V pr\u00edpade potreby n\u00e1s nev\u00e1hajte pros\u00edm kedyko\u013evek kontaktova\u0165. Radi v\u00e1m porad\u00edme pri v\u00fdbere pre v\u00e1s najvhodnej\u0161\u00edch okien, dver\u00ed alebo posuvn\u00fdch syst\u00e9mov..\" \/>\n<meta name=\"robots\" content=\"index, follow, max-snippet:-1, max-image-preview:large, max-video-preview:-1\" \/>\n<link rel=\"canonical\" href=\"https:\/\/agh.sk\/de\/kontakt\/\" \/>\n<meta property=\"og:locale\" content=\"de_DE\" \/>\n<meta property=\"og:type\" content=\"article\" \/>\n<meta property=\"og:title\" content=\"Kontakt - Juraj \u00c1gh - \u00c1GH STOL\u00c1RSTVO\" \/>\n<meta property=\"og:description\" content=\"V pr\u00edpade potreby n\u00e1s nev\u00e1hajte pros\u00edm kedyko\u013evek kontaktova\u0165. Radi v\u00e1m porad\u00edme pri v\u00fdbere pre v\u00e1s najvhodnej\u0161\u00edch okien, dver\u00ed alebo posuvn\u00fdch syst\u00e9mov..\" \/>\n<meta property=\"og:url\" content=\"https:\/\/agh.sk\/de\/kontakt\/\" \/>\n<meta property=\"og:site_name\" content=\"Juraj \u00c1gh - \u00c1GH STOL\u00c1RSTVO\" \/>\n<meta property=\"article:publisher\" content=\"https:\/\/www.facebook.com\/GH-okn-a-dvere-sro-745662738825627\/\" \/>\n<meta property=\"article:modified_time\" content=\"2018-05-21T12:42:14+00:00\" \/>\n<meta name=\"twitter:card\" content=\"summary_large_image\" \/>\n<meta name=\"twitter:label1\" content=\"Gesch\u00e4tzte Lesezeit\" \/>\n\t<meta name=\"twitter:data1\" content=\"2\u00a0Minuten\" \/>\n<script type=\"application\/ld+json\" class=\"yoast-schema-graph\">{\"@context\":\"https:\/\/schema.org\",\"@graph\":[{\"@type\":\"WebPage\",\"@id\":\"https:\/\/agh.sk\/de\/kontakt\/\",\"url\":\"https:\/\/agh.sk\/de\/kontakt\/\",\"name\":\"Kontakt - Juraj \u00c1gh - \u00c1GH STOL\u00c1RSTVO\",\"isPartOf\":{\"@id\":\"https:\/\/agh.sk\/#website\"},\"datePublished\":\"2016-10-14T08:10:59+00:00\",\"dateModified\":\"2018-05-21T12:42:14+00:00\",\"description\":\"V pr\u00edpade potreby n\u00e1s nev\u00e1hajte pros\u00edm kedyko\u013evek kontaktova\u0165. Radi v\u00e1m porad\u00edme pri v\u00fdbere pre v\u00e1s najvhodnej\u0161\u00edch okien, dver\u00ed alebo posuvn\u00fdch syst\u00e9mov..\",\"breadcrumb\":{\"@id\":\"https:\/\/agh.sk\/de\/kontakt\/#breadcrumb\"},\"inLanguage\":\"de\",\"potentialAction\":[{\"@type\":\"ReadAction\",\"target\":[\"https:\/\/agh.sk\/de\/kontakt\/\"]}]},{\"@type\":\"BreadcrumbList\",\"@id\":\"https:\/\/agh.sk\/de\/kontakt\/#breadcrumb\",\"itemListElement\":[{\"@type\":\"ListItem\",\"position\":1,\"name\":\"Domov\",\"item\":\"https:\/\/agh.sk\/de\/domov\/\"},{\"@type\":\"ListItem\",\"position\":2,\"name\":\"Kontakt\"}]},{\"@type\":\"WebSite\",\"@id\":\"https:\/\/agh.sk\/#website\",\"url\":\"https:\/\/agh.sk\/\",\"name\":\"Juraj \u00c1gh - \u00c1GH STOL\u00c1RSTVO\",\"description\":\"Okn\u00e1 a dvere\",\"potentialAction\":[{\"@type\":\"SearchAction\",\"target\":{\"@type\":\"EntryPoint\",\"urlTemplate\":\"https:\/\/agh.sk\/?s={search_term_string}\"},\"query-input\":\"required name=search_term_string\"}],\"inLanguage\":\"de\"}]}<\/script>\n<!-- \/ Yoast SEO plugin. -->","yoast_head_json":{"title":"Kontakt - Juraj \u00c1gh - \u00c1GH STOL\u00c1RSTVO","description":"V pr\u00edpade potreby n\u00e1s nev\u00e1hajte pros\u00edm kedyko\u013evek kontaktova\u0165. Radi v\u00e1m porad\u00edme pri v\u00fdbere pre v\u00e1s najvhodnej\u0161\u00edch okien, dver\u00ed alebo posuvn\u00fdch syst\u00e9mov..","robots":{"index":"index","follow":"follow","max-snippet":"max-snippet:-1","max-image-preview":"max-image-preview:large","max-video-preview":"max-video-preview:-1"},"canonical":"https:\/\/agh.sk\/de\/kontakt\/","og_locale":"de_DE","og_type":"article","og_title":"Kontakt - Juraj \u00c1gh - \u00c1GH STOL\u00c1RSTVO","og_description":"V pr\u00edpade potreby n\u00e1s nev\u00e1hajte pros\u00edm kedyko\u013evek kontaktova\u0165. Radi v\u00e1m porad\u00edme pri v\u00fdbere pre v\u00e1s najvhodnej\u0161\u00edch okien, dver\u00ed alebo posuvn\u00fdch syst\u00e9mov..","og_url":"https:\/\/agh.sk\/de\/kontakt\/","og_site_name":"Juraj \u00c1gh - \u00c1GH STOL\u00c1RSTVO","article_publisher":"https:\/\/www.facebook.com\/GH-okn-a-dvere-sro-745662738825627\/","article_modified_time":"2018-05-21T12:42:14+00:00","twitter_card":"summary_large_image","twitter_misc":{"Gesch\u00e4tzte Lesezeit":"2\u00a0Minuten"},"schema":{"@context":"https:\/\/schema.org","@graph":[{"@type":"WebPage","@id":"https:\/\/agh.sk\/de\/kontakt\/","url":"https:\/\/agh.sk\/de\/kontakt\/","name":"Kontakt - Juraj \u00c1gh - \u00c1GH STOL\u00c1RSTVO","isPartOf":{"@id":"https:\/\/agh.sk\/#website"},"datePublished":"2016-10-14T08:10:59+00:00","dateModified":"2018-05-21T12:42:14+00:00","description":"V pr\u00edpade potreby n\u00e1s nev\u00e1hajte pros\u00edm kedyko\u013evek kontaktova\u0165. Radi v\u00e1m porad\u00edme pri v\u00fdbere pre v\u00e1s najvhodnej\u0161\u00edch okien, dver\u00ed alebo posuvn\u00fdch syst\u00e9mov..","breadcrumb":{"@id":"https:\/\/agh.sk\/de\/kontakt\/#breadcrumb"},"inLanguage":"de","potentialAction":[{"@type":"ReadAction","target":["https:\/\/agh.sk\/de\/kontakt\/"]}]},{"@type":"BreadcrumbList","@id":"https:\/\/agh.sk\/de\/kontakt\/#breadcrumb","itemListElement":[{"@type":"ListItem","position":1,"name":"Domov","item":"https:\/\/agh.sk\/de\/domov\/"},{"@type":"ListItem","position":2,"name":"Kontakt"}]},{"@type":"WebSite","@id":"https:\/\/agh.sk\/#website","url":"https:\/\/agh.sk\/","name":"Juraj \u00c1gh - \u00c1GH STOL\u00c1RSTVO","description":"Okn\u00e1 a dvere","potentialAction":[{"@type":"SearchAction","target":{"@type":"EntryPoint","urlTemplate":"https:\/\/agh.sk\/?s={search_term_string}"},"query-input":"required name=search_term_string"}],"inLanguage":"de"}]}},"_links":{"self":[{"href":"https:\/\/agh.sk\/de\/wp-json\/wp\/v2\/pages\/4064"}],"collection":[{"href":"https:\/\/agh.sk\/de\/wp-json\/wp\/v2\/pages"}],"about":[{"href":"https:\/\/agh.sk\/de\/wp-json\/wp\/v2\/types\/page"}],"author":[{"embeddable":true,"href":"https:\/\/agh.sk\/de\/wp-json\/wp\/v2\/users\/1"}],"replies":[{"embeddable":true,"href":"https:\/\/agh.sk\/de\/wp-json\/wp\/v2\/comments?post=4064"}],"version-history":[{"count":4,"href":"https:\/\/agh.sk\/de\/wp-json\/wp\/v2\/pages\/4064\/revisions"}],"predecessor-version":[{"id":4267,"href":"https:\/\/agh.sk\/de\/wp-json\/wp\/v2\/pages\/4064\/revisions\/4267"}],"wp:attachment":[{"href":"https:\/\/agh.sk\/de\/wp-json\/wp\/v2\/media?parent=4064"}],"curies":[{"name":"wp","href":"https:\/\/api.w.org\/{rel}","templated":true}]}}