{"id":3989,"date":"2016-10-17T13:57:28","date_gmt":"2016-10-17T13:57:28","guid":{"rendered":"https:\/\/agh.sk\/o-nas\/"},"modified":"2018-05-02T15:20:15","modified_gmt":"2018-05-02T13:20:15","slug":"o-nas","status":"publish","type":"page","link":"https:\/\/agh.sk\/de\/o-nas\/","title":{"rendered":"\u00dcber uns"},"content":{"rendered":"<p>[vc_row css=&#8220;.vc_custom_1477393879238{margin-top: 8.1rem !important;margin-bottom: 7.25rem !important;}&#8220;][vc_column width=&#8220;1\/6&#8243;][\/vc_column][vc_column width=&#8220;2\/3&#8243;]<div id=\"sc_title_105416306\"\n\t\tclass=\"sc_title sc_title_default\"><h2 class=\"sc_item_title sc_title_title sc_align_default sc_item_title_style_default\">Liebe zum Tischlerhandwerk und zur Familie<\/h2><h6 class=\"sc_item_subtitle sc_title_subtitle sc_align_default sc_item_title_style_default\">Unsere Geschichte<\/h6><\/div><!-- \/.sc_title -->[vc_column_text css=&#8220;.vc_custom_1525267165943{margin-top: -1.7rem !important;margin-bottom: 3.1rem !important;}&#8220;]<\/p>\n<p style=\"text-align: center;\">Es hat alles mit einer Holzwerkstatt begonnen, die sich allm\u00e4hlich zu einer Werkstatt f\u00fcr kleinere Tischlerprodukte entwickelt hat. Die Kunden haben sich jedoch immer \u00f6fter mit Auftr\u00e4gen zum Holzfensterbau und Holzt\u00fcrbau an uns gewendet. Durch zielstrebige Arbeit wurden wir bald bekannt und im Jahr 1992 haben wir die Fertigung offiziell unter dem Namen \u00c1GH Tischlerei begonnen.<\/p>\n<p style=\"text-align: center;\">Die Arbeit mit Holz wird in unserer Familie von Generation zu Generation \u00fcbertragen. Es ist eine Tradition und auch ein Gl\u00fcck, wenn man eigene Erfahrungen mit dem Handwerk weitergeben kann. Das Unternehmen leite ich mit meinem Sohn zusammen. Mit unseren Kunden sowie unseren Arbeitnehmern haben wir freundschaftliche Beziehungen und dies ist eine der Sachen, weshalb die Klienten immer wieder zu uns zur\u00fcckkommen. Unsere Technologie wird im Namen der Innovationen und der Fertigungseffektivierung immer besser. Es liegt uns am Herzen, dass wir unseren Kunden ein Endprodukt in Spitzenqualit\u00e4t liefern k\u00f6nnen.<\/p>\n<p style=\"text-align: center;\">Im Laufe der Zeit haben wir unser Fertigungsprogramm auch um isothermische Eurofenster, T\u00fcren und Holz-Aluminium-Fenster erweitert. Dreischichtverleimte Europrofile haben sehr gute w\u00e4rme- und l\u00e4rmd\u00e4mmende Eigenschaften. Wir benutzen besondere v\u00f6llig verdeckt liegende Beschl\u00e4ge von den Gesellschaften SIEGIENIA und MACO und hochwertige Lacke vom \u00f6sterreichischen Unternehmen ADLER.<\/p>\n<p style=\"text-align: center;\">Unser Ziel ist einfach, es ist aber eine lebenslange Berufung: Holzfenster und -t\u00fcren zu bauen, die Ihr Zuhause sch\u00fctzen und versch\u00f6nern.<\/p>\n<p style=\"text-align: center;\">Gerne bauen wir solche auch f\u00fcr Sie\u2026<\/p>\n<p>[\/vc_column_text][vc_single_image image=&#8220;3515&#8243; img_size=&#8220;full&#8220; alignment=&#8220;center&#8220; title=&#8220;Juraj \u00c1GH &#8211; Gr\u00fcnder&#8220;][\/vc_column][vc_column width=&#8220;1\/6&#8243;][\/vc_column][\/vc_row][vc_row full_width=&#8220;stretch_row&#8220; css=&#8220;.vc_custom_1476451537012{background-color: #38a635 !important;}&#8220;][vc_column]<div class=\"sc_services sc_services_default\" data-slides-per-view=&quot;4&quot; data-slides-min-width=\"200\"\t\t>\n\t\t<div class=\"sc_services_columns sc_item_columns trx_addons_columns_wrap columns_padding_bottom\"><div class=\"trx_addons_column-1_4\"><div class=\"sc_services_item with_icon sc_services_item_featured_top\">\n\t<a href=\"https:\/\/agh.sk\/de\/services\/original-projects\/\"\n\t\t\t id=\"sc_services_1280260021_icon-5\"\n\t\t\t class=\"sc_services_item_icon icon-5\"\n\t\t\t ><\/a>\t\n\t<div class=\"sc_services_item_info\">\n\t\t<div class=\"sc_services_item_header\">\n\t\t\t<h4 class=\"sc_services_item_title\"><a href=\"https:\/\/agh.sk\/de\/services\/original-projects\/\">Erstklassige Materialien<\/a><\/h4>\n\t\t\t<div class=\"sc_services_item_subtitle\"><a href=\"https:\/\/agh.sk\/de\/services_group\/projects-iconed\/\" title=\"View all posts in Projects Iconed\">Projects Iconed<\/a><\/div>\n\t\t<\/div>\n\t\t\t\t\t<div class=\"sc_services_item_content\"><p>Wir arbeiten mit Holz h\u00f6chster Qualit\u00e4t. <\/p>\n<\/div>\n\t\t\t<div class=\"sc_services_item_button sc_item_button\"><a href=\"https:\/\/agh.sk\/de\/services\/original-projects\/\" class=\"sc_button sc_button_simple\">Learn more<\/a><\/div>\n\t\t\t<\/div>\n<\/div>\n<\/div><div class=\"trx_addons_column-1_4\"><div class=\"sc_services_item with_icon sc_services_item_featured_top\">\n\t<a href=\"https:\/\/agh.sk\/de\/services\/quality-products\/\"\n\t\t\t id=\"sc_services_1280260021_icon-6\"\n\t\t\t class=\"sc_services_item_icon icon-6\"\n\t\t\t ><\/a>\t\n\t<div class=\"sc_services_item_info\">\n\t\t<div class=\"sc_services_item_header\">\n\t\t\t<h4 class=\"sc_services_item_title\"><a href=\"https:\/\/agh.sk\/de\/services\/quality-products\/\">Garantie guter Preise<\/a><\/h4>\n\t\t\t<div class=\"sc_services_item_subtitle\"><a href=\"https:\/\/agh.sk\/de\/services_group\/projects-iconed\/\" title=\"View all posts in Projects Iconed\">Projects Iconed<\/a><\/div>\n\t\t<\/div>\n\t\t\t\t\t<div class=\"sc_services_item_content\"><p>Unsere Produkte kann sich jeder leisten.<\/p>\n<\/div>\n\t\t\t<div class=\"sc_services_item_button sc_item_button\"><a href=\"https:\/\/agh.sk\/de\/services\/quality-products\/\" class=\"sc_button sc_button_simple\">Learn more<\/a><\/div>\n\t\t\t<\/div>\n<\/div>\n<\/div><div class=\"trx_addons_column-1_4\"><div class=\"sc_services_item with_icon sc_services_item_featured_top\">\n\t<a href=\"https:\/\/agh.sk\/de\/services\/talented-craftsmen\/\"\n\t\t\t id=\"sc_services_1280260021_icon-8\"\n\t\t\t class=\"sc_services_item_icon icon-8\"\n\t\t\t ><\/a>\t\n\t<div class=\"sc_services_item_info\">\n\t\t<div class=\"sc_services_item_header\">\n\t\t\t<h4 class=\"sc_services_item_title\"><a href=\"https:\/\/agh.sk\/de\/services\/talented-craftsmen\/\">Langlebigkeit<\/a><\/h4>\n\t\t\t<div class=\"sc_services_item_subtitle\"><a href=\"https:\/\/agh.sk\/de\/services_group\/projects-iconed\/\" title=\"View all posts in Projects Iconed\">Projects Iconed<\/a><\/div>\n\t\t<\/div>\n\t\t\t\t\t<div class=\"sc_services_item_content\"><p>Fenster und T\u00fcren, die mit Ihnen leben.<\/p>\n<\/div>\n\t\t\t<div class=\"sc_services_item_button sc_item_button\"><a href=\"https:\/\/agh.sk\/de\/services\/talented-craftsmen\/\" class=\"sc_button sc_button_simple\">Learn more<\/a><\/div>\n\t\t\t<\/div>\n<\/div>\n<\/div><div class=\"trx_addons_column-1_4\"><div class=\"sc_services_item with_icon sc_services_item_featured_top\">\n\t<a href=\"https:\/\/agh.sk\/de\/services\/new-equipment\/\"\n\t\t\t id=\"sc_services_1280260021_icon-4\"\n\t\t\t class=\"sc_services_item_icon icon-4\"\n\t\t\t ><\/a>\t\n\t<div class=\"sc_services_item_info\">\n\t\t<div class=\"sc_services_item_header\">\n\t\t\t<h4 class=\"sc_services_item_title\"><a href=\"https:\/\/agh.sk\/de\/services\/new-equipment\/\">Modernes Design<\/a><\/h4>\n\t\t\t<div class=\"sc_services_item_subtitle\"><a href=\"https:\/\/agh.sk\/de\/services_group\/projects-iconed\/\" title=\"View all posts in Projects Iconed\">Projects Iconed<\/a><\/div>\n\t\t<\/div>\n\t\t\t\t\t<div class=\"sc_services_item_content\"><p>Wir fertigen Fenster und T\u00fcren, die Ihrem Geschmack entsprechen.<\/p>\n<\/div>\n\t\t\t<div class=\"sc_services_item_button sc_item_button\"><a href=\"https:\/\/agh.sk\/de\/services\/new-equipment\/\" class=\"sc_button sc_button_simple\">Learn more<\/a><\/div>\n\t\t\t<\/div>\n<\/div>\n<\/div><\/div><\/div><!-- \/.sc_services -->[\/vc_column][\/vc_row]<\/p>\n","protected":false},"excerpt":{"rendered":"<p>[vc_row css=&#8220;.vc_custom_1477393879238{margin-top: 8.1rem !important;margin-bottom: 7.25rem !important;}&#8220;][vc_column width=&#8220;1\/6&#8243;][\/vc_column][vc_column width=&#8220;2\/3&#8243;][vc_column_text css=&#8220;.vc_custom_1525267165943{margin-top: -1.7rem !important;margin-bottom: 3.1rem !important;}&#8220;] Es hat alles mit einer Holzwerkstatt begonnen, die sich allm\u00e4hlich zu einer Werkstatt f\u00fcr kleinere Tischlerprodukte entwickelt hat. Die Kunden haben sich jedoch immer \u00f6fter mit Auftr\u00e4gen zum Holzfensterbau und Holzt\u00fcrbau an uns gewendet. Durch zielstrebige Arbeit wurden wir bald bekannt und im Jahr 1992 haben wir&hellip;<\/p>\n","protected":false},"author":1,"featured_media":0,"parent":0,"menu_order":0,"comment_status":"closed","ping_status":"closed","template":"","meta":{"_exactmetrics_skip_tracking":false,"_exactmetrics_sitenote_active":false,"_exactmetrics_sitenote_note":"","_exactmetrics_sitenote_category":0,"ngg_post_thumbnail":0},"yoast_head":"<!-- This site is optimized with the Yoast SEO plugin v19.5.1 - https:\/\/yoast.com\/wordpress\/plugins\/seo\/ -->\n<title>N\u00e1\u0161 pr\u00edbeh - Juraj \u00c1gh - \u00c1GH STOL\u00c1RSTVO<\/title>\n<meta name=\"robots\" content=\"index, follow, max-snippet:-1, max-image-preview:large, max-video-preview:-1\" \/>\n<link rel=\"canonical\" href=\"https:\/\/agh.sk\/de\/o-nas\/\" \/>\n<meta property=\"og:locale\" content=\"de_DE\" \/>\n<meta property=\"og:type\" content=\"article\" \/>\n<meta property=\"og:title\" content=\"N\u00e1\u0161 pr\u00edbeh - Juraj \u00c1gh - \u00c1GH STOL\u00c1RSTVO\" \/>\n<meta property=\"og:description\" content=\"[vc_row css=&#8220;.vc_custom_1477393879238{margin-top: 8.1rem !important;margin-bottom: 7.25rem !important;}&#8220;][vc_column width=&#8220;1\/6&#8243;][\/vc_column][vc_column width=&#8220;2\/3&#8243;][vc_column_text css=&#8220;.vc_custom_1525267165943{margin-top: -1.7rem !important;margin-bottom: 3.1rem !important;}&#8220;] Es hat alles mit einer Holzwerkstatt begonnen, die sich allm\u00e4hlich zu einer Werkstatt f\u00fcr kleinere Tischlerprodukte entwickelt hat. Die Kunden haben sich jedoch immer \u00f6fter mit Auftr\u00e4gen zum Holzfensterbau und Holzt\u00fcrbau an uns gewendet. Durch zielstrebige Arbeit wurden wir bald bekannt und im Jahr 1992 haben wir&hellip;\" \/>\n<meta property=\"og:url\" content=\"https:\/\/agh.sk\/de\/o-nas\/\" \/>\n<meta property=\"og:site_name\" content=\"Juraj \u00c1gh - \u00c1GH STOL\u00c1RSTVO\" \/>\n<meta property=\"article:publisher\" content=\"https:\/\/www.facebook.com\/GH-okn-a-dvere-sro-745662738825627\/\" \/>\n<meta property=\"article:modified_time\" content=\"2018-05-02T13:20:15+00:00\" \/>\n<meta name=\"twitter:card\" content=\"summary_large_image\" \/>\n<meta name=\"twitter:label1\" content=\"Gesch\u00e4tzte Lesezeit\" \/>\n\t<meta name=\"twitter:data1\" content=\"2\u00a0Minuten\" \/>\n<script type=\"application\/ld+json\" class=\"yoast-schema-graph\">{\"@context\":\"https:\/\/schema.org\",\"@graph\":[{\"@type\":\"WebPage\",\"@id\":\"https:\/\/agh.sk\/de\/o-nas\/\",\"url\":\"https:\/\/agh.sk\/de\/o-nas\/\",\"name\":\"N\u00e1\u0161 pr\u00edbeh - Juraj \u00c1gh - \u00c1GH STOL\u00c1RSTVO\",\"isPartOf\":{\"@id\":\"https:\/\/agh.sk\/#website\"},\"datePublished\":\"2016-10-17T13:57:28+00:00\",\"dateModified\":\"2018-05-02T13:20:15+00:00\",\"breadcrumb\":{\"@id\":\"https:\/\/agh.sk\/de\/o-nas\/#breadcrumb\"},\"inLanguage\":\"de\",\"potentialAction\":[{\"@type\":\"ReadAction\",\"target\":[\"https:\/\/agh.sk\/de\/o-nas\/\"]}]},{\"@type\":\"BreadcrumbList\",\"@id\":\"https:\/\/agh.sk\/de\/o-nas\/#breadcrumb\",\"itemListElement\":[{\"@type\":\"ListItem\",\"position\":1,\"name\":\"Domov\",\"item\":\"https:\/\/agh.sk\/de\/domov\/\"},{\"@type\":\"ListItem\",\"position\":2,\"name\":\"\u00dcber uns\"}]},{\"@type\":\"WebSite\",\"@id\":\"https:\/\/agh.sk\/#website\",\"url\":\"https:\/\/agh.sk\/\",\"name\":\"Juraj \u00c1gh - \u00c1GH STOL\u00c1RSTVO\",\"description\":\"Okn\u00e1 a dvere\",\"potentialAction\":[{\"@type\":\"SearchAction\",\"target\":{\"@type\":\"EntryPoint\",\"urlTemplate\":\"https:\/\/agh.sk\/?s={search_term_string}\"},\"query-input\":\"required name=search_term_string\"}],\"inLanguage\":\"de\"}]}<\/script>\n<!-- \/ Yoast SEO plugin. -->","yoast_head_json":{"title":"N\u00e1\u0161 pr\u00edbeh - Juraj \u00c1gh - \u00c1GH STOL\u00c1RSTVO","robots":{"index":"index","follow":"follow","max-snippet":"max-snippet:-1","max-image-preview":"max-image-preview:large","max-video-preview":"max-video-preview:-1"},"canonical":"https:\/\/agh.sk\/de\/o-nas\/","og_locale":"de_DE","og_type":"article","og_title":"N\u00e1\u0161 pr\u00edbeh - Juraj \u00c1gh - \u00c1GH STOL\u00c1RSTVO","og_description":"[vc_row css=&#8220;.vc_custom_1477393879238{margin-top: 8.1rem !important;margin-bottom: 7.25rem !important;}&#8220;][vc_column width=&#8220;1\/6&#8243;][\/vc_column][vc_column width=&#8220;2\/3&#8243;][vc_column_text css=&#8220;.vc_custom_1525267165943{margin-top: -1.7rem !important;margin-bottom: 3.1rem !important;}&#8220;] Es hat alles mit einer Holzwerkstatt begonnen, die sich allm\u00e4hlich zu einer Werkstatt f\u00fcr kleinere Tischlerprodukte entwickelt hat. Die Kunden haben sich jedoch immer \u00f6fter mit Auftr\u00e4gen zum Holzfensterbau und Holzt\u00fcrbau an uns gewendet. Durch zielstrebige Arbeit wurden wir bald bekannt und im Jahr 1992 haben wir&hellip;","og_url":"https:\/\/agh.sk\/de\/o-nas\/","og_site_name":"Juraj \u00c1gh - \u00c1GH STOL\u00c1RSTVO","article_publisher":"https:\/\/www.facebook.com\/GH-okn-a-dvere-sro-745662738825627\/","article_modified_time":"2018-05-02T13:20:15+00:00","twitter_card":"summary_large_image","twitter_misc":{"Gesch\u00e4tzte Lesezeit":"2\u00a0Minuten"},"schema":{"@context":"https:\/\/schema.org","@graph":[{"@type":"WebPage","@id":"https:\/\/agh.sk\/de\/o-nas\/","url":"https:\/\/agh.sk\/de\/o-nas\/","name":"N\u00e1\u0161 pr\u00edbeh - Juraj \u00c1gh - \u00c1GH STOL\u00c1RSTVO","isPartOf":{"@id":"https:\/\/agh.sk\/#website"},"datePublished":"2016-10-17T13:57:28+00:00","dateModified":"2018-05-02T13:20:15+00:00","breadcrumb":{"@id":"https:\/\/agh.sk\/de\/o-nas\/#breadcrumb"},"inLanguage":"de","potentialAction":[{"@type":"ReadAction","target":["https:\/\/agh.sk\/de\/o-nas\/"]}]},{"@type":"BreadcrumbList","@id":"https:\/\/agh.sk\/de\/o-nas\/#breadcrumb","itemListElement":[{"@type":"ListItem","position":1,"name":"Domov","item":"https:\/\/agh.sk\/de\/domov\/"},{"@type":"ListItem","position":2,"name":"\u00dcber uns"}]},{"@type":"WebSite","@id":"https:\/\/agh.sk\/#website","url":"https:\/\/agh.sk\/","name":"Juraj \u00c1gh - \u00c1GH STOL\u00c1RSTVO","description":"Okn\u00e1 a dvere","potentialAction":[{"@type":"SearchAction","target":{"@type":"EntryPoint","urlTemplate":"https:\/\/agh.sk\/?s={search_term_string}"},"query-input":"required name=search_term_string"}],"inLanguage":"de"}]}},"_links":{"self":[{"href":"https:\/\/agh.sk\/de\/wp-json\/wp\/v2\/pages\/3989"}],"collection":[{"href":"https:\/\/agh.sk\/de\/wp-json\/wp\/v2\/pages"}],"about":[{"href":"https:\/\/agh.sk\/de\/wp-json\/wp\/v2\/types\/page"}],"author":[{"embeddable":true,"href":"https:\/\/agh.sk\/de\/wp-json\/wp\/v2\/users\/1"}],"replies":[{"embeddable":true,"href":"https:\/\/agh.sk\/de\/wp-json\/wp\/v2\/comments?post=3989"}],"version-history":[{"count":1,"href":"https:\/\/agh.sk\/de\/wp-json\/wp\/v2\/pages\/3989\/revisions"}],"predecessor-version":[{"id":3991,"href":"https:\/\/agh.sk\/de\/wp-json\/wp\/v2\/pages\/3989\/revisions\/3991"}],"wp:attachment":[{"href":"https:\/\/agh.sk\/de\/wp-json\/wp\/v2\/media?parent=3989"}],"curies":[{"name":"wp","href":"https:\/\/api.w.org\/{rel}","templated":true}]}}