{"id":3969,"date":"2017-10-06T09:58:12","date_gmt":"2017-10-06T07:58:12","guid":{"rendered":"https:\/\/agh.sk\/customization2\/"},"modified":"2018-05-21T14:27:59","modified_gmt":"2018-05-21T12:27:59","slug":"customization2","status":"publish","type":"page","link":"https:\/\/agh.sk\/de\/okna-na-mieru","title":{"rendered":"Fenster nach Ma\u00df"},"content":{"rendered":"<p>[vc_row][vc_column]<div  id=\"sc_promo_1199947097\" \n\tclass=\"sc_promo sc_promo_default sc_promo_size_large sc_promo_no_paddings sc_promo_no_image\"><div class=\"sc_promo_text\" style=\"width: 100%;\">\n\t\t\t<div class=\"sc_promo_text_inner\" style=\"\"><h2 class=\"sc_item_title sc_promo_title sc_align_center sc_item_title_style_default\">Traditionelles Holzfensterbau nach Ma\u00df<\/h2><h6 class=\"sc_item_subtitle sc_promo_subtitle sc_align_center sc_item_title_style_default\">Holzfenster f\u00fcr das ganze Leben<\/h6><div class=\"sc_item_descr sc_promo_descr sc_align_center\">Holzfenster nach Ma\u00df verleihen dem Zuhause Gem\u00fctlichkeit und W\u00e4rme. Das Holz ist ein zeitloses und sehr gut formierbares Naturmaterial. Beim Bau origineller Holzfenster benutzen wir die erstklassige computergesteuerte CNC-Technologie, die eine pr\u00e4zise Verarbeitung und eine detaillierte Form- und Konstruktionsgenauigkeit gew\u00e4hrleistet. Zu einem hochwertigen Holzfenster geh\u00f6rt auch eine professionelle Montage, mittels deren wir die 100%-ige Funktionst\u00fcchtigkeit, Sicherheit und maximale D\u00e4mmung des Fensters gew\u00e4hrleisten k\u00f6nnen. Bei unserer Fertigung benutzen wir nur erstklassige Ausgangsmaterialien von erprobten und autorisierten Lieferanten.<\/div><div class=\"sc_promo_content sc_item_content\">[vc_column_text]<\/p>\n<p style=\"text-align: center;\"><em>Verleihen Sie sich an die langj\u00e4hrigen Erfahrungen, die von Generation zu Generation der Tischler \u00fcbertragen werden\u2026<\/em><\/p>\n<p>[\/vc_column_text][vc_empty_space alter_height=&#8220;small&#8220; hide_on_mobile=&#8220;&#8220;]<\/div><\/div>\n\t\t<\/div><!-- \/.sc_promo_text --><\/div><!-- \/.sc_promo -->[vc_empty_space hide_on_mobile=&#8220;&#8220;][\/vc_column][\/vc_row][vc_row el_class=&#8220;test&#8220;][vc_column width=&#8220;1\/4&#8243; css=&#8220;.vc_custom_1510756990531{padding-right: 0px !important;padding-left: 0px !important;background-color: #f7f7f7 !important;}&#8220; el_class=&#8220;columnborder&#8220;]<div id=\"sc_title_1837913404\"\n\t\tclass=\"scheme_default sc_title sc_title_default title  vc_custom_1525332405409\"><h2 class=\"sc_item_title sc_title_title sc_align_default sc_item_title_style_default\">Holzfenster<\/h2><\/div><!-- \/.sc_title -->[vc_single_image image=&#8220;2623&#8243; img_size=&#8220;&#8220; alignment=&#8220;center&#8220; el_class=&#8220;foto&#8220;][vc_empty_space height=&#8220;16px&#8220; hide_on_mobile=&#8220;&#8220;][vc_column_text css=&#8220;.vc_custom_1525332422809{padding-top: 10px !important;padding-right: 10px !important;padding-bottom: 10px !important;padding-left: 10px !important;}&#8220;]Holz ist ein der formierbarsten Naturmaterialien, das nicht nur sehr gut isoliert und zudem angenehm f\u00fcr das Auge ist, sondern l\u00e4sst sich auch angenehm anfassen. Wir bauen hochwertige Holzfenster nach Ma\u00df, die sich in ihrer pr\u00e4zisen handwerklichen Verarbeitung deutlich abheben.[\/vc_column_text][vc_empty_space height=&#8220;16px&#8220; hide_on_mobile=&#8220;&#8220;]<div class=\"sc_item_button sc_button_wrap sc_align_center\"><a href=\"https:\/\/agh.sk\/de\/drevene-okna\"\n\t id=\"sc_button_998076470\" \n\tclass=\"sc_button sc_button_default sc_button_size_large sc_button_icon_left\"\n\t\t><span class=\"sc_button_text sc_align_center\"><span class=\"sc_button_title\">ANZEIGEN<\/span><\/span><!-- \/.sc_button_text --><\/a><!-- \/.sc_button --><\/div><!-- \/.sc_item_button -->[vc_empty_space height=&#8220;16px&#8220; hide_on_mobile=&#8220;&#8220;][\/vc_column][vc_column width=&#8220;1\/4&#8243; css=&#8220;.vc_custom_1507550957712{padding-right: 0px !important;padding-left: 0px !important;background-color: #f7f7f7 !important;}&#8220; el_class=&#8220;columnborder&#8220;]<div id=\"sc_title_116495754\"\n\t\tclass=\"scheme_default sc_title sc_title_default title  vc_custom_1525332439209\"><h2 class=\"sc_item_title sc_title_title sc_align_default sc_item_title_style_default\">Holz-Aluminium-Fenster<\/h2><\/div><!-- \/.sc_title -->[vc_single_image image=&#8220;2625&#8243; img_size=&#8220;&#8220; alignment=&#8220;center&#8220; el_class=&#8220;foto&#8220;][vc_empty_space height=&#8220;16px&#8220; hide_on_mobile=&#8220;&#8220;][vc_column_text css=&#8220;.vc_custom_1525332459777{padding-top: 10px !important;padding-right: 10px !important;padding-bottom: 10px !important;padding-left: 10px !important;}&#8220;]Die perfekte Kombination von robustem Holzrahmen und dauerhafter Aluminium-H\u00fclle bildet Fenster zusammen, die wetterbest\u00e4ndig sowie gegen mechanische Besch\u00e4digung resistent sind. [\/vc_column_text][vc_empty_space height=&#8220;16px&#8220; hide_on_mobile=&#8220;&#8220;]<div class=\"sc_item_button sc_button_wrap sc_align_center\"><a href=\"https:\/\/agh.sk\/de\/drevohlinikove-okna\"\n\t id=\"sc_button_494452646\" \n\tclass=\"sc_button sc_button_default sc_button_size_large sc_button_icon_left\"\n\t\t><span class=\"sc_button_text sc_align_center\"><span class=\"sc_button_title\">ANZEIGEN<\/span><\/span><!-- \/.sc_button_text --><\/a><!-- \/.sc_button --><\/div><!-- \/.sc_item_button -->[vc_empty_space height=&#8220;16px&#8220; hide_on_mobile=&#8220;&#8220;][\/vc_column][vc_column width=&#8220;1\/4&#8243; css=&#8220;.vc_custom_1507550965138{padding-right: 0px !important;padding-left: 0px !important;background-color: #f7f7f7 !important;}&#8220; el_class=&#8220;columnborder&#8220;]<div id=\"sc_title_1095343880\"\n\t\tclass=\"scheme_default sc_title sc_title_default title  vc_custom_1525332474905\"><h2 class=\"sc_item_title sc_title_title sc_align_default sc_item_title_style_default\">Franz\u00f6sische Fenster<\/h2><\/div><!-- \/.sc_title -->[vc_single_image image=&#8220;2667&#8243; img_size=&#8220;&#8220; alignment=&#8220;center&#8220; el_class=&#8220;foto&#8220;][vc_empty_space height=&#8220;16px&#8220; hide_on_mobile=&#8220;&#8220;][vc_column_text css=&#8220;.vc_custom_1525332500202{padding-top: 10px !important;padding-right: 10px !important;padding-bottom: 10px !important;padding-left: 10px !important;}&#8220;]Gro\u00dffl\u00e4chige franz\u00f6sische Fenster aus Holz, die sich durch eine unwiderstehliche Eleganz kennzeichnen und in jeden Raum viel Tageslicht durchlassen. Franz\u00f6sische Fenster bieten einen unverwechselbaren Ausblick und versch\u00f6nern jedes Interieur.[\/vc_column_text][vc_empty_space height=&#8220;16px&#8220; hide_on_mobile=&#8220;&#8220;]<div class=\"sc_item_button sc_button_wrap sc_align_center\"><a href=\"https:\/\/agh.sk\/de\/francuzske-okna\"\n\t id=\"sc_button_1937053049\" \n\tclass=\"sc_button sc_button_default sc_button_size_large sc_button_icon_left\"\n\t\t><span class=\"sc_button_text sc_align_center\"><span class=\"sc_button_title\">ANZEIGEN<\/span><\/span><!-- \/.sc_button_text --><\/a><!-- \/.sc_button --><\/div><!-- \/.sc_item_button -->[vc_empty_space height=&#8220;16px&#8220; hide_on_mobile=&#8220;&#8220;][\/vc_column][vc_column width=&#8220;1\/4&#8243; css=&#8220;.vc_custom_1507550988575{padding-right: 0px !important;padding-left: 0px !important;background-color: #f7f7f7 !important;}&#8220; el_class=&#8220;columnborder&#8220;]<div id=\"sc_title_1174003124\"\n\t\tclass=\"scheme_default sc_title sc_title_default title  vc_custom_1525332513465\"><h2 class=\"sc_item_title sc_title_title sc_align_default sc_item_title_style_default\">Eurofenster aus Holz<\/h2><\/div><!-- \/.sc_title -->[vc_single_image image=&#8220;2672&#8243; img_size=&#8220;&#8220; alignment=&#8220;center&#8220; el_class=&#8220;foto&#8220;][vc_empty_space height=&#8220;16px&#8220; hide_on_mobile=&#8220;&#8220;][vc_column_text css=&#8220;.vc_custom_1525332532961{padding-top: 10px !important;padding-right: 10px !important;padding-bottom: 10px !important;padding-left: 10px !important;}&#8220;]Universelle Fenster mit durchdachtem Konstruktionssystem aus lamellierten Holzprofilen \u2013 Eurokanteln, die sich ihre Formstabilit\u00e4t beibehalten. Eurofenster erfordern keine Wartung an und garantieren eine langj\u00e4hrige problemlose Funktionst\u00fcchtigkeit.[\/vc_column_text][vc_empty_space height=&#8220;16px&#8220; hide_on_mobile=&#8220;&#8220;]<div class=\"sc_item_button sc_button_wrap sc_align_center\"><a href=\"https:\/\/agh.sk\/de\/drevene-eurookna\"\n\t id=\"sc_button_292938642\" \n\tclass=\"sc_button sc_button_default sc_button_size_large sc_button_icon_left\"\n\t\t><span class=\"sc_button_text sc_align_center\"><span class=\"sc_button_title\">ANZEIGEN<\/span><\/span><!-- \/.sc_button_text --><\/a><!-- \/.sc_button --><\/div><!-- \/.sc_item_button -->[vc_empty_space height=&#8220;16px&#8220; hide_on_mobile=&#8220;&#8220;][\/vc_column][\/vc_row]<\/p>\n","protected":false},"excerpt":{"rendered":"<p>[vc_row][vc_column][vc_empty_space hide_on_mobile=&#8220;&#8220;][\/vc_column][\/vc_row][vc_row el_class=&#8220;test&#8220;][vc_column width=&#8220;1\/4&#8243; css=&#8220;.vc_custom_1510756990531{padding-right: 0px !important;padding-left: 0px !important;background-color: #f7f7f7 !important;}&#8220; el_class=&#8220;columnborder&#8220;][vc_single_image image=&#8220;2623&#8243; img_size=&#8220;&#8220; alignment=&#8220;center&#8220; el_class=&#8220;foto&#8220;][vc_empty_space height=&#8220;16px&#8220; hide_on_mobile=&#8220;&#8220;][vc_column_text css=&#8220;.vc_custom_1525332422809{padding-top: 10px !important;padding-right: 10px !important;padding-bottom: 10px !important;padding-left: 10px !important;}&#8220;]Holz ist ein der formierbarsten Naturmaterialien, das nicht nur sehr gut isoliert und zudem angenehm f\u00fcr das Auge ist, sondern l\u00e4sst sich auch angenehm anfassen. Wir bauen hochwertige Holzfenster nach Ma\u00df, die sich in&hellip;<\/p>\n","protected":false},"author":1,"featured_media":0,"parent":0,"menu_order":0,"comment_status":"closed","ping_status":"closed","template":"","meta":{"_exactmetrics_skip_tracking":false,"_exactmetrics_sitenote_active":false,"_exactmetrics_sitenote_note":"","_exactmetrics_sitenote_category":0,"ngg_post_thumbnail":0},"yoast_head":"<!-- This site is optimized with the Yoast SEO plugin v19.5.1 - https:\/\/yoast.com\/wordpress\/plugins\/seo\/ -->\n<title>Okn\u00e1 na mieru - \u00c1GH STOL\u00c1RSTVO<\/title>\n<meta name=\"robots\" content=\"index, follow, max-snippet:-1, max-image-preview:large, max-video-preview:-1\" \/>\n<link rel=\"canonical\" href=\"https:\/\/agh.sk\/de\/okna-na-mieru\/\" \/>\n<meta property=\"og:locale\" content=\"de_DE\" \/>\n<meta property=\"og:type\" content=\"article\" \/>\n<meta property=\"og:title\" content=\"Okn\u00e1 na mieru - \u00c1GH STOL\u00c1RSTVO\" \/>\n<meta property=\"og:description\" content=\"[vc_row][vc_column][vc_empty_space hide_on_mobile=&#8220;&#8220;][\/vc_column][\/vc_row][vc_row el_class=&#8220;test&#8220;][vc_column width=&#8220;1\/4&#8243; css=&#8220;.vc_custom_1510756990531{padding-right: 0px !important;padding-left: 0px !important;background-color: #f7f7f7 !important;}&#8220; el_class=&#8220;columnborder&#8220;][vc_single_image image=&#8220;2623&#8243; img_size=&#8220;&#8220; alignment=&#8220;center&#8220; el_class=&#8220;foto&#8220;][vc_empty_space height=&#8220;16px&#8220; hide_on_mobile=&#8220;&#8220;][vc_column_text css=&#8220;.vc_custom_1525332422809{padding-top: 10px !important;padding-right: 10px !important;padding-bottom: 10px !important;padding-left: 10px !important;}&#8220;]Holz ist ein der formierbarsten Naturmaterialien, das nicht nur sehr gut isoliert und zudem angenehm f\u00fcr das Auge ist, sondern l\u00e4sst sich auch angenehm anfassen. Wir bauen hochwertige Holzfenster nach Ma\u00df, die sich in&hellip;\" \/>\n<meta property=\"og:url\" content=\"https:\/\/agh.sk\/de\/okna-na-mieru\/\" \/>\n<meta property=\"og:site_name\" content=\"Juraj \u00c1gh - \u00c1GH STOL\u00c1RSTVO\" \/>\n<meta property=\"article:publisher\" content=\"https:\/\/www.facebook.com\/GH-okn-a-dvere-sro-745662738825627\/\" \/>\n<meta property=\"article:modified_time\" content=\"2018-05-21T12:27:59+00:00\" \/>\n<meta name=\"twitter:card\" content=\"summary_large_image\" \/>\n<meta name=\"twitter:label1\" content=\"Gesch\u00e4tzte Lesezeit\" \/>\n\t<meta name=\"twitter:data1\" content=\"4\u00a0Minuten\" \/>\n<script type=\"application\/ld+json\" class=\"yoast-schema-graph\">{\"@context\":\"https:\/\/schema.org\",\"@graph\":[{\"@type\":\"WebPage\",\"@id\":\"https:\/\/agh.sk\/de\/okna-na-mieru\/\",\"url\":\"https:\/\/agh.sk\/de\/okna-na-mieru\/\",\"name\":\"Okn\u00e1 na mieru - \u00c1GH STOL\u00c1RSTVO\",\"isPartOf\":{\"@id\":\"https:\/\/agh.sk\/#website\"},\"datePublished\":\"2017-10-06T07:58:12+00:00\",\"dateModified\":\"2018-05-21T12:27:59+00:00\",\"breadcrumb\":{\"@id\":\"https:\/\/agh.sk\/de\/okna-na-mieru\/#breadcrumb\"},\"inLanguage\":\"de\",\"potentialAction\":[{\"@type\":\"ReadAction\",\"target\":[\"https:\/\/agh.sk\/de\/okna-na-mieru\/\"]}]},{\"@type\":\"BreadcrumbList\",\"@id\":\"https:\/\/agh.sk\/de\/okna-na-mieru\/#breadcrumb\",\"itemListElement\":[{\"@type\":\"ListItem\",\"position\":1,\"name\":\"Domov\",\"item\":\"https:\/\/agh.sk\/de\/domov\/\"},{\"@type\":\"ListItem\",\"position\":2,\"name\":\"Fenster nach Ma\u00df\"}]},{\"@type\":\"WebSite\",\"@id\":\"https:\/\/agh.sk\/#website\",\"url\":\"https:\/\/agh.sk\/\",\"name\":\"Juraj \u00c1gh - \u00c1GH STOL\u00c1RSTVO\",\"description\":\"Okn\u00e1 a dvere\",\"potentialAction\":[{\"@type\":\"SearchAction\",\"target\":{\"@type\":\"EntryPoint\",\"urlTemplate\":\"https:\/\/agh.sk\/?s={search_term_string}\"},\"query-input\":\"required name=search_term_string\"}],\"inLanguage\":\"de\"}]}<\/script>\n<!-- \/ Yoast SEO plugin. -->","yoast_head_json":{"title":"Okn\u00e1 na mieru - \u00c1GH STOL\u00c1RSTVO","robots":{"index":"index","follow":"follow","max-snippet":"max-snippet:-1","max-image-preview":"max-image-preview:large","max-video-preview":"max-video-preview:-1"},"canonical":"https:\/\/agh.sk\/de\/okna-na-mieru\/","og_locale":"de_DE","og_type":"article","og_title":"Okn\u00e1 na mieru - \u00c1GH STOL\u00c1RSTVO","og_description":"[vc_row][vc_column][vc_empty_space hide_on_mobile=&#8220;&#8220;][\/vc_column][\/vc_row][vc_row el_class=&#8220;test&#8220;][vc_column width=&#8220;1\/4&#8243; css=&#8220;.vc_custom_1510756990531{padding-right: 0px !important;padding-left: 0px !important;background-color: #f7f7f7 !important;}&#8220; el_class=&#8220;columnborder&#8220;][vc_single_image image=&#8220;2623&#8243; img_size=&#8220;&#8220; alignment=&#8220;center&#8220; el_class=&#8220;foto&#8220;][vc_empty_space height=&#8220;16px&#8220; hide_on_mobile=&#8220;&#8220;][vc_column_text css=&#8220;.vc_custom_1525332422809{padding-top: 10px !important;padding-right: 10px !important;padding-bottom: 10px !important;padding-left: 10px !important;}&#8220;]Holz ist ein der formierbarsten Naturmaterialien, das nicht nur sehr gut isoliert und zudem angenehm f\u00fcr das Auge ist, sondern l\u00e4sst sich auch angenehm anfassen. Wir bauen hochwertige Holzfenster nach Ma\u00df, die sich in&hellip;","og_url":"https:\/\/agh.sk\/de\/okna-na-mieru\/","og_site_name":"Juraj \u00c1gh - \u00c1GH STOL\u00c1RSTVO","article_publisher":"https:\/\/www.facebook.com\/GH-okn-a-dvere-sro-745662738825627\/","article_modified_time":"2018-05-21T12:27:59+00:00","twitter_card":"summary_large_image","twitter_misc":{"Gesch\u00e4tzte Lesezeit":"4\u00a0Minuten"},"schema":{"@context":"https:\/\/schema.org","@graph":[{"@type":"WebPage","@id":"https:\/\/agh.sk\/de\/okna-na-mieru\/","url":"https:\/\/agh.sk\/de\/okna-na-mieru\/","name":"Okn\u00e1 na mieru - \u00c1GH STOL\u00c1RSTVO","isPartOf":{"@id":"https:\/\/agh.sk\/#website"},"datePublished":"2017-10-06T07:58:12+00:00","dateModified":"2018-05-21T12:27:59+00:00","breadcrumb":{"@id":"https:\/\/agh.sk\/de\/okna-na-mieru\/#breadcrumb"},"inLanguage":"de","potentialAction":[{"@type":"ReadAction","target":["https:\/\/agh.sk\/de\/okna-na-mieru\/"]}]},{"@type":"BreadcrumbList","@id":"https:\/\/agh.sk\/de\/okna-na-mieru\/#breadcrumb","itemListElement":[{"@type":"ListItem","position":1,"name":"Domov","item":"https:\/\/agh.sk\/de\/domov\/"},{"@type":"ListItem","position":2,"name":"Fenster nach Ma\u00df"}]},{"@type":"WebSite","@id":"https:\/\/agh.sk\/#website","url":"https:\/\/agh.sk\/","name":"Juraj \u00c1gh - \u00c1GH STOL\u00c1RSTVO","description":"Okn\u00e1 a dvere","potentialAction":[{"@type":"SearchAction","target":{"@type":"EntryPoint","urlTemplate":"https:\/\/agh.sk\/?s={search_term_string}"},"query-input":"required name=search_term_string"}],"inLanguage":"de"}]}},"_links":{"self":[{"href":"https:\/\/agh.sk\/de\/wp-json\/wp\/v2\/pages\/3969"}],"collection":[{"href":"https:\/\/agh.sk\/de\/wp-json\/wp\/v2\/pages"}],"about":[{"href":"https:\/\/agh.sk\/de\/wp-json\/wp\/v2\/types\/page"}],"author":[{"embeddable":true,"href":"https:\/\/agh.sk\/de\/wp-json\/wp\/v2\/users\/1"}],"replies":[{"embeddable":true,"href":"https:\/\/agh.sk\/de\/wp-json\/wp\/v2\/comments?post=3969"}],"version-history":[{"count":3,"href":"https:\/\/agh.sk\/de\/wp-json\/wp\/v2\/pages\/3969\/revisions"}],"predecessor-version":[{"id":4262,"href":"https:\/\/agh.sk\/de\/wp-json\/wp\/v2\/pages\/3969\/revisions\/4262"}],"wp:attachment":[{"href":"https:\/\/agh.sk\/de\/wp-json\/wp\/v2\/media?parent=3969"}],"curies":[{"name":"wp","href":"https:\/\/api.w.org\/{rel}","templated":true}]}}