{"id":3965,"date":"2017-10-06T17:31:23","date_gmt":"2017-10-06T15:31:23","guid":{"rendered":"https:\/\/agh.sk\/dvere\/terasove-dvere\/"},"modified":"2018-05-03T13:01:43","modified_gmt":"2018-05-03T11:01:43","slug":"terasove-dvere","status":"publish","type":"page","link":"https:\/\/agh.sk\/de\/terasove-dvere","title":{"rendered":"Terrassent\u00fcren"},"content":{"rendered":"<p>[vc_row][vc_column]<div  id=\"sc_promo_1933372477\" \n\tclass=\"sc_promo sc_promo_default sc_promo_size_large sc_promo_no_paddings sc_promo_no_image\"><div class=\"sc_promo_text\" style=\"width: 100%;\">\n\t\t\t<div class=\"sc_promo_text_inner\" style=\"\"><h2 class=\"sc_item_title sc_promo_title sc_align_center sc_item_title_style_default\">Terrassent\u00fcren<\/h2><h6 class=\"sc_item_subtitle sc_promo_subtitle sc_align_center sc_item_title_style_default\">Gro\u00dfformatige T\u00fcren, die Ihr Zuhause mit dem Exterieur harmonisch verbinden<\/h6><div class=\"sc_item_descr sc_promo_descr sc_align_center\">Die Vorstellung vom Morgenkaffee, den man auf eigener Terrasse oder Balkon genie\u00dfen kann, ist wahrscheinlich jedermanns Traum\u2026 Die Glasschiebet\u00fcren stellen eine praktische L\u00f6sung auch f\u00fcr Familienh\u00e4user dar, wo Sie einen guten Ausblick auf den Garten und Ihre Kinder haben. Die Terrassent\u00fcren aus Holz kann man ebenfalls bei Notwendigkeit eines barrierefreien Wohnens nutzen. Schiebeterrassent\u00fcren k\u00f6nnen wir so bauen, dass ein reibungsloser \u00dcbergang zwischen dem Innenraum und der Terrasse sichergestelltt wird. Designbalkont\u00fcren fertigen wir mit geschicktem L\u00fcftungssystem. Zwei- bis Dreifachverglasung garantiert hohe Benutzerfreundlichkeit und ein angenehmes Klima im Haus. Wir bauen ein- und zweifl\u00fcgelige Terrassent\u00fcren, aber gerne fertigen wir auch mehrfach gegliederte oder atypische T\u00fcren f\u00fcr Sie.<\/div><div class=\"sc_promo_content sc_item_content\">[vc_column_text]<\/p>\n<p style=\"text-align: center;\"><em>Originelle Terrassent\u00fcren aus Holz stellen eine gro\u00dfz\u00fcgige architektonische L\u00f6sung dar, die die visuelle Seite Ihres Hauses sch\u00f6n abrundet.<\/em><\/p>\n<p>[\/vc_column_text][vc_empty_space height=&#8220;&#8220; alter_height=&#8220;small&#8220; hide_on_mobile=&#8220;&#8220;][vc_row_inner][vc_column_inner width=&#8220;1\/2&#8243;][vc_column_text]<\/p>\n<ul class=\"trx_addons_list trx_addons_list_dot\">\n<li>Beim Bau der Terrassent\u00fcren aus Holz achten wir auf die Verarbeitung vom Profil mit ausgezeichneten w\u00e4rmed\u00e4mmenden Eigenschaften. Die Holzf\u00fcllung im unteren Teil des Rahmens festigt die T\u00fcrfl\u00fcgeldichtung und zugleich sch\u00fctzt sie diese vor mechanischen Besch\u00e4digung.<\/li>\n<li>Der Vollholzrahmen f\u00fcr Terrassen- und Balkont\u00fcren hat ein exklusives Design und eine intuitive Eihandbedienung mit nur einem T\u00fcrgriff. Wir bieten ein breites Sortiment an Holzarten und Farbgestaltungen an, die mit Ihrer Fassade und Ihrem Interieur harmonisieren werden.<\/li>\n<\/ul>\n<p>[\/vc_column_text][\/vc_column_inner][vc_column_inner width=&#8220;1\/2&#8243;][vc_column_text]<\/p>\n<ul class=\"trx_addons_list trx_addons_list_dot\">\n<li>In unserem Portfolio finden Sie HS, FS und PSK PORTALE. HS PORTALE sind Hebe-Schiebet\u00fcren, die ein Glasfl\u00fcgel mit dem Gewicht bis zu 400 kg tragen k\u00f6nnen. Beim FS PORTAL falten sich die Fl\u00fcgel der Falt-Schiebet\u00fcren nach Prinzip der Ziehharmonika. PSK PORTALE sind klassische Parallel-Schiebe-Kippt\u00fcren.<\/li>\n<li>Terrassent\u00fcren aus Holz \u00f6ffnen Ihr Zuhause oder Gesch\u00e4ftsr\u00e4umlichkeiten optisch und sie bringen mehr Licht in den Raum. Auf eine \u00e4sthetische Weise verbinden sie die Innenr\u00e4ume mit dem umliegenden Exterieur und dank einer Reihe von Sicherheitselementen agieren sie auch als verl\u00e4sslicher Schutz Ihres Heims.<\/li>\n<\/ul>\n<p>[\/vc_column_text][\/vc_column_inner][\/vc_row_inner]<\/div><\/div>\n\t\t<\/div><!-- \/.sc_promo_text --><\/div><!-- \/.sc_promo -->[\/vc_column][\/vc_row]<\/p>\n","protected":false},"excerpt":{"rendered":"<p>[vc_row][vc_column][\/vc_column][\/vc_row]<\/p>\n","protected":false},"author":1,"featured_media":0,"parent":3961,"menu_order":0,"comment_status":"closed","ping_status":"closed","template":"","meta":{"_exactmetrics_skip_tracking":false,"_exactmetrics_sitenote_active":false,"_exactmetrics_sitenote_note":"","_exactmetrics_sitenote_category":0,"ngg_post_thumbnail":0},"yoast_head":"<!-- This site is optimized with the Yoast SEO plugin v19.5.1 - https:\/\/yoast.com\/wordpress\/plugins\/seo\/ -->\n<title>Terrassent\u00fcren - Juraj \u00c1gh - \u00c1GH STOL\u00c1RSTVO<\/title>\n<meta name=\"robots\" content=\"index, follow, max-snippet:-1, max-image-preview:large, max-video-preview:-1\" \/>\n<link rel=\"canonical\" href=\"https:\/\/agh.sk\/de\/terasove-dvere\/\" \/>\n<meta property=\"og:locale\" content=\"de_DE\" \/>\n<meta property=\"og:type\" content=\"article\" \/>\n<meta property=\"og:title\" content=\"Terrassent\u00fcren - Juraj \u00c1gh - \u00c1GH STOL\u00c1RSTVO\" \/>\n<meta property=\"og:description\" content=\"[vc_row][vc_column][\/vc_column][\/vc_row]\" \/>\n<meta property=\"og:url\" content=\"https:\/\/agh.sk\/de\/terasove-dvere\/\" \/>\n<meta property=\"og:site_name\" content=\"Juraj \u00c1gh - \u00c1GH STOL\u00c1RSTVO\" \/>\n<meta property=\"article:publisher\" content=\"https:\/\/www.facebook.com\/GH-okn-a-dvere-sro-745662738825627\/\" \/>\n<meta property=\"article:modified_time\" content=\"2018-05-03T11:01:43+00:00\" \/>\n<meta name=\"twitter:card\" content=\"summary_large_image\" \/>\n<meta name=\"twitter:label1\" content=\"Gesch\u00e4tzte Lesezeit\" \/>\n\t<meta name=\"twitter:data1\" content=\"2\u00a0Minuten\" \/>\n<script type=\"application\/ld+json\" class=\"yoast-schema-graph\">{\"@context\":\"https:\/\/schema.org\",\"@graph\":[{\"@type\":\"WebPage\",\"@id\":\"https:\/\/agh.sk\/de\/terasove-dvere\/\",\"url\":\"https:\/\/agh.sk\/de\/terasove-dvere\/\",\"name\":\"Terrassent\u00fcren - Juraj \u00c1gh - \u00c1GH STOL\u00c1RSTVO\",\"isPartOf\":{\"@id\":\"https:\/\/agh.sk\/#website\"},\"datePublished\":\"2017-10-06T15:31:23+00:00\",\"dateModified\":\"2018-05-03T11:01:43+00:00\",\"breadcrumb\":{\"@id\":\"https:\/\/agh.sk\/de\/terasove-dvere\/#breadcrumb\"},\"inLanguage\":\"de\",\"potentialAction\":[{\"@type\":\"ReadAction\",\"target\":[\"https:\/\/agh.sk\/de\/terasove-dvere\/\"]}]},{\"@type\":\"BreadcrumbList\",\"@id\":\"https:\/\/agh.sk\/de\/terasove-dvere\/#breadcrumb\",\"itemListElement\":[{\"@type\":\"ListItem\",\"position\":1,\"name\":\"Domov\",\"item\":\"https:\/\/agh.sk\/de\/domov\/\"},{\"@type\":\"ListItem\",\"position\":2,\"name\":\"Produkte\",\"item\":\"https:\/\/agh.sk\/de\/produkty\/\"},{\"@type\":\"ListItem\",\"position\":3,\"name\":\"T\u00fcren nach Ma\u00df\",\"item\":\"https:\/\/agh.sk\/de\/dvere-na-mieru\/\"},{\"@type\":\"ListItem\",\"position\":4,\"name\":\"Terrassent\u00fcren\"}]},{\"@type\":\"WebSite\",\"@id\":\"https:\/\/agh.sk\/#website\",\"url\":\"https:\/\/agh.sk\/\",\"name\":\"Juraj \u00c1gh - \u00c1GH STOL\u00c1RSTVO\",\"description\":\"Okn\u00e1 a dvere\",\"potentialAction\":[{\"@type\":\"SearchAction\",\"target\":{\"@type\":\"EntryPoint\",\"urlTemplate\":\"https:\/\/agh.sk\/?s={search_term_string}\"},\"query-input\":\"required name=search_term_string\"}],\"inLanguage\":\"de\"}]}<\/script>\n<!-- \/ Yoast SEO plugin. -->","yoast_head_json":{"title":"Terrassent\u00fcren - Juraj \u00c1gh - \u00c1GH STOL\u00c1RSTVO","robots":{"index":"index","follow":"follow","max-snippet":"max-snippet:-1","max-image-preview":"max-image-preview:large","max-video-preview":"max-video-preview:-1"},"canonical":"https:\/\/agh.sk\/de\/terasove-dvere\/","og_locale":"de_DE","og_type":"article","og_title":"Terrassent\u00fcren - Juraj \u00c1gh - \u00c1GH STOL\u00c1RSTVO","og_description":"[vc_row][vc_column][\/vc_column][\/vc_row]","og_url":"https:\/\/agh.sk\/de\/terasove-dvere\/","og_site_name":"Juraj \u00c1gh - \u00c1GH STOL\u00c1RSTVO","article_publisher":"https:\/\/www.facebook.com\/GH-okn-a-dvere-sro-745662738825627\/","article_modified_time":"2018-05-03T11:01:43+00:00","twitter_card":"summary_large_image","twitter_misc":{"Gesch\u00e4tzte Lesezeit":"2\u00a0Minuten"},"schema":{"@context":"https:\/\/schema.org","@graph":[{"@type":"WebPage","@id":"https:\/\/agh.sk\/de\/terasove-dvere\/","url":"https:\/\/agh.sk\/de\/terasove-dvere\/","name":"Terrassent\u00fcren - Juraj \u00c1gh - \u00c1GH STOL\u00c1RSTVO","isPartOf":{"@id":"https:\/\/agh.sk\/#website"},"datePublished":"2017-10-06T15:31:23+00:00","dateModified":"2018-05-03T11:01:43+00:00","breadcrumb":{"@id":"https:\/\/agh.sk\/de\/terasove-dvere\/#breadcrumb"},"inLanguage":"de","potentialAction":[{"@type":"ReadAction","target":["https:\/\/agh.sk\/de\/terasove-dvere\/"]}]},{"@type":"BreadcrumbList","@id":"https:\/\/agh.sk\/de\/terasove-dvere\/#breadcrumb","itemListElement":[{"@type":"ListItem","position":1,"name":"Domov","item":"https:\/\/agh.sk\/de\/domov\/"},{"@type":"ListItem","position":2,"name":"Produkte","item":"https:\/\/agh.sk\/de\/produkty\/"},{"@type":"ListItem","position":3,"name":"T\u00fcren nach Ma\u00df","item":"https:\/\/agh.sk\/de\/dvere-na-mieru\/"},{"@type":"ListItem","position":4,"name":"Terrassent\u00fcren"}]},{"@type":"WebSite","@id":"https:\/\/agh.sk\/#website","url":"https:\/\/agh.sk\/","name":"Juraj \u00c1gh - \u00c1GH STOL\u00c1RSTVO","description":"Okn\u00e1 a dvere","potentialAction":[{"@type":"SearchAction","target":{"@type":"EntryPoint","urlTemplate":"https:\/\/agh.sk\/?s={search_term_string}"},"query-input":"required name=search_term_string"}],"inLanguage":"de"}]}},"_links":{"self":[{"href":"https:\/\/agh.sk\/de\/wp-json\/wp\/v2\/pages\/3965"}],"collection":[{"href":"https:\/\/agh.sk\/de\/wp-json\/wp\/v2\/pages"}],"about":[{"href":"https:\/\/agh.sk\/de\/wp-json\/wp\/v2\/types\/page"}],"author":[{"embeddable":true,"href":"https:\/\/agh.sk\/de\/wp-json\/wp\/v2\/users\/1"}],"replies":[{"embeddable":true,"href":"https:\/\/agh.sk\/de\/wp-json\/wp\/v2\/comments?post=3965"}],"version-history":[{"count":2,"href":"https:\/\/agh.sk\/de\/wp-json\/wp\/v2\/pages\/3965\/revisions"}],"predecessor-version":[{"id":4025,"href":"https:\/\/agh.sk\/de\/wp-json\/wp\/v2\/pages\/3965\/revisions\/4025"}],"up":[{"embeddable":true,"href":"https:\/\/agh.sk\/de\/wp-json\/wp\/v2\/pages\/3961"}],"wp:attachment":[{"href":"https:\/\/agh.sk\/de\/wp-json\/wp\/v2\/media?parent=3965"}],"curies":[{"name":"wp","href":"https:\/\/api.w.org\/{rel}","templated":true}]}}