{"id":3959,"date":"2017-10-10T10:46:00","date_gmt":"2017-10-10T08:46:00","guid":{"rendered":"https:\/\/agh.sk\/posuvne-systemy-2\/psk-portal\/"},"modified":"2018-05-10T15:02:11","modified_gmt":"2018-05-10T13:02:11","slug":"psk-portal","status":"publish","type":"page","link":"https:\/\/agh.sk\/de\/psk-portal","title":{"rendered":"PSK PORTAL"},"content":{"rendered":"<p>[vc_row][vc_column]<div  id=\"sc_promo_998978452\" \n\tclass=\"sc_promo sc_promo_default sc_promo_size_large sc_promo_no_paddings sc_promo_no_image\"><div class=\"sc_promo_text\" style=\"width: 100%;\">\n\t\t\t<div class=\"sc_promo_text_inner\" style=\"\"><h2 class=\"sc_item_title sc_promo_title sc_align_center sc_item_title_style_default\">PSK Portal<\/h2><h6 class=\"sc_item_subtitle sc_promo_subtitle sc_align_center sc_item_title_style_default\">Die T\u00fcren \u00f6ffnen, schieben und kippen \u2013 so wie Sie es gerade ben\u00f6tigen<\/h6><div class=\"sc_item_descr sc_promo_descr sc_align_center\">Offene und luftige R\u00e4ume mit Glasw\u00e4nden werden zum unabdingbaren Bestandteil der modernen Architektur. Die Objekte sind so konzipiert, dass sie m\u00f6glichst viel Tageslicht in die R\u00e4ume durchgelassen. PSK-PORTAL-Beschl\u00e4ge erm\u00f6glichen eine \u00e4sthetische und zweckbedingte Verbindung zwischen dem Interieur und dem Exterieur, ohne dass das Schiebesystem in Wege steht. Es gen\u00fcgt das T\u00fcrfl\u00fcgel parallel zur Seite zu schieben und gleich haben Sie einen ungest\u00f6rten Ausblick. Beim PSK-PORTAL-Bau verwenden wir verschiedene Arten vom Sicherheits- und Isolierglas, je nach Wunsch des Auftraggebers. Die Schiebesysteme sind absolut dicht und sie k\u00f6nnen mit einem Zentralgriff gesteuert werden.<\/div><div class=\"sc_promo_content sc_item_content\">[vc_column_text]<\/p>\n<p style=\"text-align: center;\"><em>Die Parallel-Schiebe-Kippt\u00fcren bed\u00fcrfen keinen extra Raum beim Schieben, deswegen sind sie auch f\u00fcr kleinere Objekte geeignet.<\/em><\/p>\n<p>[\/vc_column_text][vc_empty_space height=&#8220;&#8220; alter_height=&#8220;small&#8220; hide_on_mobile=&#8220;&#8220;][vc_row_inner][vc_column_inner width=&#8220;1\/2&#8243;][vc_column_text]<\/p>\n<ul class=\"trx_addons_list trx_addons_list_dot\">\n<li>Die einfache Bedienung und die Steuerung mit einem ergonomischen T\u00fcrgriff garantieren ein komfortables tagt\u00e4gliches Nutzen der Schiebet\u00fcren. Dank dem PSK PORTAL kann das Interieur komplett ge\u00f6ffnet werden und die Tageslicht kommt ohne Beschr\u00e4nkungen rein.<\/li>\n<li>Die T\u00fcrfl\u00fcgel vom PSK PORTAL kann man einfach in die L\u00fcftungsposition kippen, somit k\u00f6nnen Sie auf gleiche Weise wie mit Fenstern l\u00fcften. Massive Rahmen d\u00e4mmen sehr gut und es entsteht kein W\u00e4rmeverlust.<\/li>\n<\/ul>\n<p>[\/vc_column_text][\/vc_column_inner][vc_column_inner width=&#8220;1\/2&#8243;][vc_column_text]<\/p>\n<ul class=\"trx_addons_list trx_addons_list_dot\">\n<li>F\u00fcr PSK PORTALE bauen wir gro\u00dfformatige Schiebet\u00fcren mit einem Gewicht von bis zu 200 kg. Spezielle Leitschienen auf der oberen und unteren Seite des Rahmens erm\u00f6glichen einen reibungslosen Gang der T\u00fcr.<\/li>\n<li>Die PSK PORTAL Parallel-Schiebe-Kippt\u00fcren empfehlen wir insbesondere f\u00fcr Familienh\u00e4user und Wohnungen, wo man die R\u00e4ume und die \u00dcberg\u00e4nge auf die Terrasse oder zum Exterieur optisch vergr\u00f6\u00dfern m\u00f6chte.<\/li>\n<\/ul>\n<p>[\/vc_column_text][\/vc_column_inner][\/vc_row_inner][vc_separator css=&#8220;.vc_custom_1519037849552{margin-top: 4rem !important;margin-bottom: 5rem !important;}&#8220;]<\/div><\/div>\n\t\t<\/div><!-- \/.sc_promo_text --><\/div><!-- \/.sc_promo -->[\/vc_column][\/vc_row][vc_row][vc_column]<div  id=\"sc_promo_1013428235\" \n\tclass=\"sc_promo sc_promo_default sc_promo_size_large sc_promo_no_paddings sc_promo_no_image\"><div class=\"sc_promo_text\" style=\"width: 100%;\">\n\t\t\t<div class=\"sc_promo_text_inner\" style=\"\"><h2 class=\"sc_item_title sc_promo_title sc_align_center sc_item_title_style_default\">System der \u00d6ffnung der PSK PORTALE<\/h2><div class=\"sc_promo_content sc_item_content\">[vc_column_text]<\/p>\n<!-- index.php -->\n<div\n\tclass=\"ngg-galleryoverview ngg-ajax-pagination-none\"\n\tid=\"ngg-gallery-8f5cc6afe374aa122806be4480fce10a-1\">\n\n    \t\t<!-- Thumbnails -->\n\t\t\t\t<div id=\"ngg-image-0\" class=\"ngg-gallery-thumbnail-box\" >\n\t\t\t\t        <div class=\"ngg-gallery-thumbnail\">\n            <a href=\"https:\/\/agh.sk\/wp-content\/gallery\/psk-portal\/psk-portal-3.jpg\"\n               title=\"psk portal 1\"\n               data-src=\"https:\/\/agh.sk\/wp-content\/gallery\/psk-portal\/psk-portal-3.jpg\"\n               data-thumbnail=\"https:\/\/agh.sk\/wp-content\/gallery\/psk-portal\/thumbs\/thumbs_psk-portal-3.jpg\"\n               data-image-id=\"384\"\n               data-title=\"psk portal 1\"\n               data-description=\"psk portal 1\"\n               data-image-slug=\"psk-portal-3\"\n               >\n                <img\n                    title=\"psk portal 1\"\n                    alt=\"psk portal 1\"\n                    src=\"https:\/\/agh.sk\/wp-content\/gallery\/psk-portal\/cache\/psk-portal-3.jpg-nggid03384-ngg0dyn-270x100x100-00f0w010c011r110f110r010t010.jpg\"\n                    width=\"270\"\n                    height=\"100\"\n                    style=\"max-width:100%;\"\n                \/>\n            <\/a>\n        <\/div>\n\t\t\t\t\t\t\t<\/div> \n\t\t\t\n                            \n\t\t\t\t<div id=\"ngg-image-1\" class=\"ngg-gallery-thumbnail-box\" >\n\t\t\t\t        <div class=\"ngg-gallery-thumbnail\">\n            <a href=\"https:\/\/agh.sk\/wp-content\/gallery\/psk-portal\/psk-portal-4.jpg\"\n               title=\"psk portal 2\"\n               data-src=\"https:\/\/agh.sk\/wp-content\/gallery\/psk-portal\/psk-portal-4.jpg\"\n               data-thumbnail=\"https:\/\/agh.sk\/wp-content\/gallery\/psk-portal\/thumbs\/thumbs_psk-portal-4.jpg\"\n               data-image-id=\"383\"\n               data-title=\"psk portal 2\"\n               data-description=\"psk portal 2\"\n               data-image-slug=\"psk-portal-4\"\n               >\n                <img\n                    title=\"psk portal 2\"\n                    alt=\"psk portal 2\"\n                    src=\"https:\/\/agh.sk\/wp-content\/gallery\/psk-portal\/cache\/psk-portal-4.jpg-nggid03383-ngg0dyn-270x100x100-00f0w010c011r110f110r010t010.jpg\"\n                    width=\"270\"\n                    height=\"100\"\n                    style=\"max-width:100%;\"\n                \/>\n            <\/a>\n        <\/div>\n\t\t\t\t\t\t\t<\/div> \n\t\t\t\n                            \n\t\t\t\t<div id=\"ngg-image-2\" class=\"ngg-gallery-thumbnail-box\" >\n\t\t\t\t        <div class=\"ngg-gallery-thumbnail\">\n            <a href=\"https:\/\/agh.sk\/wp-content\/gallery\/psk-portal\/psk-portal-1.jpg\"\n               title=\"psk portal 3\"\n               data-src=\"https:\/\/agh.sk\/wp-content\/gallery\/psk-portal\/psk-portal-1.jpg\"\n               data-thumbnail=\"https:\/\/agh.sk\/wp-content\/gallery\/psk-portal\/thumbs\/thumbs_psk-portal-1.jpg\"\n               data-image-id=\"386\"\n               data-title=\"psk portal 3\"\n               data-description=\"psk portal 3\"\n               data-image-slug=\"psk-portal-1\"\n               >\n                <img\n                    title=\"psk portal 3\"\n                    alt=\"psk portal 3\"\n                    src=\"https:\/\/agh.sk\/wp-content\/gallery\/psk-portal\/cache\/psk-portal-1.jpg-nggid03386-ngg0dyn-270x100x100-00f0w010c011r110f110r010t010.jpg\"\n                    width=\"270\"\n                    height=\"100\"\n                    style=\"max-width:100%;\"\n                \/>\n            <\/a>\n        <\/div>\n\t\t\t\t\t\t\t<\/div> \n\t\t\t\n                            \n\t\t\t\t<div id=\"ngg-image-3\" class=\"ngg-gallery-thumbnail-box\" >\n\t\t\t\t        <div class=\"ngg-gallery-thumbnail\">\n            <a href=\"https:\/\/agh.sk\/wp-content\/gallery\/psk-portal\/psk-portal-2.jpg\"\n               title=\"psk portal 4\"\n               data-src=\"https:\/\/agh.sk\/wp-content\/gallery\/psk-portal\/psk-portal-2.jpg\"\n               data-thumbnail=\"https:\/\/agh.sk\/wp-content\/gallery\/psk-portal\/thumbs\/thumbs_psk-portal-2.jpg\"\n               data-image-id=\"385\"\n               data-title=\"psk portal 4\"\n               data-description=\"psk portal 4\"\n               data-image-slug=\"psk-portal-2\"\n               >\n                <img\n                    title=\"psk portal 4\"\n                    alt=\"psk portal 4\"\n                    src=\"https:\/\/agh.sk\/wp-content\/gallery\/psk-portal\/cache\/psk-portal-2.jpg-nggid03385-ngg0dyn-270x100x100-00f0w010c011r110f110r010t010.jpg\"\n                    width=\"270\"\n                    height=\"100\"\n                    style=\"max-width:100%;\"\n                \/>\n            <\/a>\n        <\/div>\n\t\t\t\t\t\t\t<\/div> \n\t\t\t\n                                    <br style=\"clear: both\" \/>\n                    \n\t\t\n\t\t<!-- Pagination -->\n\t<div class='ngg-clear'><\/div>\t<\/div>\n\n<p>[\/vc_column_text][vc_empty_space hide_on_mobile=&#8220;&#8220;]<\/div><\/div>\n\t\t<\/div><!-- \/.sc_promo_text --><\/div><!-- \/.sc_promo -->[vc_separator css=&#8220;.vc_custom_1519037911478{margin-top: 4rem !important;margin-bottom: 5rem !important;}&#8220;][\/vc_column][\/vc_row][vc_row][vc_column width=&#8220;1\/2&#8243;][vc_single_image image=&#8220;2978&#8243; img_size=&#8220;570&#215;323&#8243;][\/vc_column][vc_column width=&#8220;1\/2&#8243;][\/vc_column][\/vc_row]<\/p>\n","protected":false},"excerpt":{"rendered":"<p>[vc_row][vc_column][\/vc_column][\/vc_row][vc_row][vc_column][vc_separator css=&#8220;.vc_custom_1519037911478{margin-top: 4rem !important;margin-bottom: 5rem !important;}&#8220;][\/vc_column][\/vc_row][vc_row][vc_column width=&#8220;1\/2&#8243;][vc_single_image image=&#8220;2978&#8243; img_size=&#8220;570&#215;323&#8243;][\/vc_column][vc_column width=&#8220;1\/2&#8243;][\/vc_column][\/vc_row]<\/p>\n","protected":false},"author":1,"featured_media":0,"parent":3958,"menu_order":0,"comment_status":"closed","ping_status":"closed","template":"","meta":{"_exactmetrics_skip_tracking":false,"_exactmetrics_sitenote_active":false,"_exactmetrics_sitenote_note":"","_exactmetrics_sitenote_category":0,"ngg_post_thumbnail":0},"yoast_head":"<!-- This site is optimized with the Yoast SEO plugin v19.5.1 - https:\/\/yoast.com\/wordpress\/plugins\/seo\/ -->\n<title>PSK PORTAL - Juraj \u00c1gh - \u00c1GH STOL\u00c1RSTVO<\/title>\n<meta name=\"robots\" content=\"index, follow, max-snippet:-1, max-image-preview:large, max-video-preview:-1\" \/>\n<link rel=\"canonical\" href=\"https:\/\/agh.sk\/de\/psk-portal\/\" \/>\n<meta property=\"og:locale\" content=\"de_DE\" \/>\n<meta property=\"og:type\" content=\"article\" \/>\n<meta property=\"og:title\" content=\"PSK PORTAL - Juraj \u00c1gh - \u00c1GH STOL\u00c1RSTVO\" \/>\n<meta property=\"og:description\" content=\"[vc_row][vc_column][\/vc_column][\/vc_row][vc_row][vc_column][vc_separator css=&#8220;.vc_custom_1519037911478{margin-top: 4rem !important;margin-bottom: 5rem !important;}&#8220;][\/vc_column][\/vc_row][vc_row][vc_column width=&#8220;1\/2&#8243;][vc_single_image image=&#8220;2978&#8243; img_size=&#8220;570&#215;323&#8243;][\/vc_column][vc_column width=&#8220;1\/2&#8243;][\/vc_column][\/vc_row]\" \/>\n<meta property=\"og:url\" content=\"https:\/\/agh.sk\/de\/psk-portal\/\" \/>\n<meta property=\"og:site_name\" content=\"Juraj \u00c1gh - \u00c1GH STOL\u00c1RSTVO\" \/>\n<meta property=\"article:publisher\" content=\"https:\/\/www.facebook.com\/GH-okn-a-dvere-sro-745662738825627\/\" \/>\n<meta property=\"article:modified_time\" content=\"2018-05-10T13:02:11+00:00\" \/>\n<meta name=\"twitter:card\" content=\"summary_large_image\" \/>\n<meta name=\"twitter:label1\" content=\"Gesch\u00e4tzte Lesezeit\" \/>\n\t<meta name=\"twitter:data1\" content=\"3\u00a0Minuten\" \/>\n<script type=\"application\/ld+json\" class=\"yoast-schema-graph\">{\"@context\":\"https:\/\/schema.org\",\"@graph\":[{\"@type\":\"WebPage\",\"@id\":\"https:\/\/agh.sk\/de\/psk-portal\/\",\"url\":\"https:\/\/agh.sk\/de\/psk-portal\/\",\"name\":\"PSK PORTAL - Juraj \u00c1gh - \u00c1GH STOL\u00c1RSTVO\",\"isPartOf\":{\"@id\":\"https:\/\/agh.sk\/#website\"},\"datePublished\":\"2017-10-10T08:46:00+00:00\",\"dateModified\":\"2018-05-10T13:02:11+00:00\",\"breadcrumb\":{\"@id\":\"https:\/\/agh.sk\/de\/psk-portal\/#breadcrumb\"},\"inLanguage\":\"de\",\"potentialAction\":[{\"@type\":\"ReadAction\",\"target\":[\"https:\/\/agh.sk\/de\/psk-portal\/\"]}]},{\"@type\":\"BreadcrumbList\",\"@id\":\"https:\/\/agh.sk\/de\/psk-portal\/#breadcrumb\",\"itemListElement\":[{\"@type\":\"ListItem\",\"position\":1,\"name\":\"Domov\",\"item\":\"https:\/\/agh.sk\/de\/domov\/\"},{\"@type\":\"ListItem\",\"position\":2,\"name\":\"Schiebesysteme\",\"item\":\"https:\/\/agh.sk\/de\/posuvne-systemy\/\"},{\"@type\":\"ListItem\",\"position\":3,\"name\":\"PSK PORTAL\"}]},{\"@type\":\"WebSite\",\"@id\":\"https:\/\/agh.sk\/#website\",\"url\":\"https:\/\/agh.sk\/\",\"name\":\"Juraj \u00c1gh - \u00c1GH STOL\u00c1RSTVO\",\"description\":\"Okn\u00e1 a dvere\",\"potentialAction\":[{\"@type\":\"SearchAction\",\"target\":{\"@type\":\"EntryPoint\",\"urlTemplate\":\"https:\/\/agh.sk\/?s={search_term_string}\"},\"query-input\":\"required name=search_term_string\"}],\"inLanguage\":\"de\"}]}<\/script>\n<!-- \/ Yoast SEO plugin. -->","yoast_head_json":{"title":"PSK PORTAL - Juraj \u00c1gh - \u00c1GH STOL\u00c1RSTVO","robots":{"index":"index","follow":"follow","max-snippet":"max-snippet:-1","max-image-preview":"max-image-preview:large","max-video-preview":"max-video-preview:-1"},"canonical":"https:\/\/agh.sk\/de\/psk-portal\/","og_locale":"de_DE","og_type":"article","og_title":"PSK PORTAL - Juraj \u00c1gh - \u00c1GH STOL\u00c1RSTVO","og_description":"[vc_row][vc_column][\/vc_column][\/vc_row][vc_row][vc_column][vc_separator css=&#8220;.vc_custom_1519037911478{margin-top: 4rem !important;margin-bottom: 5rem !important;}&#8220;][\/vc_column][\/vc_row][vc_row][vc_column width=&#8220;1\/2&#8243;][vc_single_image image=&#8220;2978&#8243; img_size=&#8220;570&#215;323&#8243;][\/vc_column][vc_column width=&#8220;1\/2&#8243;][\/vc_column][\/vc_row]","og_url":"https:\/\/agh.sk\/de\/psk-portal\/","og_site_name":"Juraj \u00c1gh - \u00c1GH STOL\u00c1RSTVO","article_publisher":"https:\/\/www.facebook.com\/GH-okn-a-dvere-sro-745662738825627\/","article_modified_time":"2018-05-10T13:02:11+00:00","twitter_card":"summary_large_image","twitter_misc":{"Gesch\u00e4tzte Lesezeit":"3\u00a0Minuten"},"schema":{"@context":"https:\/\/schema.org","@graph":[{"@type":"WebPage","@id":"https:\/\/agh.sk\/de\/psk-portal\/","url":"https:\/\/agh.sk\/de\/psk-portal\/","name":"PSK PORTAL - Juraj \u00c1gh - \u00c1GH STOL\u00c1RSTVO","isPartOf":{"@id":"https:\/\/agh.sk\/#website"},"datePublished":"2017-10-10T08:46:00+00:00","dateModified":"2018-05-10T13:02:11+00:00","breadcrumb":{"@id":"https:\/\/agh.sk\/de\/psk-portal\/#breadcrumb"},"inLanguage":"de","potentialAction":[{"@type":"ReadAction","target":["https:\/\/agh.sk\/de\/psk-portal\/"]}]},{"@type":"BreadcrumbList","@id":"https:\/\/agh.sk\/de\/psk-portal\/#breadcrumb","itemListElement":[{"@type":"ListItem","position":1,"name":"Domov","item":"https:\/\/agh.sk\/de\/domov\/"},{"@type":"ListItem","position":2,"name":"Schiebesysteme","item":"https:\/\/agh.sk\/de\/posuvne-systemy\/"},{"@type":"ListItem","position":3,"name":"PSK PORTAL"}]},{"@type":"WebSite","@id":"https:\/\/agh.sk\/#website","url":"https:\/\/agh.sk\/","name":"Juraj \u00c1gh - \u00c1GH STOL\u00c1RSTVO","description":"Okn\u00e1 a dvere","potentialAction":[{"@type":"SearchAction","target":{"@type":"EntryPoint","urlTemplate":"https:\/\/agh.sk\/?s={search_term_string}"},"query-input":"required name=search_term_string"}],"inLanguage":"de"}]}},"_links":{"self":[{"href":"https:\/\/agh.sk\/de\/wp-json\/wp\/v2\/pages\/3959"}],"collection":[{"href":"https:\/\/agh.sk\/de\/wp-json\/wp\/v2\/pages"}],"about":[{"href":"https:\/\/agh.sk\/de\/wp-json\/wp\/v2\/types\/page"}],"author":[{"embeddable":true,"href":"https:\/\/agh.sk\/de\/wp-json\/wp\/v2\/users\/1"}],"replies":[{"embeddable":true,"href":"https:\/\/agh.sk\/de\/wp-json\/wp\/v2\/comments?post=3959"}],"version-history":[{"count":2,"href":"https:\/\/agh.sk\/de\/wp-json\/wp\/v2\/pages\/3959\/revisions"}],"predecessor-version":[{"id":4043,"href":"https:\/\/agh.sk\/de\/wp-json\/wp\/v2\/pages\/3959\/revisions\/4043"}],"up":[{"embeddable":true,"href":"https:\/\/agh.sk\/de\/wp-json\/wp\/v2\/pages\/3958"}],"wp:attachment":[{"href":"https:\/\/agh.sk\/de\/wp-json\/wp\/v2\/media?parent=3959"}],"curies":[{"name":"wp","href":"https:\/\/api.w.org\/{rel}","templated":true}]}}