{"id":3958,"date":"2017-10-10T11:03:02","date_gmt":"2017-10-10T09:03:02","guid":{"rendered":"https:\/\/agh.sk\/posuvne-systemy-2\/"},"modified":"2018-05-21T14:39:03","modified_gmt":"2018-05-21T12:39:03","slug":"posuvne-systemy-2","status":"publish","type":"page","link":"https:\/\/agh.sk\/de\/posuvne-systemy","title":{"rendered":"Schiebesysteme"},"content":{"rendered":"<p>[vc_row][vc_column]<div  id=\"sc_promo_1562644457\" \n\tclass=\"sc_promo sc_promo_default sc_promo_size_large sc_promo_no_paddings sc_promo_no_image\"><div class=\"sc_promo_text\" style=\"width: 100%;\">\n\t\t\t<div class=\"sc_promo_text_inner\" style=\"\"><h2 class=\"sc_item_title sc_promo_title sc_align_center sc_item_title_style_default\">Schiebesysteme<\/h2><h6 class=\"sc_item_subtitle sc_promo_subtitle sc_align_center sc_item_title_style_default\">G\u00f6nnen Sie sich einen unbeschr\u00e4nkten Ausblick<\/h6><div class=\"sc_item_descr sc_promo_descr sc_align_center\">Praktische Schiebet\u00fcrsysteme erm\u00f6glichen Ihnen einen ungest\u00f6rten Ausblick auf Ihren Garten oder Terrasse zu genie\u00dfen. Dazu sind sie ein Designelement, das jedes Haus versch\u00f6nert. Die Schiebesysteme verbinden den Innenraum mit dem Exterieur auf eine elegante Weise, zugleich d\u00e4mmen sie ausgezeichnet und verleihen ein Sicherheitsgef\u00fchl. Die Schiebesysteme bauen wir aus dem hochwertigsten und dauerhaften Holz, was ihre lange Lebensdauer und Ihr Kostenersparnis garantiert. Die Schiebesysteme erf\u00fcllen ihren Zweck auch in R\u00e4umen, wo ein barrierefreier Zugang notwendig ist. Dies kann die Lebensqualit\u00e4t von Menschen mit Behinderungen oder Bewegungsbeschwerden wesentlich verbessern.<\/div><div class=\"sc_promo_content sc_item_content\">[vc_column_text]<\/p>\n<p style=\"text-align: center;\"><em>Schiebet\u00fcrsysteme werden Ihre strengsten Anforderungen an Design, Sicherheit und einfache Bedienung erf\u00fcllen.<\/em><\/p>\n<p>[\/vc_column_text][vc_empty_space alter_height=&#8220;small&#8220; hide_on_mobile=&#8220;&#8220;]<\/div><\/div>\n\t\t<\/div><!-- \/.sc_promo_text --><\/div><!-- \/.sc_promo -->[vc_empty_space hide_on_mobile=&#8220;&#8220;][\/vc_column][\/vc_row][vc_row][vc_column width=&#8220;1\/3&#8243; css=&#8220;.vc_custom_1507550970372{padding-right: 0px !important;padding-left: 0px !important;background-color: #f7f7f7 !important;}&#8220; el_class=&#8220;columnborder&#8220;]<div id=\"sc_title_1189656474\"\n\t\tclass=\"scheme_default sc_title sc_title_default title  vc_custom_1525954190486\"><h2 class=\"sc_item_title sc_title_title sc_align_default sc_item_title_style_default\">HS PORTAL<\/h2><\/div><!-- \/.sc_title -->[vc_single_image image=&#8220;2665&#8243; img_size=&#8220;380&#215;252&#8243; alignment=&#8220;center&#8220; el_class=&#8220;foto&#8220;][vc_empty_space height=&#8220;16px&#8220; hide_on_mobile=&#8220;&#8220;][vc_column_text css=&#8220;.vc_custom_1525954215597{padding-top: 10px !important;padding-right: 10px !important;padding-bottom: 10px !important;padding-left: 10px !important;}&#8220;]Das Mechanismus vom Hebe-Schiebe-System hebt ein Fl\u00fcgel, dank wessen man den Innenraum mit dem Exterieur Ihres Hauses verbinden kann. Das Schiebesystem ist auch f\u00fcr gro\u00dfformatige T\u00fcren mit einem Gewicht von bis zu 400 kg geeignet. [\/vc_column_text][vc_empty_space height=&#8220;16px&#8220; hide_on_mobile=&#8220;&#8220;]<div class=\"sc_item_button sc_button_wrap sc_align_center\"><a href=\"https:\/\/agh.sk\/de\/hs-portal\"\n\t id=\"sc_button_1928029028\" \n\tclass=\"sc_button sc_button_default sc_button_size_large sc_button_icon_left\"\n\t\t><span class=\"sc_button_text sc_align_center\"><span class=\"sc_button_title\">ANZEIGEN<\/span><\/span><!-- \/.sc_button_text --><\/a><!-- \/.sc_button --><\/div><!-- \/.sc_item_button -->[vc_empty_space height=&#8220;16px&#8220; hide_on_mobile=&#8220;&#8220;][\/vc_column][vc_column width=&#8220;1\/3&#8243; css=&#8220;.vc_custom_1507550957712{padding-right: 0px !important;padding-left: 0px !important;background-color: #f7f7f7 !important;}&#8220; el_class=&#8220;columnborder&#8220;]<div id=\"sc_title_347431501\"\n\t\tclass=\"scheme_default sc_title sc_title_default title  vc_custom_1525954243052\"><h2 class=\"sc_item_title sc_title_title sc_align_default sc_item_title_style_default\">FS PORTAL<\/h2><\/div><!-- \/.sc_title -->[vc_single_image image=&#8220;2660&#8243; img_size=&#8220;380&#215;252&#8243; alignment=&#8220;center&#8220; el_class=&#8220;foto&#8220;][vc_empty_space height=&#8220;16px&#8220; hide_on_mobile=&#8220;&#8220;][vc_column_text css=&#8220;.vc_custom_1525954290468{padding-top: 10px !important;padding-right: 10px !important;padding-bottom: 10px !important;padding-left: 10px !important;}&#8220;]Schiebet\u00fcren mit einem Faltsystem werden meistens in gro\u00dfen R\u00e4umen gen\u00fctzt. Die einzelnen T\u00fcrteile erzielen beim Schieben ein Ziehharmonikaeffekt und somit sparen sie Platz im Interieur. [\/vc_column_text][vc_empty_space height=&#8220;16px&#8220; hide_on_mobile=&#8220;&#8220;]<div class=\"sc_item_button sc_button_wrap sc_align_center\"><a href=\"https:\/\/agh.sk\/de\/fs-portal\"\n\t id=\"sc_button_1078674346\" \n\tclass=\"sc_button sc_button_default sc_button_size_large sc_button_icon_left\"\n\t\t><span class=\"sc_button_text sc_align_center\"><span class=\"sc_button_title\">ANZEIGEN<\/span><\/span><!-- \/.sc_button_text --><\/a><!-- \/.sc_button --><\/div><!-- \/.sc_item_button -->[vc_empty_space height=&#8220;16px&#8220; hide_on_mobile=&#8220;&#8220;][\/vc_column][vc_column width=&#8220;1\/3&#8243; css=&#8220;.vc_custom_1507550965138{padding-right: 0px !important;padding-left: 0px !important;background-color: #f7f7f7 !important;}&#8220; el_class=&#8220;columnborder&#8220;]<div id=\"sc_title_1284179348\"\n\t\tclass=\"scheme_default sc_title sc_title_default title  vc_custom_1525954312324\"><h2 class=\"sc_item_title sc_title_title sc_align_default sc_item_title_style_default\">PSK PORTAL<\/h2><\/div><!-- \/.sc_title -->[vc_single_image image=&#8220;2663&#8243; img_size=&#8220;380&#215;252&#8243; alignment=&#8220;center&#8220; el_class=&#8220;foto&#8220;][vc_empty_space height=&#8220;16px&#8220; hide_on_mobile=&#8220;&#8220;][vc_column_text css=&#8220;.vc_custom_1525954327196{padding-top: 10px !important;padding-right: 10px !important;padding-bottom: 10px !important;padding-left: 10px !important;}&#8220;]Ein einfaches System zum \u00d6ffnen von gro\u00dfen Glast\u00fcren, die Sie nicht nur schieben, sondern auch kippen und somit zum L\u00fcften benutzen k\u00f6nnen. Die komfortable Bedienung wird durch einen Zentralgriff gesichert.[\/vc_column_text][vc_empty_space height=&#8220;16px&#8220; hide_on_mobile=&#8220;&#8220;]<div class=\"sc_item_button sc_button_wrap sc_align_center\"><a href=\"https:\/\/agh.sk\/de\/psk-portal\"\n\t id=\"sc_button_1253762589\" \n\tclass=\"sc_button sc_button_default sc_button_size_large sc_button_icon_left\"\n\t\t><span class=\"sc_button_text sc_align_center\"><span class=\"sc_button_title\">ANZEIGEN<\/span><\/span><!-- \/.sc_button_text --><\/a><!-- \/.sc_button --><\/div><!-- \/.sc_item_button -->[vc_empty_space height=&#8220;16px&#8220; hide_on_mobile=&#8220;&#8220;][\/vc_column][\/vc_row]<\/p>\n","protected":false},"excerpt":{"rendered":"<p>[vc_row][vc_column][vc_empty_space hide_on_mobile=&#8220;&#8220;][\/vc_column][\/vc_row][vc_row][vc_column width=&#8220;1\/3&#8243; css=&#8220;.vc_custom_1507550970372{padding-right: 0px !important;padding-left: 0px !important;background-color: #f7f7f7 !important;}&#8220; el_class=&#8220;columnborder&#8220;][vc_single_image image=&#8220;2665&#8243; img_size=&#8220;380&#215;252&#8243; alignment=&#8220;center&#8220; el_class=&#8220;foto&#8220;][vc_empty_space height=&#8220;16px&#8220; hide_on_mobile=&#8220;&#8220;][vc_column_text css=&#8220;.vc_custom_1525954215597{padding-top: 10px !important;padding-right: 10px !important;padding-bottom: 10px !important;padding-left: 10px !important;}&#8220;]Das Mechanismus vom Hebe-Schiebe-System hebt ein Fl\u00fcgel, dank wessen man den Innenraum mit dem Exterieur Ihres Hauses verbinden kann. Das Schiebesystem ist auch f\u00fcr gro\u00dfformatige T\u00fcren mit einem Gewicht von bis zu 400 kg geeignet.&hellip;<\/p>\n","protected":false},"author":1,"featured_media":0,"parent":0,"menu_order":0,"comment_status":"closed","ping_status":"closed","template":"","meta":{"_exactmetrics_skip_tracking":false,"_exactmetrics_sitenote_active":false,"_exactmetrics_sitenote_note":"","_exactmetrics_sitenote_category":0,"ngg_post_thumbnail":0},"yoast_head":"<!-- This site is optimized with the Yoast SEO plugin v19.5.1 - https:\/\/yoast.com\/wordpress\/plugins\/seo\/ -->\n<title>Schiebesysteme - Juraj \u00c1gh - \u00c1GH STOL\u00c1RSTVO<\/title>\n<meta name=\"robots\" content=\"index, follow, max-snippet:-1, max-image-preview:large, max-video-preview:-1\" \/>\n<link rel=\"canonical\" href=\"https:\/\/agh.sk\/de\/posuvne-systemy\/\" \/>\n<meta property=\"og:locale\" content=\"de_DE\" \/>\n<meta property=\"og:type\" content=\"article\" \/>\n<meta property=\"og:title\" content=\"Schiebesysteme - Juraj \u00c1gh - \u00c1GH STOL\u00c1RSTVO\" \/>\n<meta property=\"og:description\" content=\"[vc_row][vc_column][vc_empty_space hide_on_mobile=&#8220;&#8220;][\/vc_column][\/vc_row][vc_row][vc_column width=&#8220;1\/3&#8243; css=&#8220;.vc_custom_1507550970372{padding-right: 0px !important;padding-left: 0px !important;background-color: #f7f7f7 !important;}&#8220; el_class=&#8220;columnborder&#8220;][vc_single_image image=&#8220;2665&#8243; img_size=&#8220;380&#215;252&#8243; alignment=&#8220;center&#8220; el_class=&#8220;foto&#8220;][vc_empty_space height=&#8220;16px&#8220; hide_on_mobile=&#8220;&#8220;][vc_column_text css=&#8220;.vc_custom_1525954215597{padding-top: 10px !important;padding-right: 10px !important;padding-bottom: 10px !important;padding-left: 10px !important;}&#8220;]Das Mechanismus vom Hebe-Schiebe-System hebt ein Fl\u00fcgel, dank wessen man den Innenraum mit dem Exterieur Ihres Hauses verbinden kann. Das Schiebesystem ist auch f\u00fcr gro\u00dfformatige T\u00fcren mit einem Gewicht von bis zu 400 kg geeignet.&hellip;\" \/>\n<meta property=\"og:url\" content=\"https:\/\/agh.sk\/de\/posuvne-systemy\/\" \/>\n<meta property=\"og:site_name\" content=\"Juraj \u00c1gh - \u00c1GH STOL\u00c1RSTVO\" \/>\n<meta property=\"article:publisher\" content=\"https:\/\/www.facebook.com\/GH-okn-a-dvere-sro-745662738825627\/\" \/>\n<meta property=\"article:modified_time\" content=\"2018-05-21T12:39:03+00:00\" \/>\n<meta name=\"twitter:card\" content=\"summary_large_image\" \/>\n<meta name=\"twitter:label1\" content=\"Gesch\u00e4tzte Lesezeit\" \/>\n\t<meta name=\"twitter:data1\" content=\"4\u00a0Minuten\" \/>\n<script type=\"application\/ld+json\" class=\"yoast-schema-graph\">{\"@context\":\"https:\/\/schema.org\",\"@graph\":[{\"@type\":\"WebPage\",\"@id\":\"https:\/\/agh.sk\/de\/posuvne-systemy\/\",\"url\":\"https:\/\/agh.sk\/de\/posuvne-systemy\/\",\"name\":\"Schiebesysteme - Juraj \u00c1gh - \u00c1GH STOL\u00c1RSTVO\",\"isPartOf\":{\"@id\":\"https:\/\/agh.sk\/#website\"},\"datePublished\":\"2017-10-10T09:03:02+00:00\",\"dateModified\":\"2018-05-21T12:39:03+00:00\",\"breadcrumb\":{\"@id\":\"https:\/\/agh.sk\/de\/posuvne-systemy\/#breadcrumb\"},\"inLanguage\":\"de\",\"potentialAction\":[{\"@type\":\"ReadAction\",\"target\":[\"https:\/\/agh.sk\/de\/posuvne-systemy\/\"]}]},{\"@type\":\"BreadcrumbList\",\"@id\":\"https:\/\/agh.sk\/de\/posuvne-systemy\/#breadcrumb\",\"itemListElement\":[{\"@type\":\"ListItem\",\"position\":1,\"name\":\"Domov\",\"item\":\"https:\/\/agh.sk\/de\/domov\/\"},{\"@type\":\"ListItem\",\"position\":2,\"name\":\"Schiebesysteme\"}]},{\"@type\":\"WebSite\",\"@id\":\"https:\/\/agh.sk\/#website\",\"url\":\"https:\/\/agh.sk\/\",\"name\":\"Juraj \u00c1gh - \u00c1GH STOL\u00c1RSTVO\",\"description\":\"Okn\u00e1 a dvere\",\"potentialAction\":[{\"@type\":\"SearchAction\",\"target\":{\"@type\":\"EntryPoint\",\"urlTemplate\":\"https:\/\/agh.sk\/?s={search_term_string}\"},\"query-input\":\"required name=search_term_string\"}],\"inLanguage\":\"de\"}]}<\/script>\n<!-- \/ Yoast SEO plugin. -->","yoast_head_json":{"title":"Schiebesysteme - Juraj \u00c1gh - \u00c1GH STOL\u00c1RSTVO","robots":{"index":"index","follow":"follow","max-snippet":"max-snippet:-1","max-image-preview":"max-image-preview:large","max-video-preview":"max-video-preview:-1"},"canonical":"https:\/\/agh.sk\/de\/posuvne-systemy\/","og_locale":"de_DE","og_type":"article","og_title":"Schiebesysteme - Juraj \u00c1gh - \u00c1GH STOL\u00c1RSTVO","og_description":"[vc_row][vc_column][vc_empty_space hide_on_mobile=&#8220;&#8220;][\/vc_column][\/vc_row][vc_row][vc_column width=&#8220;1\/3&#8243; css=&#8220;.vc_custom_1507550970372{padding-right: 0px !important;padding-left: 0px !important;background-color: #f7f7f7 !important;}&#8220; el_class=&#8220;columnborder&#8220;][vc_single_image image=&#8220;2665&#8243; img_size=&#8220;380&#215;252&#8243; alignment=&#8220;center&#8220; el_class=&#8220;foto&#8220;][vc_empty_space height=&#8220;16px&#8220; hide_on_mobile=&#8220;&#8220;][vc_column_text css=&#8220;.vc_custom_1525954215597{padding-top: 10px !important;padding-right: 10px !important;padding-bottom: 10px !important;padding-left: 10px !important;}&#8220;]Das Mechanismus vom Hebe-Schiebe-System hebt ein Fl\u00fcgel, dank wessen man den Innenraum mit dem Exterieur Ihres Hauses verbinden kann. Das Schiebesystem ist auch f\u00fcr gro\u00dfformatige T\u00fcren mit einem Gewicht von bis zu 400 kg geeignet.&hellip;","og_url":"https:\/\/agh.sk\/de\/posuvne-systemy\/","og_site_name":"Juraj \u00c1gh - \u00c1GH STOL\u00c1RSTVO","article_publisher":"https:\/\/www.facebook.com\/GH-okn-a-dvere-sro-745662738825627\/","article_modified_time":"2018-05-21T12:39:03+00:00","twitter_card":"summary_large_image","twitter_misc":{"Gesch\u00e4tzte Lesezeit":"4\u00a0Minuten"},"schema":{"@context":"https:\/\/schema.org","@graph":[{"@type":"WebPage","@id":"https:\/\/agh.sk\/de\/posuvne-systemy\/","url":"https:\/\/agh.sk\/de\/posuvne-systemy\/","name":"Schiebesysteme - Juraj \u00c1gh - \u00c1GH STOL\u00c1RSTVO","isPartOf":{"@id":"https:\/\/agh.sk\/#website"},"datePublished":"2017-10-10T09:03:02+00:00","dateModified":"2018-05-21T12:39:03+00:00","breadcrumb":{"@id":"https:\/\/agh.sk\/de\/posuvne-systemy\/#breadcrumb"},"inLanguage":"de","potentialAction":[{"@type":"ReadAction","target":["https:\/\/agh.sk\/de\/posuvne-systemy\/"]}]},{"@type":"BreadcrumbList","@id":"https:\/\/agh.sk\/de\/posuvne-systemy\/#breadcrumb","itemListElement":[{"@type":"ListItem","position":1,"name":"Domov","item":"https:\/\/agh.sk\/de\/domov\/"},{"@type":"ListItem","position":2,"name":"Schiebesysteme"}]},{"@type":"WebSite","@id":"https:\/\/agh.sk\/#website","url":"https:\/\/agh.sk\/","name":"Juraj \u00c1gh - \u00c1GH STOL\u00c1RSTVO","description":"Okn\u00e1 a dvere","potentialAction":[{"@type":"SearchAction","target":{"@type":"EntryPoint","urlTemplate":"https:\/\/agh.sk\/?s={search_term_string}"},"query-input":"required name=search_term_string"}],"inLanguage":"de"}]}},"_links":{"self":[{"href":"https:\/\/agh.sk\/de\/wp-json\/wp\/v2\/pages\/3958"}],"collection":[{"href":"https:\/\/agh.sk\/de\/wp-json\/wp\/v2\/pages"}],"about":[{"href":"https:\/\/agh.sk\/de\/wp-json\/wp\/v2\/types\/page"}],"author":[{"embeddable":true,"href":"https:\/\/agh.sk\/de\/wp-json\/wp\/v2\/users\/1"}],"replies":[{"embeddable":true,"href":"https:\/\/agh.sk\/de\/wp-json\/wp\/v2\/comments?post=3958"}],"version-history":[{"count":3,"href":"https:\/\/agh.sk\/de\/wp-json\/wp\/v2\/pages\/3958\/revisions"}],"predecessor-version":[{"id":4266,"href":"https:\/\/agh.sk\/de\/wp-json\/wp\/v2\/pages\/3958\/revisions\/4266"}],"wp:attachment":[{"href":"https:\/\/agh.sk\/de\/wp-json\/wp\/v2\/media?parent=3958"}],"curies":[{"name":"wp","href":"https:\/\/api.w.org\/{rel}","templated":true}]}}